{"id":3701,"date":"2017-10-05T16:35:25","date_gmt":"2017-10-05T14:35:25","guid":{"rendered":"https:\/\/linares.salesianos.edu\/centrojuvenil\/?page_id=3701"},"modified":"2022-10-13T20:55:35","modified_gmt":"2022-10-13T18:55:35","slug":"quienessomos","status":"publish","type":"page","link":"https:\/\/linares.salesianos.edu\/centrojuvenil\/quienessomos\/","title":{"rendered":"\u00bfQui\u00e9nes somos?"},"content":{"rendered":"<div id=\"fb-root\"><\/div>\n<p>[et_pb_section fb_built=\u00bb1&#8243; fullwidth=\u00bbon\u00bb _builder_version=\u00bb4.16&#8243; global_colors_info=\u00bb{}\u00bb][et_pb_fullwidth_header title=\u00bb\u00bfQuienes somos?\u00bb title_font_color=\u00bb#ffffff\u00bb module_class=\u00bbpagina-imagen-cabecera\u00bb _builder_version=\u00bb4.18.0&#8243; title_text_color=\u00bb#ffffff\u00bb title_font_size=\u00bb40px\u00bb background_color=\u00bbrgba(255, 255, 255, 0)\u00bb background_image=\u00bbhttps:\/\/linares.salesianos.edu\/centrojuvenil\/wp-content\/uploads\/sites\/17\/2021\/02\/encabezado_noticias_casa-min-1.png\u00bb background_layout=\u00bblight\u00bb max_width_tablet=\u00bb50px\u00bb hover_enabled=\u00bb0&#8243; background_url=\u00bbhttp:\/\/malaga.salesianos.edu\/wp-content\/uploads\/2017\/02\/Foto-de-portad_sin_letras.png\u00bb global_colors_info=\u00bb{}\u00bb button_one_text_size__hover_enabled=\u00bboff\u00bb button_two_text_size__hover_enabled=\u00bboff\u00bb button_one_text_color__hover_enabled=\u00bboff\u00bb button_two_text_color__hover_enabled=\u00bboff\u00bb button_one_border_width__hover_enabled=\u00bboff\u00bb button_two_border_width__hover_enabled=\u00bboff\u00bb button_one_border_color__hover_enabled=\u00bboff\u00bb button_two_border_color__hover_enabled=\u00bboff\u00bb button_one_border_radius__hover_enabled=\u00bboff\u00bb button_two_border_radius__hover_enabled=\u00bboff\u00bb button_one_letter_spacing__hover_enabled=\u00bboff\u00bb button_two_letter_spacing__hover_enabled=\u00bboff\u00bb button_one_bg_color__hover_enabled=\u00bboff\u00bb button_two_bg_color__hover_enabled=\u00bboff\u00bb title_text=\u00bbencabezado_noticias_casa-min-1&#8243; sticky_enabled=\u00bb0&#8243;][\/et_pb_fullwidth_header][\/et_pb_section][et_pb_section fb_built=\u00bb1&#8243; _builder_version=\u00bb4.16&#8243; global_colors_info=\u00bb{}\u00bb][et_pb_row _builder_version=\u00bb4.16&#8243; global_colors_info=\u00bb{}\u00bb][et_pb_column type=\u00bb4_4&#8243; _builder_version=\u00bb4.16&#8243; custom_padding=\u00bb|||\u00bb global_colors_info=\u00bb{}\u00bb custom_padding__hover=\u00bb|||\u00bb][et_pb_text _builder_version=\u00bb4.16&#8243; global_colors_info=\u00bb{}\u00bb]\u00bfQu\u00e9 es el Centro Juvenil?<br \/>\nEl Centro Juvenil es una asociaci\u00f3n que pertenece al Movimiento Juvenil Salesiano. Es una asociaci\u00f3n inspirada en el esp\u00edritu y estilo de Don Bosco y Madre Mazarello<br \/>\nEl Movimiento Juvenil Salesiano se considera un movimiento educativo-pastoral de referencia, que se ofrece a todos los j\u00f3venes ofertando diversos niveles de identificaci\u00f3n y con m\u00ednimas exigencias de coordinaci\u00f3n. El MJS se defino como:<br \/>\nJuvenil, porque lo formamos j\u00f3venes protagonistas de nuestro desarrollo educativo, as\u00ed como por el estilo y por la modalidad de animaci\u00f3n y compromiso que llevamos.<\/p>\n<p>Educativo, porque se convierte para nosotros en el ambiente donde experimentamos la alegr\u00eda de la vida, lo que nos ayuda a crecer como personas y como cristianos.<\/p>\n<p>Mundial, porque va mucho m\u00e1s all\u00e1 de nuestras realidades concretas. Est\u00e1 extendido por todo el mundo y se abre a la colaboraci\u00f3n y al servicio de causas universales<\/p>\n<p>El MJS anima y promueve la comunicaci\u00f3n de los valores salesianos, que se manifiestan en un proyecto de vida cristiano, con estilo salesiano, y su inserci\u00f3n activa en el propio ambiente juvenil, social y eclesial a todos los niveles.<\/p>\n<p>\u00bfQui\u00e9nes componen el Centro Juvenil?<\/p>\n<p>El \u201cCoraz\u00f3n\u201d del CJS son los animadores y educadores, que le dan vida y lo promueven en cada una de las obras locales. Ellos son responsables de transmitir la Espiritualidad y deben ser, por ello, objeto de especial atenci\u00f3n y cuidado por parte de los acompa\u00f1antes, quienes les ayudan a descubrir y cumplir su opci\u00f3n vocacional. Los animadores son alumnos de nuestro Centro, antiguos alumnos, profesores y padres\/madres que quieren regalar su tiempo de manera voluntaria a los m\u00e1s j\u00f3venes.<\/p>\n<p>\u00bfQu\u00e9 actividades podemos encontrar en el CJS?<\/p>\n<p>Durante toda la semana por las tardes podemos realizar diferentes actividades llevadas a cabo por los animadores, dichas actividades son:<br \/>\n-Coral Mam\u00e1 Margarita<br \/>\n-Ajedrez<br \/>\n-Guitarra<br \/>\n-Teatro<br \/>\n-Art Attack<br \/>\n-Club de senderismo Leandro Maill\u00f3<br \/>\n-Grupos Cristo Vive<br \/>\n-Excursiones familiares<br \/>\n-Oratorio<br \/>\n-Campamento<br \/>\n-Formaci\u00f3n \u201cAnimador de Tiempo Libre\u201d a trav\u00e9s de la Escuela Don Bosco<\/p>\n<p>\u00bfC\u00f3mo y qui\u00e9n puede pertenecer al CJS?<\/p>\n<p>Para poder pertenecer al Centro Juvenil podr\u00e1s hacerte socio por solo 10\u20ac al a\u00f1o, con esa cuota puedes participar en todas las actividades, tendr\u00e1s descuentos en los viajes, regalos especiales\u2026.<\/p>\n<p>Todos los ni\u00f1os\/As desde los 3 a\u00f1os pueden asistir a las actividades del CJS, estando abiertos a alumnado y simpatizantes de la obra y del carisma de Don Bosco.<\/p>\n<p>EL horario normal de los viernes es:<br \/>\n18:00 h. Grupos Cristo Vive<br \/>\n19:00 h. Oratorio<br \/>\nMenos las siguientes fechas que tienen un horario especial:<\/p>\n<p>18 noviembre: Oratorio Arrayanes<br \/>\n2 diciembre: Oratorio Arrayanes<br \/>\n2 diciembre: Viaje a Rute<br \/>\n15 diciembre: 17:00-18:30 h. Cotill\u00f3n Infatil hasta 4\u00baEP<br \/>\n18:00 h. Grupos Cristo Vive Celbraci\u00f3n Navidad<br \/>\n19:00 h. Oratorio Navidad (visita Reyes Magos)<br \/>\n21:30 h. Cena Animadores<br \/>\n21 dicimebre: 20:00 h Coral Mam\u00e1 Margarita (Certamen en el P\u00f3sito)<br \/>\n27 diciembre: 10:00 h. Operaci\u00f3n Potito<br \/>\n19:00 h. Coral Mam\u00e1 Margarita canta en la calle (Pasaje del comercio)<\/p>\n<p><strong>Contacto:<\/strong><br \/>\n<a href=\"https:\/\/www.facebook.com\/cjboscolinares\" target=\"_blank\" rel=\"noopener\">https:\/\/www.facebook.com\/cjboscolinares<\/a><br \/>\n<a href=\"https:\/\/escueladonbosco.wordpress.com\/\" target=\"_blank\" rel=\"noopener\">https:\/\/escueladonbosco.wordpress.com\/<\/a>\u00a0(Escuela Don Bosco)<br \/>\n[\/et_pb_text][\/et_pb_column][\/et_pb_row][\/et_pb_section]<\/p>\n","protected":false},"excerpt":{"rendered":"<p>\u00bfQu\u00e9 es el Centro Juvenil? El Centro Juvenil es una asociaci\u00f3n que pertenece al Movimiento Juvenil Salesiano. Es una asociaci\u00f3n inspirada en el esp\u00edritu y estilo de Don Bosco y Madre Mazarello El Movimiento Juvenil Salesiano se considera un movimiento educativo-pastoral de referencia, que se ofrece a todos los j\u00f3venes ofertando diversos niveles de identificaci\u00f3n [&hellip;]<\/p>\n","protected":false},"author":3,"featured_media":0,"parent":0,"menu_order":1,"comment_status":"closed","ping_status":"closed","template":"","meta":{"_et_pb_use_builder":"on","_et_pb_old_content":"","_et_gb_content_width":"","footnotes":""},"class_list":["post-3701","page","type-page","status-publish","hentry"],"yoast_head":"<!-- This site is optimized with the Yoast SEO plugin v27.3 - https:\/\/yoast.com\/product\/yoast-seo-wordpress\/ -->\n<title>\u00bfQui\u00e9nes somos? - Centro Juvenil<\/title>\n<meta name=\"robots\" content=\"index, follow, max-snippet:-1, max-image-preview:large, max-video-preview:-1\" \/>\n<link rel=\"canonical\" href=\"https:\/\/linares.salesianos.edu\/centrojuvenil\/quienessomos\/\" \/>\n<meta property=\"og:locale\" content=\"es_ES\" \/>\n<meta property=\"og:type\" content=\"article\" \/>\n<meta property=\"og:title\" content=\"\u00bfQui\u00e9nes somos? - Centro Juvenil\" \/>\n<meta property=\"og:description\" content=\"\u00bfQu\u00e9 es el Centro Juvenil? El Centro Juvenil es una asociaci\u00f3n que pertenece al Movimiento Juvenil Salesiano. Es una asociaci\u00f3n inspirada en el esp\u00edritu y estilo de Don Bosco y Madre Mazarello El Movimiento Juvenil Salesiano se considera un movimiento educativo-pastoral de referencia, que se ofrece a todos los j\u00f3venes ofertando diversos niveles de identificaci\u00f3n [&hellip;]\" \/>\n<meta property=\"og:url\" content=\"https:\/\/linares.salesianos.edu\/centrojuvenil\/quienessomos\/\" \/>\n<meta property=\"og:site_name\" content=\"Centro Juvenil\" \/>\n<meta property=\"article:modified_time\" content=\"2022-10-13T18:55:35+00:00\" \/>\n<meta name=\"twitter:card\" content=\"summary_large_image\" \/>\n<meta name=\"twitter:label1\" content=\"Tiempo de lectura\" \/>\n\t<meta name=\"twitter:data1\" content=\"4 minutos\" \/>\n<script type=\"application\/ld+json\" class=\"yoast-schema-graph\">{\"@context\":\"https:\\\/\\\/schema.org\",\"@graph\":[{\"@type\":\"WebPage\",\"@id\":\"https:\\\/\\\/linares.salesianos.edu\\\/centrojuvenil\\\/quienessomos\\\/\",\"url\":\"https:\\\/\\\/linares.salesianos.edu\\\/centrojuvenil\\\/quienessomos\\\/\",\"name\":\"\u00bfQui\u00e9nes somos? - Centro Juvenil\",\"isPartOf\":{\"@id\":\"https:\\\/\\\/linares.salesianos.edu\\\/centrojuvenil\\\/#website\"},\"datePublished\":\"2017-10-05T14:35:25+00:00\",\"dateModified\":\"2022-10-13T18:55:35+00:00\",\"breadcrumb\":{\"@id\":\"https:\\\/\\\/linares.salesianos.edu\\\/centrojuvenil\\\/quienessomos\\\/#breadcrumb\"},\"inLanguage\":\"es\",\"potentialAction\":[{\"@type\":\"ReadAction\",\"target\":[\"https:\\\/\\\/linares.salesianos.edu\\\/centrojuvenil\\\/quienessomos\\\/\"]}]},{\"@type\":\"BreadcrumbList\",\"@id\":\"https:\\\/\\\/linares.salesianos.edu\\\/centrojuvenil\\\/quienessomos\\\/#breadcrumb\",\"itemListElement\":[{\"@type\":\"ListItem\",\"position\":1,\"name\":\"Portada\",\"item\":\"https:\\\/\\\/linares.salesianos.edu\\\/centrojuvenil\\\/\"},{\"@type\":\"ListItem\",\"position\":2,\"name\":\"\u00bfQui\u00e9nes somos?\"}]},{\"@type\":\"WebSite\",\"@id\":\"https:\\\/\\\/linares.salesianos.edu\\\/centrojuvenil\\\/#website\",\"url\":\"https:\\\/\\\/linares.salesianos.edu\\\/centrojuvenil\\\/\",\"name\":\"Centro Juvenil\",\"description\":\"P\u00e1gina oficial Salesianos Linares\",\"potentialAction\":[{\"@type\":\"SearchAction\",\"target\":{\"@type\":\"EntryPoint\",\"urlTemplate\":\"https:\\\/\\\/linares.salesianos.edu\\\/centrojuvenil\\\/?s={search_term_string}\"},\"query-input\":{\"@type\":\"PropertyValueSpecification\",\"valueRequired\":true,\"valueName\":\"search_term_string\"}}],\"inLanguage\":\"es\"}]}<\/script>\n<!-- \/ Yoast SEO plugin. -->","yoast_head_json":{"title":"\u00bfQui\u00e9nes somos? - Centro Juvenil","robots":{"index":"index","follow":"follow","max-snippet":"max-snippet:-1","max-image-preview":"max-image-preview:large","max-video-preview":"max-video-preview:-1"},"canonical":"https:\/\/linares.salesianos.edu\/centrojuvenil\/quienessomos\/","og_locale":"es_ES","og_type":"article","og_title":"\u00bfQui\u00e9nes somos? - Centro Juvenil","og_description":"\u00bfQu\u00e9 es el Centro Juvenil? El Centro Juvenil es una asociaci\u00f3n que pertenece al Movimiento Juvenil Salesiano. Es una asociaci\u00f3n inspirada en el esp\u00edritu y estilo de Don Bosco y Madre Mazarello El Movimiento Juvenil Salesiano se considera un movimiento educativo-pastoral de referencia, que se ofrece a todos los j\u00f3venes ofertando diversos niveles de identificaci\u00f3n [&hellip;]","og_url":"https:\/\/linares.salesianos.edu\/centrojuvenil\/quienessomos\/","og_site_name":"Centro Juvenil","article_modified_time":"2022-10-13T18:55:35+00:00","twitter_card":"summary_large_image","twitter_misc":{"Tiempo de lectura":"4 minutos"},"schema":{"@context":"https:\/\/schema.org","@graph":[{"@type":"WebPage","@id":"https:\/\/linares.salesianos.edu\/centrojuvenil\/quienessomos\/","url":"https:\/\/linares.salesianos.edu\/centrojuvenil\/quienessomos\/","name":"\u00bfQui\u00e9nes somos? - Centro Juvenil","isPartOf":{"@id":"https:\/\/linares.salesianos.edu\/centrojuvenil\/#website"},"datePublished":"2017-10-05T14:35:25+00:00","dateModified":"2022-10-13T18:55:35+00:00","breadcrumb":{"@id":"https:\/\/linares.salesianos.edu\/centrojuvenil\/quienessomos\/#breadcrumb"},"inLanguage":"es","potentialAction":[{"@type":"ReadAction","target":["https:\/\/linares.salesianos.edu\/centrojuvenil\/quienessomos\/"]}]},{"@type":"BreadcrumbList","@id":"https:\/\/linares.salesianos.edu\/centrojuvenil\/quienessomos\/#breadcrumb","itemListElement":[{"@type":"ListItem","position":1,"name":"Portada","item":"https:\/\/linares.salesianos.edu\/centrojuvenil\/"},{"@type":"ListItem","position":2,"name":"\u00bfQui\u00e9nes somos?"}]},{"@type":"WebSite","@id":"https:\/\/linares.salesianos.edu\/centrojuvenil\/#website","url":"https:\/\/linares.salesianos.edu\/centrojuvenil\/","name":"Centro Juvenil","description":"P\u00e1gina oficial Salesianos Linares","potentialAction":[{"@type":"SearchAction","target":{"@type":"EntryPoint","urlTemplate":"https:\/\/linares.salesianos.edu\/centrojuvenil\/?s={search_term_string}"},"query-input":{"@type":"PropertyValueSpecification","valueRequired":true,"valueName":"search_term_string"}}],"inLanguage":"es"}]}},"_links":{"self":[{"href":"https:\/\/linares.salesianos.edu\/centrojuvenil\/wp-json\/wp\/v2\/pages\/3701","targetHints":{"allow":["GET"]}}],"collection":[{"href":"https:\/\/linares.salesianos.edu\/centrojuvenil\/wp-json\/wp\/v2\/pages"}],"about":[{"href":"https:\/\/linares.salesianos.edu\/centrojuvenil\/wp-json\/wp\/v2\/types\/page"}],"author":[{"embeddable":true,"href":"https:\/\/linares.salesianos.edu\/centrojuvenil\/wp-json\/wp\/v2\/users\/3"}],"replies":[{"embeddable":true,"href":"https:\/\/linares.salesianos.edu\/centrojuvenil\/wp-json\/wp\/v2\/comments?post=3701"}],"version-history":[{"count":10,"href":"https:\/\/linares.salesianos.edu\/centrojuvenil\/wp-json\/wp\/v2\/pages\/3701\/revisions"}],"predecessor-version":[{"id":4255,"href":"https:\/\/linares.salesianos.edu\/centrojuvenil\/wp-json\/wp\/v2\/pages\/3701\/revisions\/4255"}],"wp:attachment":[{"href":"https:\/\/linares.salesianos.edu\/centrojuvenil\/wp-json\/wp\/v2\/media?parent=3701"}],"curies":[{"name":"wp","href":"https:\/\/api.w.org\/{rel}","templated":true}]}}