{"id":2443,"date":"2017-05-22T15:40:52","date_gmt":"2017-05-22T14:40:52","guid":{"rendered":"https:\/\/linares.salesianos.edu\/colegio\/?page_id=2443"},"modified":"2025-09-03T18:40:04","modified_gmt":"2025-09-03T16:40:04","slug":"contactar","status":"publish","type":"page","link":"https:\/\/linares.salesianos.edu\/colegio\/secretaria\/contactar\/","title":{"rendered":"Contactar"},"content":{"rendered":"<div id=\"fb-root\"><\/div>\n<p>[et_pb_section fb_built=\u00bb1&#8243; fullwidth=\u00bbon\u00bb _builder_version=\u00bb4.16&#8243; global_colors_info=\u00bb{}\u00bb][et_pb_fullwidth_header title=\u00bbContactar\u00bb content_max_width=\u00bbnone\u00bb title_font_color=\u00bb#ffffff\u00bb module_class=\u00bbpagina-imagen-cabecera\u00bb _builder_version=\u00bb4.16&#8243; title_text_color=\u00bb#ffffff\u00bb title_font_size=\u00bb40px\u00bb background_color=\u00bbrgba(255, 255, 255, 0)\u00bb background_image=\u00bbhttps:\/\/linares.salesianos.edu\/colegio\/wp-content\/uploads\/sites\/16\/2021\/02\/encabezado_noticias_casa-min.png\u00bb background_layout=\u00bblight\u00bb background_url=\u00bbhttp:\/\/malaga.salesianos.edu\/wp-content\/uploads\/2017\/02\/Foto-de-portad_sin_letras.png\u00bb global_colors_info=\u00bb{}\u00bb button_one_text_size__hover_enabled=\u00bboff\u00bb button_two_text_size__hover_enabled=\u00bboff\u00bb button_one_text_color__hover_enabled=\u00bboff\u00bb button_two_text_color__hover_enabled=\u00bboff\u00bb button_one_border_width__hover_enabled=\u00bboff\u00bb button_two_border_width__hover_enabled=\u00bboff\u00bb button_one_border_color__hover_enabled=\u00bboff\u00bb button_two_border_color__hover_enabled=\u00bboff\u00bb button_one_border_radius__hover_enabled=\u00bboff\u00bb button_two_border_radius__hover_enabled=\u00bboff\u00bb button_one_letter_spacing__hover_enabled=\u00bboff\u00bb button_two_letter_spacing__hover_enabled=\u00bboff\u00bb button_one_bg_color__hover_enabled=\u00bboff\u00bb button_two_bg_color__hover_enabled=\u00bboff\u00bb][\/et_pb_fullwidth_header][\/et_pb_section][et_pb_section fb_built=\u00bb1&#8243; custom_padding_last_edited=\u00bbon|desktop\u00bb admin_label=\u00bbsection\u00bb _builder_version=\u00bb4.16&#8243; custom_padding_tablet=\u00bb50px|0|50px|0&#8243; custom_padding_phone=\u00bb\u00bb padding_mobile=\u00bboff\u00bb global_colors_info=\u00bb{}\u00bb][et_pb_row column_structure=\u00bb2_3,1_3&#8243; padding_mobile=\u00bboff\u00bb column_padding_mobile=\u00bbon\u00bb admin_label=\u00bbrow\u00bb _builder_version=\u00bb4.16&#8243; background_size=\u00bbinitial\u00bb background_position=\u00bbtop_left\u00bb background_repeat=\u00bbrepeat\u00bb global_colors_info=\u00bb{}\u00bb][et_pb_column type=\u00bb2_3&#8243; _builder_version=\u00bb4.16&#8243; custom_padding=\u00bb|||\u00bb global_colors_info=\u00bb{}\u00bb custom_padding__hover=\u00bb|||\u00bb][et_pb_post_title meta=\u00bboff\u00bb featured_image=\u00bboff\u00bb _builder_version=\u00bb4.16&#8243; title_font_size=\u00bb26&#8243; title_font_size_tablet=\u00bb\u00bb title_font_size_phone=\u00bb\u00bb title_font_size_last_edited=\u00bbon|phone\u00bb global_colors_info=\u00bb{}\u00bb][\/et_pb_post_title][et_pb_contact_form email=\u00bbsecretaria.linares@salesianos.edu; joseluis.garciamoscoso@salesianos.edu\u00bb custom_message=\u00bb%%name%% ha enviado un mensaje desde el apartado CONTACTA CON LA OBRA SALESIANA (https:\/\/linares.salesianos.edu\/colegio\/secretaria\/contactar\/):||et_pb_line_break_holder||||et_pb_line_break_holder||&#8212;&#8212;||et_pb_line_break_holder||%%message%%||et_pb_line_break_holder||&#8212;&#8212;||et_pb_line_break_holder||||et_pb_line_break_holder||Puedes responder a este correo directamente salvo que te lo hayan REENVIADO. En ese caso, tendr\u00e1s que redactar un NUEVO CORREO con la respuesta y enviarlo a %%email%%.||et_pb_line_break_holder||||et_pb_line_break_holder||||et_pb_line_break_holder||Para cualquier problema o sugerencia sobre el sistema de formularios de la web envia un correo a secretaria.linares@salesianos.edu\u00bb module_id=\u00bbet_pb_contact_form_0&#8243; _builder_version=\u00bb4.27.4&#8243; _unique_id=\u00bb0e12e32e-c3cd-4d4e-a855-ce66f04252cf\u00bb saved_tabs=\u00bball\u00bb global_colors_info=\u00bb{}\u00bb][et_pb_contact_field field_id=\u00bbName\u00bb field_title=\u00bbNombre\u00bb _builder_version=\u00bb4.16&#8243; global_colors_info=\u00bb{}\u00bb button_text_size__hover_enabled=\u00bboff\u00bb button_one_text_size__hover_enabled=\u00bboff\u00bb button_two_text_size__hover_enabled=\u00bboff\u00bb button_text_color__hover_enabled=\u00bboff\u00bb button_one_text_color__hover_enabled=\u00bboff\u00bb button_two_text_color__hover_enabled=\u00bboff\u00bb button_border_width__hover_enabled=\u00bboff\u00bb button_one_border_width__hover_enabled=\u00bboff\u00bb button_two_border_width__hover_enabled=\u00bboff\u00bb button_border_color__hover_enabled=\u00bboff\u00bb button_one_border_color__hover_enabled=\u00bboff\u00bb button_two_border_color__hover_enabled=\u00bboff\u00bb button_border_radius__hover_enabled=\u00bboff\u00bb button_one_border_radius__hover_enabled=\u00bboff\u00bb button_two_border_radius__hover_enabled=\u00bboff\u00bb button_letter_spacing__hover_enabled=\u00bboff\u00bb button_one_letter_spacing__hover_enabled=\u00bboff\u00bb button_two_letter_spacing__hover_enabled=\u00bboff\u00bb button_bg_color__hover_enabled=\u00bboff\u00bb button_one_bg_color__hover_enabled=\u00bboff\u00bb button_two_bg_color__hover_enabled=\u00bboff\u00bb][\/et_pb_contact_field][et_pb_contact_field field_id=\u00bbEmail\u00bb field_title=\u00bbDirecci\u00f3n de correo electr\u00f3nico\u00bb field_type=\u00bbemail\u00bb _builder_version=\u00bb4.16&#8243; global_colors_info=\u00bb{}\u00bb button_text_size__hover_enabled=\u00bboff\u00bb button_one_text_size__hover_enabled=\u00bboff\u00bb button_two_text_size__hover_enabled=\u00bboff\u00bb button_text_color__hover_enabled=\u00bboff\u00bb button_one_text_color__hover_enabled=\u00bboff\u00bb button_two_text_color__hover_enabled=\u00bboff\u00bb button_border_width__hover_enabled=\u00bboff\u00bb button_one_border_width__hover_enabled=\u00bboff\u00bb button_two_border_width__hover_enabled=\u00bboff\u00bb button_border_color__hover_enabled=\u00bboff\u00bb button_one_border_color__hover_enabled=\u00bboff\u00bb button_two_border_color__hover_enabled=\u00bboff\u00bb button_border_radius__hover_enabled=\u00bboff\u00bb button_one_border_radius__hover_enabled=\u00bboff\u00bb button_two_border_radius__hover_enabled=\u00bboff\u00bb button_letter_spacing__hover_enabled=\u00bboff\u00bb button_one_letter_spacing__hover_enabled=\u00bboff\u00bb button_two_letter_spacing__hover_enabled=\u00bboff\u00bb button_bg_color__hover_enabled=\u00bboff\u00bb button_one_bg_color__hover_enabled=\u00bboff\u00bb button_two_bg_color__hover_enabled=\u00bboff\u00bb][\/et_pb_contact_field][et_pb_contact_field field_id=\u00bbMessage\u00bb field_title=\u00bbMensaje\u00bb field_type=\u00bbtext\u00bb fullwidth_field=\u00bbon\u00bb _builder_version=\u00bb4.16&#8243; global_colors_info=\u00bb{}\u00bb button_text_size__hover_enabled=\u00bboff\u00bb button_one_text_size__hover_enabled=\u00bboff\u00bb button_two_text_size__hover_enabled=\u00bboff\u00bb button_text_color__hover_enabled=\u00bboff\u00bb button_one_text_color__hover_enabled=\u00bboff\u00bb button_two_text_color__hover_enabled=\u00bboff\u00bb button_border_width__hover_enabled=\u00bboff\u00bb button_one_border_width__hover_enabled=\u00bboff\u00bb button_two_border_width__hover_enabled=\u00bboff\u00bb button_border_color__hover_enabled=\u00bboff\u00bb button_one_border_color__hover_enabled=\u00bboff\u00bb button_two_border_color__hover_enabled=\u00bboff\u00bb button_border_radius__hover_enabled=\u00bboff\u00bb button_one_border_radius__hover_enabled=\u00bboff\u00bb button_two_border_radius__hover_enabled=\u00bboff\u00bb button_letter_spacing__hover_enabled=\u00bboff\u00bb button_one_letter_spacing__hover_enabled=\u00bboff\u00bb button_two_letter_spacing__hover_enabled=\u00bboff\u00bb button_bg_color__hover_enabled=\u00bboff\u00bb button_one_bg_color__hover_enabled=\u00bboff\u00bb button_two_bg_color__hover_enabled=\u00bboff\u00bb][\/et_pb_contact_field][et_pb_contact_field field_id=\u00bbPrivacidad\u00bb field_title=\u00bb \u00bb field_type=\u00bbcheckbox\u00bb checkbox_options=\u00bb%91{%22value%22:%22Acepto la pol\u00edtica de privacidad del sitio%22,%22checked%22:0}%93&#8243; fullwidth_field=\u00bbon\u00bb _builder_version=\u00bb4.16&#8243; form_field_font=\u00bb||||\u00bb border_width_all=\u00bb14px\u00bb border_color_all=\u00bb#dc001b\u00bb border_style_all=\u00bbsolid\u00bb use_border_color=\u00bbon\u00bb border_color=\u00bb#dc001b\u00bb border_style=\u00bbsolid\u00bb global_colors_info=\u00bb{}\u00bb button_text_size__hover_enabled=\u00bboff\u00bb button_one_text_size__hover_enabled=\u00bboff\u00bb button_two_text_size__hover_enabled=\u00bboff\u00bb button_text_color__hover_enabled=\u00bboff\u00bb button_one_text_color__hover_enabled=\u00bboff\u00bb button_two_text_color__hover_enabled=\u00bboff\u00bb button_border_width__hover_enabled=\u00bboff\u00bb button_one_border_width__hover_enabled=\u00bboff\u00bb button_two_border_width__hover_enabled=\u00bboff\u00bb button_border_color__hover_enabled=\u00bboff\u00bb button_one_border_color__hover_enabled=\u00bboff\u00bb button_two_border_color__hover_enabled=\u00bboff\u00bb button_border_radius__hover_enabled=\u00bboff\u00bb button_one_border_radius__hover_enabled=\u00bboff\u00bb button_two_border_radius__hover_enabled=\u00bboff\u00bb button_letter_spacing__hover_enabled=\u00bboff\u00bb button_one_letter_spacing__hover_enabled=\u00bboff\u00bb button_two_letter_spacing__hover_enabled=\u00bboff\u00bb button_bg_color__hover_enabled=\u00bboff\u00bb button_one_bg_color__hover_enabled=\u00bboff\u00bb button_two_bg_color__hover_enabled=\u00bboff\u00bb][\/et_pb_contact_field][\/et_pb_contact_form][\/et_pb_column][et_pb_column type=\u00bb1_3&#8243; _builder_version=\u00bb4.16&#8243; custom_padding=\u00bb|||\u00bb global_colors_info=\u00bb{}\u00bb custom_padding__hover=\u00bb|||\u00bb][et_pb_text admin_label=\u00bbM\u00e1s informaci\u00f3n (Texto)\u00bb _builder_version=\u00bb4.16&#8243; background_size=\u00bbinitial\u00bb background_position=\u00bbtop_left\u00bb background_repeat=\u00bbrepeat\u00bb global_colors_info=\u00bb{}\u00bb]<\/p>\n<h3>M\u00e1s informaci\u00f3n<\/h3>\n<p><strong>CONTACTAR<\/strong> con la Secretar\u00eda<strong>\u00a0de Linares<\/strong>:<\/p>\n<p>Para los diversos\u00a0<strong>asuntos administrativos<\/strong>\u00a0y de todos los temas relacionados con la\u00a0<strong>vida acad\u00e9mica<\/strong>\u00a0(matriculaciones, altas, bajas, certificados, seguro escolar, recibos, expedientes acad\u00e9micos, inscripciones en servicio de comedor, aula matinal, etc.)<\/p>\n<p><strong>Contacto:<\/strong> D. Antonio Gimeno Garz\u00f3n<\/p>\n<p><strong>Email:\u00a0<\/strong><a href=\"mailto:secretaria.linares@salesianos.edu\">secretaria.linares@salesianos.edu<\/a><\/p>\n<p><strong>Tel\u00e9fono:<\/strong> 953 699 003<\/p>\n<ul>\n<li>Puede rellenar y enviar este\u00a0formulario.<\/li>\n<li>Puede llamar por tel\u00e9fono. (La atenci\u00f3n telef\u00f3nica est\u00e1 disponible en horario lectivo de 9:30 h. a 14:00 h.)<\/li>\n<\/ul>\n<p><strong>Horario de secretar\u00eda:<\/strong> Lunes a Viernes de 12:00 h. a 14:00 h.<\/p>\n<p>&nbsp;<\/p>\n<p><strong>IMPORTANTE<\/strong> &#8211; No se aceptan CV, ni se dar\u00e1 contestaci\u00f3n a ning\u00fan correo electr\u00f3nico referente a posibles ofertas y\/o demandas de empleo. Para ello se deber\u00e1 utilizar el canal correspondiente <a href=\"https:\/\/www.salesianos.edu\/ofertaempleo\/\">\u00abBolsa de Trabajo\u00bb<\/a>.\u00a0<\/p>\n<p>&nbsp;<\/p>\n<p>&nbsp;<\/p>\n<p>[\/et_pb_text][\/et_pb_column][\/et_pb_row][\/et_pb_section][et_pb_section fb_built=\u00bb1&#8243; fullwidth=\u00bbon\u00bb custom_padding_last_edited=\u00bbon|desktop\u00bb admin_label=\u00bbsection\u00bb _builder_version=\u00bb4.16&#8243; custom_padding_tablet=\u00bb50px|0|50px|0&#8243; custom_padding_phone=\u00bb\u00bb padding_mobile=\u00bboff\u00bb global_colors_info=\u00bb{}\u00bb][et_pb_fullwidth_map address=\u00bbJa\u00e9n, Espa\u00f1a\u00bb zoom_level=\u00bb17&#8243; address_lat=\u00bb38.099063458501234&#8243; address_lng=\u00bb-3.6341950576621684&#8243; admin_label=\u00bbFullwidth Map\u00bb _builder_version=\u00bb4.16&#8243; global_colors_info=\u00bb{}\u00bb][et_pb_map_pin title=\u00bbSalesianos Linares\u00bb pin_address=\u00bbJa\u00e9n, Espa\u00f1a\u00bb pin_address_lat=\u00bb38.099560992427115&#8243; pin_address_lng=\u00bb-3.634079722674528&#8243; _builder_version=\u00bb3.0.47&#8243; global_colors_info=\u00bb{}\u00bb][\/et_pb_map_pin][\/et_pb_fullwidth_map][\/et_pb_section]<\/p>\n","protected":false},"excerpt":{"rendered":"<p>M\u00e1s informaci\u00f3n CONTACTAR con la Secretar\u00eda\u00a0de Linares: Para los diversos\u00a0asuntos administrativos\u00a0y de todos los temas relacionados con la\u00a0vida acad\u00e9mica\u00a0(matriculaciones, altas, bajas, certificados, seguro escolar, recibos, expedientes acad\u00e9micos, inscripciones en servicio de comedor, aula matinal, etc.) Contacto: D. Antonio Gimeno Garz\u00f3n Email:\u00a0secretaria.linares@salesianos.edu Tel\u00e9fono: 953 699 003 Puede rellenar y enviar este\u00a0formulario. Puede llamar por tel\u00e9fono. (La [&hellip;]<\/p>\n","protected":false},"author":3,"featured_media":0,"parent":3833,"menu_order":1,"comment_status":"closed","ping_status":"closed","template":"","meta":{"_et_pb_use_builder":"on","_et_pb_old_content":"","_et_gb_content_width":"","footnotes":""},"class_list":["post-2443","page","type-page","status-publish","hentry"],"yoast_head":"<!-- This site is optimized with the Yoast SEO plugin v27.4 - https:\/\/yoast.com\/product\/yoast-seo-wordpress\/ -->\n<title>Contactar - Colegio<\/title>\n<meta name=\"robots\" content=\"index, follow, max-snippet:-1, max-image-preview:large, max-video-preview:-1\" \/>\n<link rel=\"canonical\" href=\"https:\/\/linares.salesianos.edu\/colegio\/secretaria\/contactar\/\" \/>\n<meta property=\"og:locale\" content=\"es_ES\" \/>\n<meta property=\"og:type\" content=\"article\" \/>\n<meta property=\"og:title\" content=\"Contactar - Colegio\" \/>\n<meta property=\"og:description\" content=\"M\u00e1s informaci\u00f3n CONTACTAR con la Secretar\u00eda\u00a0de Linares: Para los diversos\u00a0asuntos administrativos\u00a0y de todos los temas relacionados con la\u00a0vida acad\u00e9mica\u00a0(matriculaciones, altas, bajas, certificados, seguro escolar, recibos, expedientes acad\u00e9micos, inscripciones en servicio de comedor, aula matinal, etc.) Contacto: D. Antonio Gimeno Garz\u00f3n Email:\u00a0secretaria.linares@salesianos.edu Tel\u00e9fono: 953 699 003 Puede rellenar y enviar este\u00a0formulario. Puede llamar por tel\u00e9fono. (La [&hellip;]\" \/>\n<meta property=\"og:url\" content=\"https:\/\/linares.salesianos.edu\/colegio\/secretaria\/contactar\/\" \/>\n<meta property=\"og:site_name\" content=\"Colegio\" \/>\n<meta property=\"article:modified_time\" content=\"2025-09-03T16:40:04+00:00\" \/>\n<meta name=\"twitter:card\" content=\"summary_large_image\" \/>\n<meta name=\"twitter:label1\" content=\"Tiempo de lectura\" \/>\n\t<meta name=\"twitter:data1\" content=\"1 minuto\" \/>\n<script type=\"application\/ld+json\" class=\"yoast-schema-graph\">{\"@context\":\"https:\\\/\\\/schema.org\",\"@graph\":[{\"@type\":\"WebPage\",\"@id\":\"https:\\\/\\\/linares.salesianos.edu\\\/colegio\\\/secretaria\\\/contactar\\\/\",\"url\":\"https:\\\/\\\/linares.salesianos.edu\\\/colegio\\\/secretaria\\\/contactar\\\/\",\"name\":\"Contactar - Colegio\",\"isPartOf\":{\"@id\":\"https:\\\/\\\/linares.salesianos.edu\\\/colegio\\\/#website\"},\"datePublished\":\"2017-05-22T14:40:52+00:00\",\"dateModified\":\"2025-09-03T16:40:04+00:00\",\"breadcrumb\":{\"@id\":\"https:\\\/\\\/linares.salesianos.edu\\\/colegio\\\/secretaria\\\/contactar\\\/#breadcrumb\"},\"inLanguage\":\"es\",\"potentialAction\":[{\"@type\":\"ReadAction\",\"target\":[\"https:\\\/\\\/linares.salesianos.edu\\\/colegio\\\/secretaria\\\/contactar\\\/\"]}]},{\"@type\":\"BreadcrumbList\",\"@id\":\"https:\\\/\\\/linares.salesianos.edu\\\/colegio\\\/secretaria\\\/contactar\\\/#breadcrumb\",\"itemListElement\":[{\"@type\":\"ListItem\",\"position\":1,\"name\":\"Portada\",\"item\":\"https:\\\/\\\/linares.salesianos.edu\\\/colegio\\\/\"},{\"@type\":\"ListItem\",\"position\":2,\"name\":\"Secretar\u00eda\",\"item\":\"https:\\\/\\\/linares.salesianos.edu\\\/colegio\\\/secretaria\\\/\"},{\"@type\":\"ListItem\",\"position\":3,\"name\":\"Contactar\"}]},{\"@type\":\"WebSite\",\"@id\":\"https:\\\/\\\/linares.salesianos.edu\\\/colegio\\\/#website\",\"url\":\"https:\\\/\\\/linares.salesianos.edu\\\/colegio\\\/\",\"name\":\"Colegio\",\"description\":\"P\u00e1gina oficial Salesianos Linares\",\"potentialAction\":[{\"@type\":\"SearchAction\",\"target\":{\"@type\":\"EntryPoint\",\"urlTemplate\":\"https:\\\/\\\/linares.salesianos.edu\\\/colegio\\\/?s={search_term_string}\"},\"query-input\":{\"@type\":\"PropertyValueSpecification\",\"valueRequired\":true,\"valueName\":\"search_term_string\"}}],\"inLanguage\":\"es\"}]}<\/script>\n<!-- \/ Yoast SEO plugin. -->","yoast_head_json":{"title":"Contactar - Colegio","robots":{"index":"index","follow":"follow","max-snippet":"max-snippet:-1","max-image-preview":"max-image-preview:large","max-video-preview":"max-video-preview:-1"},"canonical":"https:\/\/linares.salesianos.edu\/colegio\/secretaria\/contactar\/","og_locale":"es_ES","og_type":"article","og_title":"Contactar - Colegio","og_description":"M\u00e1s informaci\u00f3n CONTACTAR con la Secretar\u00eda\u00a0de Linares: Para los diversos\u00a0asuntos administrativos\u00a0y de todos los temas relacionados con la\u00a0vida acad\u00e9mica\u00a0(matriculaciones, altas, bajas, certificados, seguro escolar, recibos, expedientes acad\u00e9micos, inscripciones en servicio de comedor, aula matinal, etc.) Contacto: D. Antonio Gimeno Garz\u00f3n Email:\u00a0secretaria.linares@salesianos.edu Tel\u00e9fono: 953 699 003 Puede rellenar y enviar este\u00a0formulario. Puede llamar por tel\u00e9fono. (La [&hellip;]","og_url":"https:\/\/linares.salesianos.edu\/colegio\/secretaria\/contactar\/","og_site_name":"Colegio","article_modified_time":"2025-09-03T16:40:04+00:00","twitter_card":"summary_large_image","twitter_misc":{"Tiempo de lectura":"1 minuto"},"schema":{"@context":"https:\/\/schema.org","@graph":[{"@type":"WebPage","@id":"https:\/\/linares.salesianos.edu\/colegio\/secretaria\/contactar\/","url":"https:\/\/linares.salesianos.edu\/colegio\/secretaria\/contactar\/","name":"Contactar - Colegio","isPartOf":{"@id":"https:\/\/linares.salesianos.edu\/colegio\/#website"},"datePublished":"2017-05-22T14:40:52+00:00","dateModified":"2025-09-03T16:40:04+00:00","breadcrumb":{"@id":"https:\/\/linares.salesianos.edu\/colegio\/secretaria\/contactar\/#breadcrumb"},"inLanguage":"es","potentialAction":[{"@type":"ReadAction","target":["https:\/\/linares.salesianos.edu\/colegio\/secretaria\/contactar\/"]}]},{"@type":"BreadcrumbList","@id":"https:\/\/linares.salesianos.edu\/colegio\/secretaria\/contactar\/#breadcrumb","itemListElement":[{"@type":"ListItem","position":1,"name":"Portada","item":"https:\/\/linares.salesianos.edu\/colegio\/"},{"@type":"ListItem","position":2,"name":"Secretar\u00eda","item":"https:\/\/linares.salesianos.edu\/colegio\/secretaria\/"},{"@type":"ListItem","position":3,"name":"Contactar"}]},{"@type":"WebSite","@id":"https:\/\/linares.salesianos.edu\/colegio\/#website","url":"https:\/\/linares.salesianos.edu\/colegio\/","name":"Colegio","description":"P\u00e1gina oficial Salesianos Linares","potentialAction":[{"@type":"SearchAction","target":{"@type":"EntryPoint","urlTemplate":"https:\/\/linares.salesianos.edu\/colegio\/?s={search_term_string}"},"query-input":{"@type":"PropertyValueSpecification","valueRequired":true,"valueName":"search_term_string"}}],"inLanguage":"es"}]}},"_links":{"self":[{"href":"https:\/\/linares.salesianos.edu\/colegio\/wp-json\/wp\/v2\/pages\/2443","targetHints":{"allow":["GET"]}}],"collection":[{"href":"https:\/\/linares.salesianos.edu\/colegio\/wp-json\/wp\/v2\/pages"}],"about":[{"href":"https:\/\/linares.salesianos.edu\/colegio\/wp-json\/wp\/v2\/types\/page"}],"author":[{"embeddable":true,"href":"https:\/\/linares.salesianos.edu\/colegio\/wp-json\/wp\/v2\/users\/3"}],"replies":[{"embeddable":true,"href":"https:\/\/linares.salesianos.edu\/colegio\/wp-json\/wp\/v2\/comments?post=2443"}],"version-history":[{"count":19,"href":"https:\/\/linares.salesianos.edu\/colegio\/wp-json\/wp\/v2\/pages\/2443\/revisions"}],"predecessor-version":[{"id":6212,"href":"https:\/\/linares.salesianos.edu\/colegio\/wp-json\/wp\/v2\/pages\/2443\/revisions\/6212"}],"up":[{"embeddable":true,"href":"https:\/\/linares.salesianos.edu\/colegio\/wp-json\/wp\/v2\/pages\/3833"}],"wp:attachment":[{"href":"https:\/\/linares.salesianos.edu\/colegio\/wp-json\/wp\/v2\/media?parent=2443"}],"curies":[{"name":"wp","href":"https:\/\/api.w.org\/{rel}","templated":true}]}}