{"id":3937,"date":"2017-10-29T10:03:45","date_gmt":"2017-10-29T09:03:45","guid":{"rendered":"https:\/\/linares.salesianos.edu\/colegio\/?page_id=3937"},"modified":"2025-01-29T10:55:19","modified_gmt":"2025-01-29T09:55:19","slug":"primaria","status":"publish","type":"page","link":"https:\/\/linares.salesianos.edu\/colegio\/oferta-educativa\/primaria\/","title":{"rendered":"Primaria"},"content":{"rendered":"<div id=\"fb-root\"><\/div>\n<p>[et_pb_section fb_built=\u00bb1&#8243; fullwidth=\u00bbon\u00bb _builder_version=\u00bb4.16&#8243; global_colors_info=\u00bb{}\u00bb][et_pb_fullwidth_header title=\u00bbPrimaria\u00bb title_font_color=\u00bb#ffffff\u00bb module_class=\u00bbpagina-imagen-cabecera\u00bb _builder_version=\u00bb4.16&#8243; title_text_color=\u00bb#ffffff\u00bb title_font_size=\u00bb40px\u00bb background_color=\u00bbrgba(255, 255, 255, 0)\u00bb background_image=\u00bbhttps:\/\/linares.salesianos.edu\/colegio\/wp-content\/uploads\/sites\/16\/2021\/02\/encabezado_noticias_casa-min.png\u00bb background_layout=\u00bblight\u00bb max_width_tablet=\u00bb50px\u00bb background_url=\u00bbhttp:\/\/malaga.salesianos.edu\/wp-content\/uploads\/2017\/02\/Foto-de-portad_sin_letras.png\u00bb global_colors_info=\u00bb{}\u00bb button_one_text_size__hover_enabled=\u00bboff\u00bb button_two_text_size__hover_enabled=\u00bboff\u00bb button_one_text_color__hover_enabled=\u00bboff\u00bb button_two_text_color__hover_enabled=\u00bboff\u00bb button_one_border_width__hover_enabled=\u00bboff\u00bb button_two_border_width__hover_enabled=\u00bboff\u00bb button_one_border_color__hover_enabled=\u00bboff\u00bb button_two_border_color__hover_enabled=\u00bboff\u00bb button_one_border_radius__hover_enabled=\u00bboff\u00bb button_two_border_radius__hover_enabled=\u00bboff\u00bb button_one_letter_spacing__hover_enabled=\u00bboff\u00bb button_two_letter_spacing__hover_enabled=\u00bboff\u00bb button_one_bg_color__hover_enabled=\u00bboff\u00bb button_two_bg_color__hover_enabled=\u00bboff\u00bb][\/et_pb_fullwidth_header][\/et_pb_section][et_pb_section fb_built=\u00bb1&#8243; _builder_version=\u00bb4.16&#8243; locked=\u00bboff\u00bb global_colors_info=\u00bb{}\u00bb][et_pb_row column_structure=\u00bb1_2,1_2&#8243; _builder_version=\u00bb4.16&#8243; background_size=\u00bbinitial\u00bb background_position=\u00bbtop_left\u00bb background_repeat=\u00bbrepeat\u00bb global_colors_info=\u00bb{}\u00bb][et_pb_column type=\u00bb1_2&#8243; _builder_version=\u00bb4.27.4&#8243; _module_preset=\u00bbdefault\u00bb global_colors_info=\u00bb{}\u00bb][et_pb_image src=\u00bbhttps:\/\/linares.salesianos.edu\/colegio\/wp-content\/uploads\/sites\/16\/2025\/01\/467719428_1189834962497970_1278356340784156568_n.jpg\u00bb title_text=\u00bb467719428_1189834962497970_1278356340784156568_n\u00bb _builder_version=\u00bb4.27.4&#8243; _module_preset=\u00bbdefault\u00bb border_radii=\u00bbon|20px|20px|20px|20px\u00bb box_shadow_style=\u00bbpreset1&#8243; global_colors_info=\u00bb{}\u00bb][\/et_pb_image][\/et_pb_column][et_pb_column type=\u00bb1_2&#8243; _builder_version=\u00bb4.16&#8243; custom_padding=\u00bb|||\u00bb global_colors_info=\u00bb{}\u00bb custom_padding__hover=\u00bb|||\u00bb][et_pb_text _builder_version=\u00bb4.27.4&#8243; background_size=\u00bbinitial\u00bb background_position=\u00bbtop_left\u00bb background_repeat=\u00bbrepeat\u00bb global_colors_info=\u00bb{}\u00bb]<\/p>\n<p style=\"text-align: justify;\">La<span>\u00a0<\/span><strong>Educaci\u00f3n Primaria<\/strong><span>\u00a0<\/span>es una etapa educativa<span>\u00a0<\/span><strong>obligatoria<\/strong><span>\u00a0<\/span>que abarca<span>\u00a0<\/span><strong>desde los 6 hasta los 12 a\u00f1os<\/strong>. Est\u00e1 dividida en<span>\u00a0<\/span><strong>seis cursos<\/strong><span>\u00a0<\/span>desde primero hasta sexto. Disponemos de dos l\u00edneas por curso.<\/p>\n<p style=\"text-align: justify;\">Durante esta etapa nuestra preocupaci\u00f3n es la<span>\u00a0<\/span><strong>formaci\u00f3n integral del alumnado<\/strong>. Tiene que aprender y desarrollar unos conocimientos, habilidades y competencias que sienten unas bases firmes para continuar su formaci\u00f3n en etapas posteriores.<\/p>\n<p style=\"text-align: justify;\">Esta etapa se caracteriza por promover una<span>\u00a0<\/span><strong>educaci\u00f3n en valores<\/strong><span>\u00a0<\/span>y la<span>\u00a0<\/span><strong>Fe<\/strong>, teniendo como centro los valores cristianos y en concreto el<span>\u00a0<\/span>Sistema Preventivo<span>\u00a0<\/span>de<span>\u00a0<\/span><strong>Don Bosco<\/strong>, presente en todas las actividades educativas, l\u00fadicas y extraescolares.<\/p>\n<p style=\"text-align: justify;\">Respondemos a las necesidades del alumnado, ofreciendo m\u00faltiples propuestas para atender la diversidad del alumnado y favorecer su inclusi\u00f3n en el aula. Contamos con el servicio de orientaci\u00f3n, aula de integraci\u00f3n y logopeda.<\/p>\n<p style=\"text-align: justify;\">\n<p>[\/et_pb_text][\/et_pb_column][\/et_pb_row][et_pb_row column_structure=\u00bb1_4,1_4,1_4,1_4&#8243; _builder_version=\u00bb4.27.4&#8243; _module_preset=\u00bbdefault\u00bb global_colors_info=\u00bb{}\u00bb][et_pb_column type=\u00bb1_4&#8243; _builder_version=\u00bb4.27.4&#8243; _module_preset=\u00bbdefault\u00bb global_colors_info=\u00bb{}\u00bb][et_pb_image src=\u00bbhttps:\/\/linares.salesianos.edu\/colegio\/wp-content\/uploads\/sites\/16\/2025\/01\/352320822_2114592078735516_729293141265946332_n.jpg\u00bb title_text=\u00bb352320822_2114592078735516_729293141265946332_n\u00bb _builder_version=\u00bb4.27.4&#8243; _module_preset=\u00bbdefault\u00bb border_radii=\u00bbon|20px|20px|20px|20px\u00bb box_shadow_style=\u00bbpreset1&#8243; global_colors_info=\u00bb{}\u00bb][\/et_pb_image][\/et_pb_column][et_pb_column type=\u00bb1_4&#8243; _builder_version=\u00bb4.27.4&#8243; _module_preset=\u00bbdefault\u00bb global_colors_info=\u00bb{}\u00bb][et_pb_blurb title=\u00bbAprendemos activamente\u00bb use_icon=\u00bbon\u00bb icon_placement=\u00bbleft\u00bb image_icon_width=\u00bb112%\u00bb _builder_version=\u00bb4.27.4&#8243; _module_preset=\u00bbdefault\u00bb global_colors_info=\u00bb{}\u00bb]<\/p>\n<blockquote>\n<p style=\"text-align: justify;\"><span>Trabajamos por proyectos donde cada alumno se convierte en protagonista de su propio aprendizaje desarrollando habilidades de comunicaci\u00f3n y toma de decisiones, fomentando un esp\u00edritu autocr\u00edtico y promoviendo la creatividad.<\/span><\/p>\n<\/blockquote>\n<p>[\/et_pb_blurb][\/et_pb_column][et_pb_column type=\u00bb1_4&#8243; _builder_version=\u00bb4.27.4&#8243; _module_preset=\u00bbdefault\u00bb global_colors_info=\u00bb{}\u00bb][et_pb_image src=\u00bbhttps:\/\/linares.salesianos.edu\/colegio\/wp-content\/uploads\/sites\/16\/2025\/01\/469525497_1202244411257025_8293692356301987450_n.jpg\u00bb title_text=\u00bb469525497_1202244411257025_8293692356301987450_n\u00bb _builder_version=\u00bb4.27.4&#8243; _module_preset=\u00bbdefault\u00bb border_radii=\u00bbon|20px|20px|20px|20px\u00bb box_shadow_style=\u00bbpreset1&#8243; global_colors_info=\u00bb{}\u00bb][\/et_pb_image][\/et_pb_column][et_pb_column type=\u00bb1_4&#8243; _builder_version=\u00bb4.27.4&#8243; _module_preset=\u00bbdefault\u00bb global_colors_info=\u00bb{}\u00bb][et_pb_blurb title=\u00bbNos acercamos a la Biblia\u00bb use_icon=\u00bbon\u00bb icon_placement=\u00bbleft\u00bb image_icon_width=\u00bb112%\u00bb _builder_version=\u00bb4.27.4&#8243; _module_preset=\u00bbdefault\u00bb global_colors_info=\u00bb{}\u00bb]<\/p>\n<blockquote>\n<p style=\"text-align: justify;\"><span>Mediante el m\u00e9todo Godly play exploramos nuestra Fe desarrollando la experiencia espiritual a trav\u00e9s del pensamiento reflexivo, el asombro, el misterio, la expresi\u00f3n art\u00edstica y el juego. Se aborda la religi\u00f3n cristiana desde dos pilares fundamentales: el silencio y la interioridad.<\/span><\/p>\n<\/blockquote>\n<p>[\/et_pb_blurb][\/et_pb_column][\/et_pb_row][et_pb_row column_structure=\u00bb1_4,1_4,1_4,1_4&#8243; _builder_version=\u00bb4.27.4&#8243; _module_preset=\u00bbdefault\u00bb global_colors_info=\u00bb{}\u00bb][et_pb_column type=\u00bb1_4&#8243; _builder_version=\u00bb4.27.4&#8243; _module_preset=\u00bbdefault\u00bb global_colors_info=\u00bb{}\u00bb][et_pb_image src=\u00bbhttps:\/\/linares.salesianos.edu\/colegio\/wp-content\/uploads\/sites\/16\/2025\/01\/IMG-20250129-WA0029-scaled.jpg\u00bb title_text=\u00bbIMG-20250129-WA0029&#8243; _builder_version=\u00bb4.27.4&#8243; _module_preset=\u00bbdefault\u00bb border_radii=\u00bbon|20px|20px|20px|20px\u00bb box_shadow_style=\u00bbpreset1&#8243; global_colors_info=\u00bb{}\u00bb][\/et_pb_image][\/et_pb_column][et_pb_column type=\u00bb1_4&#8243; _builder_version=\u00bb4.27.4&#8243; _module_preset=\u00bbdefault\u00bb global_colors_info=\u00bb{}\u00bb][et_pb_blurb title=\u00bbDigitalizaci\u00f3n\u00bb use_icon=\u00bbon\u00bb icon_placement=\u00bbleft\u00bb image_icon_width=\u00bb112%\u00bb _builder_version=\u00bb4.27.4&#8243; _module_preset=\u00bbdefault\u00bb global_colors_info=\u00bb{}\u00bb]<\/p>\n<p><span style=\"font-size: 14px; text-align: justify;\"><\/span><\/p>\n<blockquote>\n<p><span style=\"font-size: 14px; text-align: justify;\">Desarrollamos la competencia digital desde edades tempranas con el uso de chromebooks. El proyecto de Rob\u00f3tica se encuentra inserto en esta etapa.\u00a0\u00a0<\/span><\/p>\n<\/blockquote>\n<p>&nbsp;<\/p>\n<p>[\/et_pb_blurb][\/et_pb_column][et_pb_column type=\u00bb1_4&#8243; _builder_version=\u00bb4.27.4&#8243; _module_preset=\u00bbdefault\u00bb global_colors_info=\u00bb{}\u00bb][et_pb_image src=\u00bbhttps:\/\/linares.salesianos.edu\/colegio\/wp-content\/uploads\/sites\/16\/2025\/01\/IMG-20250129-WA0022-scaled.jpg\u00bb title_text=\u00bbIMG-20250129-WA0022&#8243; _builder_version=\u00bb4.27.4&#8243; _module_preset=\u00bbdefault\u00bb border_radii=\u00bbon|20px|20px|20px|20px\u00bb box_shadow_style=\u00bbpreset1&#8243; global_colors_info=\u00bb{}\u00bb][\/et_pb_image][\/et_pb_column][et_pb_column type=\u00bb1_4&#8243; _builder_version=\u00bb4.27.4&#8243; _module_preset=\u00bbdefault\u00bb global_colors_info=\u00bb{}\u00bb][et_pb_blurb title=\u00bbTrabajamos en equipo\u00bb use_icon=\u00bbon\u00bb icon_placement=\u00bbleft\u00bb image_icon_width=\u00bb112%\u00bb _builder_version=\u00bb4.27.4&#8243; _module_preset=\u00bbdefault\u00bb global_colors_info=\u00bb{}\u00bb]<\/p>\n<blockquote>\n<p style=\"text-align: justify;\"><span>Con el trabajo cooperativo conseguimos que los alumnos tengan una mayor motivaci\u00f3n y fomentamos que desarrollen sus habilidades sociales: interacci\u00f3n, respeto, comprensi\u00f3n, resoluci\u00f3n de conflictos, entre otras.<\/span><\/p>\n<\/blockquote>\n<p>[\/et_pb_blurb][\/et_pb_column][\/et_pb_row][et_pb_row column_structure=\u00bb1_4,1_4,1_4,1_4&#8243; _builder_version=\u00bb4.27.4&#8243; _module_preset=\u00bbdefault\u00bb global_colors_info=\u00bb{}\u00bb][et_pb_column type=\u00bb1_4&#8243; _builder_version=\u00bb4.27.4&#8243; _module_preset=\u00bbdefault\u00bb global_colors_info=\u00bb{}\u00bb][et_pb_image src=\u00bbhttps:\/\/linares.salesianos.edu\/colegio\/wp-content\/uploads\/sites\/16\/2025\/01\/335062358_2069089930113687_1876635460237778218_n.jpg\u00bb title_text=\u00bb335062358_2069089930113687_1876635460237778218_n\u00bb _builder_version=\u00bb4.27.4&#8243; _module_preset=\u00bbdefault\u00bb border_radii=\u00bbon|20px|20px|20px|20px\u00bb box_shadow_style=\u00bbpreset1&#8243; global_colors_info=\u00bb{}\u00bb][\/et_pb_image][\/et_pb_column][et_pb_column type=\u00bb1_4&#8243; _builder_version=\u00bb4.27.4&#8243; _module_preset=\u00bbdefault\u00bb global_colors_info=\u00bb{}\u00bb][et_pb_blurb title=\u00bbSomos pluriling\u00fces\u00bb use_icon=\u00bbon\u00bb icon_placement=\u00bbleft\u00bb image_icon_width=\u00bb112%\u00bb _builder_version=\u00bb4.27.4&#8243; _module_preset=\u00bbdefault\u00bb global_colors_info=\u00bb{}\u00bb]<\/p>\n<blockquote>\n<p style=\"text-align: justify;\"><span>Desarrollamos todas las habilidades del ingl\u00e9s dando especial importancia a la expresi\u00f3n oral mediante exposiciones, teatros y role-playing. Disponemos de un auxiliar de conversaci\u00f3n. Sumamos el \u00e1rea de franc\u00e9s, como segundo idioma en el centro.<\/span><\/p>\n<\/blockquote>\n<p>[\/et_pb_blurb][\/et_pb_column][et_pb_column type=\u00bb1_4&#8243; _builder_version=\u00bb4.27.4&#8243; _module_preset=\u00bbdefault\u00bb global_colors_info=\u00bb{}\u00bb][et_pb_image src=\u00bbhttps:\/\/linares.salesianos.edu\/colegio\/wp-content\/uploads\/sites\/16\/2025\/01\/449144580_1078898723591595_5977601107884836000_n.jpg\u00bb title_text=\u00bb449144580_1078898723591595_5977601107884836000_n\u00bb _builder_version=\u00bb4.27.4&#8243; _module_preset=\u00bbdefault\u00bb border_radii=\u00bbon|20px|20px|20px|20px\u00bb box_shadow_style=\u00bbpreset1&#8243; global_colors_info=\u00bb{}\u00bb][\/et_pb_image][\/et_pb_column][et_pb_column type=\u00bb1_4&#8243; _builder_version=\u00bb4.27.4&#8243; _module_preset=\u00bbdefault\u00bb global_colors_info=\u00bb{}\u00bb][et_pb_blurb title=\u00bbSomos diferentes\u00bb use_icon=\u00bbon\u00bb icon_placement=\u00bbleft\u00bb image_icon_width=\u00bb112%\u00bb _builder_version=\u00bb4.27.4&#8243; _module_preset=\u00bbdefault\u00bb global_colors_info=\u00bb{}\u00bb]<\/p>\n<blockquote>\n<p style=\"text-align: justify;\"><span>En esta etapa prestamos especial atenci\u00f3n a todos aquellos alumnos que presentan alg\u00fan tipo de dificultad en su aprendizaje, adapt\u00e1ndonos al ritmo de cada uno y proporcionando una atenci\u00f3n individualizada para que alcancen su m\u00e1ximo potencial.\u00a0<\/span><\/p>\n<\/blockquote>\n<p>[\/et_pb_blurb][\/et_pb_column][\/et_pb_row][\/et_pb_section]<\/p>\n","protected":false},"excerpt":{"rendered":"<p>La\u00a0Educaci\u00f3n Primaria\u00a0es una etapa educativa\u00a0obligatoria\u00a0que abarca\u00a0desde los 6 hasta los 12 a\u00f1os. Est\u00e1 dividida en\u00a0seis cursos\u00a0desde primero hasta sexto. Disponemos de dos l\u00edneas por curso. Durante esta etapa nuestra preocupaci\u00f3n es la\u00a0formaci\u00f3n integral del alumnado. Tiene que aprender y desarrollar unos conocimientos, habilidades y competencias que sienten unas bases firmes para continuar su formaci\u00f3n en [&hellip;]<\/p>\n","protected":false},"author":3,"featured_media":0,"parent":3818,"menu_order":2,"comment_status":"closed","ping_status":"closed","template":"","meta":{"_et_pb_use_builder":"on","_et_pb_old_content":"<p>La\u00a0Educaci\u00f3n Primaria\u00a0es una etapa educativa\u00a0obligatoria\u00a0que abarca\u00a0desde los 6 hasta los 12 a\u00f1os.\u00a0Est\u00e1 dividida en\u00a0seis cursos\u00a0desde primero hasta sexto. Disponemos de dos l\u00edneas por curso.<\/p><p>Durante esta etapa nuestra preocupaci\u00f3n es la\u00a0formaci\u00f3n integral del alumnado, trabajando conocimientos acad\u00e9micos y otros que contribuyen al crecimiento personal del alumno.<\/p><p>Nuestra propuesta, parte de un enfoque interdisciplinar y globalizado. Los alumnos, desarrollan habilidades competenciales trabajando por grupos cooperativos y aprendizaje por tareas y proyectos.<\/p><p>Existe una apuesta unificada por el proyecto pluriling\u00fce del centro. Las \u00e1reas biling\u00fces son ciencias sociales y naturales, pl\u00e1stica y educaci\u00f3n f\u00edsica. Disponemos de un auxiliar de conversaci\u00f3n en el \u00e1rea de ingl\u00e9s y ciencias sociales y naturales. Sumamos el \u00e1rea de franc\u00e9s, como segundo idioma en el centro.<\/p><p>Respondemos a las necesidades del alumnado, ofreciendo m\u00faltiples propuestas para atender la diversidad del alumnado y favorecer su inclusi\u00f3n en el aula. Contamos con el servicio de orientaci\u00f3n, aula de integraci\u00f3n y logopeda.<\/p>","_et_gb_content_width":"","footnotes":""},"class_list":["post-3937","page","type-page","status-publish","hentry"],"yoast_head":"<!-- This site is optimized with the Yoast SEO plugin v27.4 - https:\/\/yoast.com\/product\/yoast-seo-wordpress\/ -->\n<title>Primaria - Colegio<\/title>\n<meta name=\"robots\" content=\"index, follow, max-snippet:-1, max-image-preview:large, max-video-preview:-1\" \/>\n<link rel=\"canonical\" href=\"https:\/\/linares.salesianos.edu\/colegio\/oferta-educativa\/primaria\/\" \/>\n<meta property=\"og:locale\" content=\"es_ES\" \/>\n<meta property=\"og:type\" content=\"article\" \/>\n<meta property=\"og:title\" content=\"Primaria - Colegio\" \/>\n<meta property=\"og:description\" content=\"La\u00a0Educaci\u00f3n Primaria\u00a0es una etapa educativa\u00a0obligatoria\u00a0que abarca\u00a0desde los 6 hasta los 12 a\u00f1os. Est\u00e1 dividida en\u00a0seis cursos\u00a0desde primero hasta sexto. Disponemos de dos l\u00edneas por curso. Durante esta etapa nuestra preocupaci\u00f3n es la\u00a0formaci\u00f3n integral del alumnado. Tiene que aprender y desarrollar unos conocimientos, habilidades y competencias que sienten unas bases firmes para continuar su formaci\u00f3n en [&hellip;]\" \/>\n<meta property=\"og:url\" content=\"https:\/\/linares.salesianos.edu\/colegio\/oferta-educativa\/primaria\/\" \/>\n<meta property=\"og:site_name\" content=\"Colegio\" \/>\n<meta property=\"article:modified_time\" content=\"2025-01-29T09:55:19+00:00\" \/>\n<meta name=\"twitter:card\" content=\"summary_large_image\" \/>\n<script type=\"application\/ld+json\" class=\"yoast-schema-graph\">{\"@context\":\"https:\\\/\\\/schema.org\",\"@graph\":[{\"@type\":\"WebPage\",\"@id\":\"https:\\\/\\\/linares.salesianos.edu\\\/colegio\\\/oferta-educativa\\\/primaria\\\/\",\"url\":\"https:\\\/\\\/linares.salesianos.edu\\\/colegio\\\/oferta-educativa\\\/primaria\\\/\",\"name\":\"Primaria - Colegio\",\"isPartOf\":{\"@id\":\"https:\\\/\\\/linares.salesianos.edu\\\/colegio\\\/#website\"},\"datePublished\":\"2017-10-29T09:03:45+00:00\",\"dateModified\":\"2025-01-29T09:55:19+00:00\",\"breadcrumb\":{\"@id\":\"https:\\\/\\\/linares.salesianos.edu\\\/colegio\\\/oferta-educativa\\\/primaria\\\/#breadcrumb\"},\"inLanguage\":\"es\",\"potentialAction\":[{\"@type\":\"ReadAction\",\"target\":[\"https:\\\/\\\/linares.salesianos.edu\\\/colegio\\\/oferta-educativa\\\/primaria\\\/\"]}]},{\"@type\":\"BreadcrumbList\",\"@id\":\"https:\\\/\\\/linares.salesianos.edu\\\/colegio\\\/oferta-educativa\\\/primaria\\\/#breadcrumb\",\"itemListElement\":[{\"@type\":\"ListItem\",\"position\":1,\"name\":\"Portada\",\"item\":\"https:\\\/\\\/linares.salesianos.edu\\\/colegio\\\/\"},{\"@type\":\"ListItem\",\"position\":2,\"name\":\"Oferta educativa\",\"item\":\"https:\\\/\\\/linares.salesianos.edu\\\/colegio\\\/oferta-educativa\\\/\"},{\"@type\":\"ListItem\",\"position\":3,\"name\":\"Primaria\"}]},{\"@type\":\"WebSite\",\"@id\":\"https:\\\/\\\/linares.salesianos.edu\\\/colegio\\\/#website\",\"url\":\"https:\\\/\\\/linares.salesianos.edu\\\/colegio\\\/\",\"name\":\"Colegio\",\"description\":\"P\u00e1gina oficial Salesianos Linares\",\"potentialAction\":[{\"@type\":\"SearchAction\",\"target\":{\"@type\":\"EntryPoint\",\"urlTemplate\":\"https:\\\/\\\/linares.salesianos.edu\\\/colegio\\\/?s={search_term_string}\"},\"query-input\":{\"@type\":\"PropertyValueSpecification\",\"valueRequired\":true,\"valueName\":\"search_term_string\"}}],\"inLanguage\":\"es\"}]}<\/script>\n<!-- \/ Yoast SEO plugin. -->","yoast_head_json":{"title":"Primaria - Colegio","robots":{"index":"index","follow":"follow","max-snippet":"max-snippet:-1","max-image-preview":"max-image-preview:large","max-video-preview":"max-video-preview:-1"},"canonical":"https:\/\/linares.salesianos.edu\/colegio\/oferta-educativa\/primaria\/","og_locale":"es_ES","og_type":"article","og_title":"Primaria - Colegio","og_description":"La\u00a0Educaci\u00f3n Primaria\u00a0es una etapa educativa\u00a0obligatoria\u00a0que abarca\u00a0desde los 6 hasta los 12 a\u00f1os. Est\u00e1 dividida en\u00a0seis cursos\u00a0desde primero hasta sexto. Disponemos de dos l\u00edneas por curso. Durante esta etapa nuestra preocupaci\u00f3n es la\u00a0formaci\u00f3n integral del alumnado. Tiene que aprender y desarrollar unos conocimientos, habilidades y competencias que sienten unas bases firmes para continuar su formaci\u00f3n en [&hellip;]","og_url":"https:\/\/linares.salesianos.edu\/colegio\/oferta-educativa\/primaria\/","og_site_name":"Colegio","article_modified_time":"2025-01-29T09:55:19+00:00","twitter_card":"summary_large_image","schema":{"@context":"https:\/\/schema.org","@graph":[{"@type":"WebPage","@id":"https:\/\/linares.salesianos.edu\/colegio\/oferta-educativa\/primaria\/","url":"https:\/\/linares.salesianos.edu\/colegio\/oferta-educativa\/primaria\/","name":"Primaria - Colegio","isPartOf":{"@id":"https:\/\/linares.salesianos.edu\/colegio\/#website"},"datePublished":"2017-10-29T09:03:45+00:00","dateModified":"2025-01-29T09:55:19+00:00","breadcrumb":{"@id":"https:\/\/linares.salesianos.edu\/colegio\/oferta-educativa\/primaria\/#breadcrumb"},"inLanguage":"es","potentialAction":[{"@type":"ReadAction","target":["https:\/\/linares.salesianos.edu\/colegio\/oferta-educativa\/primaria\/"]}]},{"@type":"BreadcrumbList","@id":"https:\/\/linares.salesianos.edu\/colegio\/oferta-educativa\/primaria\/#breadcrumb","itemListElement":[{"@type":"ListItem","position":1,"name":"Portada","item":"https:\/\/linares.salesianos.edu\/colegio\/"},{"@type":"ListItem","position":2,"name":"Oferta educativa","item":"https:\/\/linares.salesianos.edu\/colegio\/oferta-educativa\/"},{"@type":"ListItem","position":3,"name":"Primaria"}]},{"@type":"WebSite","@id":"https:\/\/linares.salesianos.edu\/colegio\/#website","url":"https:\/\/linares.salesianos.edu\/colegio\/","name":"Colegio","description":"P\u00e1gina oficial Salesianos Linares","potentialAction":[{"@type":"SearchAction","target":{"@type":"EntryPoint","urlTemplate":"https:\/\/linares.salesianos.edu\/colegio\/?s={search_term_string}"},"query-input":{"@type":"PropertyValueSpecification","valueRequired":true,"valueName":"search_term_string"}}],"inLanguage":"es"}]}},"_links":{"self":[{"href":"https:\/\/linares.salesianos.edu\/colegio\/wp-json\/wp\/v2\/pages\/3937","targetHints":{"allow":["GET"]}}],"collection":[{"href":"https:\/\/linares.salesianos.edu\/colegio\/wp-json\/wp\/v2\/pages"}],"about":[{"href":"https:\/\/linares.salesianos.edu\/colegio\/wp-json\/wp\/v2\/types\/page"}],"author":[{"embeddable":true,"href":"https:\/\/linares.salesianos.edu\/colegio\/wp-json\/wp\/v2\/users\/3"}],"replies":[{"embeddable":true,"href":"https:\/\/linares.salesianos.edu\/colegio\/wp-json\/wp\/v2\/comments?post=3937"}],"version-history":[{"count":8,"href":"https:\/\/linares.salesianos.edu\/colegio\/wp-json\/wp\/v2\/pages\/3937\/revisions"}],"predecessor-version":[{"id":6093,"href":"https:\/\/linares.salesianos.edu\/colegio\/wp-json\/wp\/v2\/pages\/3937\/revisions\/6093"}],"up":[{"embeddable":true,"href":"https:\/\/linares.salesianos.edu\/colegio\/wp-json\/wp\/v2\/pages\/3818"}],"wp:attachment":[{"href":"https:\/\/linares.salesianos.edu\/colegio\/wp-json\/wp\/v2\/media?parent=3937"}],"curies":[{"name":"wp","href":"https:\/\/api.w.org\/{rel}","templated":true}]}}