{"id":3939,"date":"2017-10-29T10:04:35","date_gmt":"2017-10-29T09:04:35","guid":{"rendered":"https:\/\/linares.salesianos.edu\/colegio\/?page_id=3939"},"modified":"2025-01-29T11:35:38","modified_gmt":"2025-01-29T10:35:38","slug":"secundaria","status":"publish","type":"page","link":"https:\/\/linares.salesianos.edu\/colegio\/oferta-educativa\/secundaria\/","title":{"rendered":"Secundaria"},"content":{"rendered":"<div id=\"fb-root\"><\/div>\n<p>[et_pb_section fb_built=\u00bb1&#8243; fullwidth=\u00bbon\u00bb _builder_version=\u00bb4.16&#8243; global_colors_info=\u00bb{}\u00bb][et_pb_fullwidth_header title=\u00bbSecundaria\u00bb title_font_color=\u00bb#ffffff\u00bb module_class=\u00bbpagina-imagen-cabecera\u00bb _builder_version=\u00bb4.16&#8243; title_text_color=\u00bb#ffffff\u00bb title_font_size=\u00bb40px\u00bb background_color=\u00bbrgba(255, 255, 255, 0)\u00bb background_image=\u00bbhttps:\/\/linares.salesianos.edu\/colegio\/wp-content\/uploads\/sites\/16\/2021\/02\/encabezado_noticias_casa-min-1.png\u00bb background_layout=\u00bblight\u00bb max_width_tablet=\u00bb50px\u00bb background_url=\u00bbhttp:\/\/malaga.salesianos.edu\/wp-content\/uploads\/2017\/02\/Foto-de-portad_sin_letras.png\u00bb global_colors_info=\u00bb{}\u00bb button_one_text_size__hover_enabled=\u00bboff\u00bb button_two_text_size__hover_enabled=\u00bboff\u00bb button_one_text_color__hover_enabled=\u00bboff\u00bb button_two_text_color__hover_enabled=\u00bboff\u00bb button_one_border_width__hover_enabled=\u00bboff\u00bb button_two_border_width__hover_enabled=\u00bboff\u00bb button_one_border_color__hover_enabled=\u00bboff\u00bb button_two_border_color__hover_enabled=\u00bboff\u00bb button_one_border_radius__hover_enabled=\u00bboff\u00bb button_two_border_radius__hover_enabled=\u00bboff\u00bb button_one_letter_spacing__hover_enabled=\u00bboff\u00bb button_two_letter_spacing__hover_enabled=\u00bboff\u00bb button_one_bg_color__hover_enabled=\u00bboff\u00bb button_two_bg_color__hover_enabled=\u00bboff\u00bb][\/et_pb_fullwidth_header][\/et_pb_section][et_pb_section fb_built=\u00bb1&#8243; _builder_version=\u00bb4.16&#8243; locked=\u00bboff\u00bb global_colors_info=\u00bb{}\u00bb][et_pb_row column_structure=\u00bb1_2,1_2&#8243; _builder_version=\u00bb4.16&#8243; background_size=\u00bbinitial\u00bb background_position=\u00bbtop_left\u00bb background_repeat=\u00bbrepeat\u00bb global_colors_info=\u00bb{}\u00bb][et_pb_column type=\u00bb1_2&#8243; _builder_version=\u00bb4.27.4&#8243; _module_preset=\u00bbdefault\u00bb global_colors_info=\u00bb{}\u00bb][et_pb_image src=\u00bbhttps:\/\/linares.salesianos.edu\/colegio\/wp-content\/uploads\/sites\/16\/2025\/01\/460880079_1141438330670967_5120058981300862506_n.jpg\u00bb title_text=\u00bb460880079_1141438330670967_5120058981300862506_n\u00bb _builder_version=\u00bb4.27.4&#8243; _module_preset=\u00bbdefault\u00bb hover_enabled=\u00bb0&#8243; border_radii=\u00bbon|20px|20px|20px|20px\u00bb box_shadow_style=\u00bbpreset1&#8243; global_colors_info=\u00bb{}\u00bb sticky_enabled=\u00bb0&#8243;][\/et_pb_image][\/et_pb_column][et_pb_column type=\u00bb1_2&#8243; _builder_version=\u00bb4.16&#8243; custom_padding=\u00bb|||\u00bb global_colors_info=\u00bb{}\u00bb custom_padding__hover=\u00bb|||\u00bb][et_pb_text _builder_version=\u00bb4.27.4&#8243; background_size=\u00bbinitial\u00bb background_position=\u00bbtop_left\u00bb background_repeat=\u00bbrepeat\u00bb hover_enabled=\u00bb0&#8243; global_colors_info=\u00bb{}\u00bb sticky_enabled=\u00bb0&#8243;]<\/p>\n<p style=\"text-align: justify;\">La<span>\u00a0<\/span><strong>Educaci\u00f3n Secundaria Obligatoria<\/strong><span>\u00a0<\/span>es una etapa educativa obligatoria que abarca<span>\u00a0<\/span><strong>desde los 12 hasta los 16 a\u00f1os<\/strong><span>\u00a0<\/span>y se compone de<span>\u00a0<\/span><strong>cuatro cursos<\/strong>. Contamos con un total de 8 aulas, dos l\u00edneas por curso \u00a0Al final de la etapa, el alumnado estar\u00e1 en disposici\u00f3n del<span>\u00a0<\/span><strong>t\u00edtulo de la E.S.O.<\/strong>, que le permitir\u00e1 acceder a<span>\u00a0<\/span><strong>estudios pre-universitarios<\/strong><span>\u00a0<\/span>(Bachillerato) o a<span>\u00a0<\/span><strong>estudios profesionales<\/strong><span>\u00a0<\/span>(Grados de Formaci\u00f3n Profesional).<\/p>\n<div class=\"et-module-52b1494c-231d-4b49-a3d5-d13c06debf6b et_pb_column ui-sortable et-animated--vb et_pb_column_1_2 et_pb_column_2 et-last-child et_pb_with_border\" data-address=\"2.0.1\" style=\"font-size: 14px; background-size: cover; background-repeat: no-repeat; background-color: #ffffff; width: 523.797px; text-align: justify;\">\n<div class=\"et_fb_editing_enabled et-module-5d48ad38-adf6-4757-aa5b-885bc2f71711 et_pb_text et_pb_module ui-sortable et_pb_text_1 et-animated--vb et_pb_text_align_left et_pb_bg_layout_light et-first-child et-last-child\" data-address=\"2.0.1.0\" dynamic=\"[object Object]\" matching=\"[object Object]\" _key=\"5d48ad38-adf6-4757-aa5b-885bc2f71711\" style=\"font-size: 14px; background-size: cover; background-repeat: no-repeat;\">\n<div class=\"et_pb_text_inner\" style=\"font-size: 14px;\">\n<div data-shortcode-id=\"2.0.1.0-1738146758581\" data-quickaccess-editable=\"yes\" class=\"et-fb-popover-tinymce\" style=\"font-size: 14px;\">\n<div class=\"mce-content-body\" style=\"font-size: 14px; position: relative;\">\n<p style=\"font-size: 14px; line-height: 18.2px; text-align: justify;\">\n<\/div>\n<\/div>\n<\/div>\n<\/div>\n<\/div>\n<p style=\"text-align: justify;\">Nos encontramos con un alumnado que inicia un periodo evolutivo conocido con el t\u00e9rmino de adolescencia donde precisan llevar a cabo numerosos aprendizajes de todo tipo antes de poder afrontar su pertenencia al mundo adulto.<\/p>\n<p style=\"text-align: justify;\">El alumno recibir\u00e1 una<span>\u00a0<\/span><strong>formaci\u00f3n integral<\/strong><span>\u00a0<\/span>adquiriendo\u00a0 conocimientos, habilidades y competencias que le ser\u00e1n imprescindibles para su<span>\u00a0<\/span><strong>futuro acad\u00e9mico y profesional<\/strong>. Todo ello en un<span>\u00a0<\/span><strong>ambiente amable y respetuoso<\/strong><span>\u00a0<\/span>donde el alumno se sienta seguro y feliz para fortalecer sus capacidades afectivas en todos los \u00e1mbitos de su personalidad y en su relaci\u00f3n con los dem\u00e1s.<\/p>\n<p>[\/et_pb_text][\/et_pb_column][\/et_pb_row][et_pb_row column_structure=\u00bb1_4,1_4,1_4,1_4&#8243; _builder_version=\u00bb4.27.4&#8243; _module_preset=\u00bbdefault\u00bb global_colors_info=\u00bb{}\u00bb][et_pb_column type=\u00bb1_4&#8243; _builder_version=\u00bb4.27.4&#8243; _module_preset=\u00bbdefault\u00bb global_colors_info=\u00bb{}\u00bb][et_pb_image src=\u00bbhttps:\/\/linares.salesianos.edu\/colegio\/wp-content\/uploads\/sites\/16\/2020\/01\/SecundariaDiplomas-scaled.jpg\u00bb title_text=\u00bbSecundariaDiplomas\u00bb _builder_version=\u00bb4.27.4&#8243; _module_preset=\u00bbdefault\u00bb hover_enabled=\u00bb0&#8243; border_radii=\u00bbon|20px|20px|20px|20px\u00bb box_shadow_style=\u00bbpreset1&#8243; global_colors_info=\u00bb{}\u00bb sticky_enabled=\u00bb0&#8243;][\/et_pb_image][\/et_pb_column][et_pb_column type=\u00bb1_4&#8243; _builder_version=\u00bb4.27.4&#8243; _module_preset=\u00bbdefault\u00bb global_colors_info=\u00bb{}\u00bb][et_pb_blurb title=\u00bbLe acompa\u00f1amos en su camino\u00bb use_icon=\u00bbon\u00bb icon_placement=\u00bbleft\u00bb image_icon_width=\u00bb112%\u00bb _builder_version=\u00bb4.27.4&#8243; _module_preset=\u00bbdefault\u00bb hover_enabled=\u00bb0&#8243; global_colors_info=\u00bb{}\u00bb sticky_enabled=\u00bb0&#8243;]<\/p>\n<blockquote>\n<p style=\"text-align: justify;\"><span>\u00a1Nos preocupamos para que nuestros j\u00f3venes encuentren su vocaci\u00f3n! Los tutores son un eslab\u00f3n fundamental que gu\u00edan a la familia y al alumno en su desarrollo personal, acad\u00e9mico y profesional con la ayuda de un amplio grupo de profesores, amantes de sus materias y conocedores de las posteriores opciones acad\u00e9micas.<\/span><\/p>\n<\/blockquote>\n<p>[\/et_pb_blurb][\/et_pb_column][et_pb_column type=\u00bb1_4&#8243; _builder_version=\u00bb4.27.4&#8243; _module_preset=\u00bbdefault\u00bb global_colors_info=\u00bb{}\u00bb][et_pb_image src=\u00bbhttps:\/\/linares.salesianos.edu\/colegio\/wp-content\/uploads\/sites\/16\/2025\/01\/447612772_1064102838404517_6764637553730915201_n.jpg\u00bb title_text=\u00bb447612772_1064102838404517_6764637553730915201_n\u00bb _builder_version=\u00bb4.27.4&#8243; _module_preset=\u00bbdefault\u00bb hover_enabled=\u00bb0&#8243; border_radii=\u00bbon|20px|20px|20px|20px\u00bb box_shadow_style=\u00bbpreset1&#8243; global_colors_info=\u00bb{}\u00bb sticky_enabled=\u00bb0&#8243;][\/et_pb_image][\/et_pb_column][et_pb_column type=\u00bb1_4&#8243; _builder_version=\u00bb4.27.4&#8243; _module_preset=\u00bbdefault\u00bb global_colors_info=\u00bb{}\u00bb][et_pb_blurb title=\u00bbValoramos tu individualidad\u00bb use_icon=\u00bbon\u00bb icon_placement=\u00bbleft\u00bb image_icon_width=\u00bb112%\u00bb _builder_version=\u00bb4.27.4&#8243; _module_preset=\u00bbdefault\u00bb hover_enabled=\u00bb0&#8243; global_colors_info=\u00bb{}\u00bb sticky_enabled=\u00bb0&#8243;]<\/p>\n<blockquote>\n<p style=\"text-align: justify;\"><span>La diversidad de nuestro alumnado es nuestra riqueza porque atendemos, respetamos y valoramos las diferencias de nuestros alumnos para lograr el m\u00e1ximo desarrollo de sus capacidades.<\/span><br \/><span>Para ello contamos con medidas como Programas de Diversificaci\u00f3n Curricular, adaptaciones curriculares, refuerzo educativo, apoyo educativo\u2026<\/span><\/p>\n<\/blockquote>\n<p>[\/et_pb_blurb][\/et_pb_column][\/et_pb_row][et_pb_row column_structure=\u00bb1_4,1_4,1_4,1_4&#8243; _builder_version=\u00bb4.27.4&#8243; _module_preset=\u00bbdefault\u00bb global_colors_info=\u00bb{}\u00bb][et_pb_column type=\u00bb1_4&#8243; _builder_version=\u00bb4.27.4&#8243; _module_preset=\u00bbdefault\u00bb global_colors_info=\u00bb{}\u00bb][et_pb_image src=\u00bbhttps:\/\/linares.salesianos.edu\/colegio\/wp-content\/uploads\/sites\/16\/2025\/01\/473895375_18184125238308572_1276994916615804439_n.jpg\u00bb title_text=\u00bb473895375_18184125238308572_1276994916615804439_n\u00bb _builder_version=\u00bb4.27.4&#8243; _module_preset=\u00bbdefault\u00bb hover_enabled=\u00bb0&#8243; border_radii=\u00bbon|20px|20px|20px|20px\u00bb box_shadow_style=\u00bbpreset1&#8243; global_colors_info=\u00bb{}\u00bb sticky_enabled=\u00bb0&#8243;][\/et_pb_image][\/et_pb_column][et_pb_column type=\u00bb1_4&#8243; _builder_version=\u00bb4.27.4&#8243; _module_preset=\u00bbdefault\u00bb global_colors_info=\u00bb{}\u00bb][et_pb_blurb title=\u00bbConstruyendo el futuro con las TIC\u00bb use_icon=\u00bbon\u00bb icon_placement=\u00bbleft\u00bb image_icon_width=\u00bb112%\u00bb _builder_version=\u00bb4.27.4&#8243; _module_preset=\u00bbdefault\u00bb hover_enabled=\u00bb0&#8243; global_colors_info=\u00bb{}\u00bb sticky_enabled=\u00bb0&#8243;]<\/p>\n<p><span style=\"font-size: 14px; text-align: justify;\"><\/span><\/p>\n<blockquote>\n<p><span>Para nuestros nativos digitales las nuevas tecnolog\u00edas son un canal de comunicaci\u00f3n e informaci\u00f3n que les abre las puertas a un aprendizaje motivador y creativo, con el uso de los iPads y los ordenadores aumentamos su implicaci\u00f3n en el aula y fortalecemos las herramientas que necesitar\u00e1n en un futuro.\u00a0<\/span><\/p>\n<\/blockquote>\n<p>&nbsp;<\/p>\n<p>[\/et_pb_blurb][\/et_pb_column][et_pb_column type=\u00bb1_4&#8243; _builder_version=\u00bb4.27.4&#8243; _module_preset=\u00bbdefault\u00bb global_colors_info=\u00bb{}\u00bb][et_pb_image src=\u00bbhttps:\/\/linares.salesianos.edu\/colegio\/wp-content\/uploads\/sites\/16\/2025\/01\/474528270_18184224817308572_2321215940548270822_n.jpg\u00bb title_text=\u00bb474528270_18184224817308572_2321215940548270822_n\u00bb _builder_version=\u00bb4.27.4&#8243; _module_preset=\u00bbdefault\u00bb hover_enabled=\u00bb0&#8243; border_radii=\u00bbon|20px|20px|20px|20px\u00bb box_shadow_style=\u00bbpreset1&#8243; global_colors_info=\u00bb{}\u00bb sticky_enabled=\u00bb0&#8243;][\/et_pb_image][\/et_pb_column][et_pb_column type=\u00bb1_4&#8243; _builder_version=\u00bb4.27.4&#8243; _module_preset=\u00bbdefault\u00bb global_colors_info=\u00bb{}\u00bb][et_pb_blurb title=\u00bbEspacios para el aprendizaje\u00bb use_icon=\u00bbon\u00bb icon_placement=\u00bbleft\u00bb image_icon_width=\u00bb112%\u00bb _builder_version=\u00bb4.27.4&#8243; _module_preset=\u00bbdefault\u00bb hover_enabled=\u00bb0&#8243; global_colors_info=\u00bb{}\u00bb sticky_enabled=\u00bb0&#8243;]<\/p>\n<blockquote>\n<p style=\"text-align: justify;\"><span>Para poner en pr\u00e1ctica los conocimientos adquiridos en el aula y favorecer su mejor comprensi\u00f3n, contamos con aulas con todos los medios, y otros espacios como Taller de Tecnolog\u00eda, Aula de inform\u00e1tica, Aula de M\u00fasica y Laboratorio.<\/span><\/p>\n<\/blockquote>\n<p>[\/et_pb_blurb][\/et_pb_column][\/et_pb_row][et_pb_row column_structure=\u00bb1_4,1_4,1_4,1_4&#8243; _builder_version=\u00bb4.27.4&#8243; _module_preset=\u00bbdefault\u00bb global_colors_info=\u00bb{}\u00bb][et_pb_column type=\u00bb1_4&#8243; _builder_version=\u00bb4.27.4&#8243; _module_preset=\u00bbdefault\u00bb global_colors_info=\u00bb{}\u00bb][et_pb_image src=\u00bbhttps:\/\/linares.salesianos.edu\/colegio\/wp-content\/uploads\/sites\/16\/2025\/01\/434125401_1015711006577034_7798384228215501559_n.jpg\u00bb title_text=\u00bb434125401_1015711006577034_7798384228215501559_n\u00bb _builder_version=\u00bb4.27.4&#8243; _module_preset=\u00bbdefault\u00bb hover_enabled=\u00bb0&#8243; border_radii=\u00bbon|20px|20px|20px|20px\u00bb box_shadow_style=\u00bbpreset1&#8243; global_colors_info=\u00bb{}\u00bb sticky_enabled=\u00bb0&#8243;][\/et_pb_image][\/et_pb_column][et_pb_column type=\u00bb1_4&#8243; _builder_version=\u00bb4.27.4&#8243; _module_preset=\u00bbdefault\u00bb global_colors_info=\u00bb{}\u00bb][et_pb_blurb title=\u00bbApostamos por el pluriling\u00fcismo\u00bb use_icon=\u00bbon\u00bb icon_placement=\u00bbleft\u00bb image_icon_width=\u00bb112%\u00bb _builder_version=\u00bb4.27.4&#8243; _module_preset=\u00bbdefault\u00bb hover_enabled=\u00bb0&#8243; global_colors_info=\u00bb{}\u00bb sticky_enabled=\u00bb0&#8243;]<\/p>\n<blockquote>\n<p style=\"text-align: justify;\"><span>Ser competente en varios idiomas es una de las prioridades que tenemos en la formaci\u00f3n de nuestros j\u00f3venes. Para ello contamos con muchos programas pluriling\u00fces como la preparaci\u00f3n de ex\u00e1menes oficiales de Cambridge, intercambios con pa\u00edses europeos, conversaci\u00f3n con nativos, inmersiones ling\u00fc\u00edsticas, etc.\u00a0<\/span><\/p>\n<\/blockquote>\n<p>[\/et_pb_blurb][\/et_pb_column][et_pb_column type=\u00bb1_4&#8243; _builder_version=\u00bb4.27.4&#8243; _module_preset=\u00bbdefault\u00bb global_colors_info=\u00bb{}\u00bb][et_pb_image src=\u00bbhttps:\/\/linares.salesianos.edu\/colegio\/wp-content\/uploads\/sites\/16\/2025\/01\/1.jpeg\u00bb title_text=\u00bb1&#8243; _builder_version=\u00bb4.27.4&#8243; _module_preset=\u00bbdefault\u00bb hover_enabled=\u00bb0&#8243; border_radii=\u00bbon|20px|20px|20px|20px\u00bb box_shadow_style=\u00bbpreset1&#8243; global_colors_info=\u00bb{}\u00bb sticky_enabled=\u00bb0&#8243;][\/et_pb_image][\/et_pb_column][et_pb_column type=\u00bb1_4&#8243; _builder_version=\u00bb4.27.4&#8243; _module_preset=\u00bbdefault\u00bb global_colors_info=\u00bb{}\u00bb][et_pb_blurb title=\u00bbSeguimos el camino del evangelio\u00bb use_icon=\u00bbon\u00bb icon_placement=\u00bbleft\u00bb image_icon_width=\u00bb112%\u00bb _builder_version=\u00bb4.27.4&#8243; _module_preset=\u00bbdefault\u00bb hover_enabled=\u00bb0&#8243; global_colors_info=\u00bb{}\u00bb sticky_enabled=\u00bb0&#8243;]<\/p>\n<blockquote>\n<p style=\"text-align: justify;\"><span>Nuestra misi\u00f3n es formar buenos cristianos y honrados ciudadanos. Para ello, nos centramos en educar en valores y realizamos acciones evangelizadoras y de car\u00e1cter solidario que se llevan a cabo desde Pastoral, haciendo part\u00edcipes a nuestros j\u00f3venes en el dise\u00f1o y ejecuci\u00f3n de las mismas.<\/span><\/p>\n<\/blockquote>\n<p>[\/et_pb_blurb][\/et_pb_column][\/et_pb_row][\/et_pb_section]<\/p>\n","protected":false},"excerpt":{"rendered":"<p>La\u00a0Educaci\u00f3n Secundaria Obligatoria\u00a0es una etapa educativa obligatoria que abarca\u00a0desde los 12 hasta los 16 a\u00f1os\u00a0y se compone de\u00a0cuatro cursos. Contamos con un total de 8 aulas, dos l\u00edneas por curso \u00a0Al final de la etapa, el alumnado estar\u00e1 en disposici\u00f3n del\u00a0t\u00edtulo de la E.S.O., que le permitir\u00e1 acceder a\u00a0estudios pre-universitarios\u00a0(Bachillerato) o a\u00a0estudios profesionales\u00a0(Grados de Formaci\u00f3n [&hellip;]<\/p>\n","protected":false},"author":3,"featured_media":0,"parent":3818,"menu_order":3,"comment_status":"closed","ping_status":"closed","template":"","meta":{"_et_pb_use_builder":"on","_et_pb_old_content":"<p>La\u00a0Educaci\u00f3n Secundaria Obligatoria\u00a0es una etapa educativa obligatoria que abarca\u00a0desde los 12 hasta los 16 a\u00f1os.<\/p><p>Se compone de\u00a0cuatro cursos\u00a0en los que el alumno recibir\u00e1 una formaci\u00f3n integral desarrollando conocimientos, habilidades y competencias que le ser\u00e1n imprescindibles para desenvolverse en y para la vida. Contamos con un total de 8 aulas, dos l\u00edneas por curso.<\/p><p>Al final de la etapa, el alumnado estar\u00e1 en disposici\u00f3n del\u00a0t\u00edtulo de la E.S.O., que le permitir\u00e1 acceder bien a bachillerato o ciclos formativos.<\/p><p>La etapa de secundaria se caracteriza por:<\/p><p>\u00a0<\/p><p>Utilizamos metodolog\u00edas activas:\u00a0como el aprendizaje cooperativo, aprendizaje por proyectos y Aprendizaje y Servicio (APS) que tienen como centro del proceso al alumnado.<\/p><p>Programas de inmersi\u00f3n ling\u00fc\u00edstica en el extranjero, pr\u00e1cticas de laboratorio, salidas culturales, teatro, campa\u00f1as solidarias y voluntariado son algunas de las actividades en las que participan los alumnos y alumnas durante el curso.<\/p><p>Orientaci\u00f3n Vocacional y profesional: destacar testimonios de vida de personas cercanas a la obra y visita a otros centros, para facilitar la elecci\u00f3n del alumnado una vez terminada la escolarizaci\u00f3n obligatoria.<\/p><p>Favorecemos un buen clima de convivencia escolar.<\/p>","_et_gb_content_width":"","footnotes":""},"class_list":["post-3939","page","type-page","status-publish","hentry"],"yoast_head":"<!-- This site is optimized with the Yoast SEO plugin v27.4 - https:\/\/yoast.com\/product\/yoast-seo-wordpress\/ -->\n<title>Secundaria - Colegio<\/title>\n<meta name=\"robots\" content=\"index, follow, max-snippet:-1, max-image-preview:large, max-video-preview:-1\" \/>\n<link rel=\"canonical\" href=\"https:\/\/linares.salesianos.edu\/colegio\/oferta-educativa\/secundaria\/\" \/>\n<meta property=\"og:locale\" content=\"es_ES\" \/>\n<meta property=\"og:type\" content=\"article\" \/>\n<meta property=\"og:title\" content=\"Secundaria - Colegio\" \/>\n<meta property=\"og:description\" content=\"La\u00a0Educaci\u00f3n Secundaria Obligatoria\u00a0es una etapa educativa obligatoria que abarca\u00a0desde los 12 hasta los 16 a\u00f1os\u00a0y se compone de\u00a0cuatro cursos. Contamos con un total de 8 aulas, dos l\u00edneas por curso \u00a0Al final de la etapa, el alumnado estar\u00e1 en disposici\u00f3n del\u00a0t\u00edtulo de la E.S.O., que le permitir\u00e1 acceder a\u00a0estudios pre-universitarios\u00a0(Bachillerato) o a\u00a0estudios profesionales\u00a0(Grados de Formaci\u00f3n [&hellip;]\" \/>\n<meta property=\"og:url\" content=\"https:\/\/linares.salesianos.edu\/colegio\/oferta-educativa\/secundaria\/\" \/>\n<meta property=\"og:site_name\" content=\"Colegio\" \/>\n<meta property=\"article:modified_time\" content=\"2025-01-29T10:35:38+00:00\" \/>\n<meta name=\"twitter:card\" content=\"summary_large_image\" \/>\n<meta name=\"twitter:label1\" content=\"Tiempo de lectura\" \/>\n\t<meta name=\"twitter:data1\" content=\"7 minutos\" \/>\n<script type=\"application\/ld+json\" class=\"yoast-schema-graph\">{\"@context\":\"https:\\\/\\\/schema.org\",\"@graph\":[{\"@type\":\"WebPage\",\"@id\":\"https:\\\/\\\/linares.salesianos.edu\\\/colegio\\\/oferta-educativa\\\/secundaria\\\/\",\"url\":\"https:\\\/\\\/linares.salesianos.edu\\\/colegio\\\/oferta-educativa\\\/secundaria\\\/\",\"name\":\"Secundaria - Colegio\",\"isPartOf\":{\"@id\":\"https:\\\/\\\/linares.salesianos.edu\\\/colegio\\\/#website\"},\"datePublished\":\"2017-10-29T09:04:35+00:00\",\"dateModified\":\"2025-01-29T10:35:38+00:00\",\"breadcrumb\":{\"@id\":\"https:\\\/\\\/linares.salesianos.edu\\\/colegio\\\/oferta-educativa\\\/secundaria\\\/#breadcrumb\"},\"inLanguage\":\"es\",\"potentialAction\":[{\"@type\":\"ReadAction\",\"target\":[\"https:\\\/\\\/linares.salesianos.edu\\\/colegio\\\/oferta-educativa\\\/secundaria\\\/\"]}]},{\"@type\":\"BreadcrumbList\",\"@id\":\"https:\\\/\\\/linares.salesianos.edu\\\/colegio\\\/oferta-educativa\\\/secundaria\\\/#breadcrumb\",\"itemListElement\":[{\"@type\":\"ListItem\",\"position\":1,\"name\":\"Portada\",\"item\":\"https:\\\/\\\/linares.salesianos.edu\\\/colegio\\\/\"},{\"@type\":\"ListItem\",\"position\":2,\"name\":\"Oferta educativa\",\"item\":\"https:\\\/\\\/linares.salesianos.edu\\\/colegio\\\/oferta-educativa\\\/\"},{\"@type\":\"ListItem\",\"position\":3,\"name\":\"Secundaria\"}]},{\"@type\":\"WebSite\",\"@id\":\"https:\\\/\\\/linares.salesianos.edu\\\/colegio\\\/#website\",\"url\":\"https:\\\/\\\/linares.salesianos.edu\\\/colegio\\\/\",\"name\":\"Colegio\",\"description\":\"P\u00e1gina oficial Salesianos Linares\",\"potentialAction\":[{\"@type\":\"SearchAction\",\"target\":{\"@type\":\"EntryPoint\",\"urlTemplate\":\"https:\\\/\\\/linares.salesianos.edu\\\/colegio\\\/?s={search_term_string}\"},\"query-input\":{\"@type\":\"PropertyValueSpecification\",\"valueRequired\":true,\"valueName\":\"search_term_string\"}}],\"inLanguage\":\"es\"}]}<\/script>\n<!-- \/ Yoast SEO plugin. -->","yoast_head_json":{"title":"Secundaria - Colegio","robots":{"index":"index","follow":"follow","max-snippet":"max-snippet:-1","max-image-preview":"max-image-preview:large","max-video-preview":"max-video-preview:-1"},"canonical":"https:\/\/linares.salesianos.edu\/colegio\/oferta-educativa\/secundaria\/","og_locale":"es_ES","og_type":"article","og_title":"Secundaria - Colegio","og_description":"La\u00a0Educaci\u00f3n Secundaria Obligatoria\u00a0es una etapa educativa obligatoria que abarca\u00a0desde los 12 hasta los 16 a\u00f1os\u00a0y se compone de\u00a0cuatro cursos. Contamos con un total de 8 aulas, dos l\u00edneas por curso \u00a0Al final de la etapa, el alumnado estar\u00e1 en disposici\u00f3n del\u00a0t\u00edtulo de la E.S.O., que le permitir\u00e1 acceder a\u00a0estudios pre-universitarios\u00a0(Bachillerato) o a\u00a0estudios profesionales\u00a0(Grados de Formaci\u00f3n [&hellip;]","og_url":"https:\/\/linares.salesianos.edu\/colegio\/oferta-educativa\/secundaria\/","og_site_name":"Colegio","article_modified_time":"2025-01-29T10:35:38+00:00","twitter_card":"summary_large_image","twitter_misc":{"Tiempo de lectura":"7 minutos"},"schema":{"@context":"https:\/\/schema.org","@graph":[{"@type":"WebPage","@id":"https:\/\/linares.salesianos.edu\/colegio\/oferta-educativa\/secundaria\/","url":"https:\/\/linares.salesianos.edu\/colegio\/oferta-educativa\/secundaria\/","name":"Secundaria - Colegio","isPartOf":{"@id":"https:\/\/linares.salesianos.edu\/colegio\/#website"},"datePublished":"2017-10-29T09:04:35+00:00","dateModified":"2025-01-29T10:35:38+00:00","breadcrumb":{"@id":"https:\/\/linares.salesianos.edu\/colegio\/oferta-educativa\/secundaria\/#breadcrumb"},"inLanguage":"es","potentialAction":[{"@type":"ReadAction","target":["https:\/\/linares.salesianos.edu\/colegio\/oferta-educativa\/secundaria\/"]}]},{"@type":"BreadcrumbList","@id":"https:\/\/linares.salesianos.edu\/colegio\/oferta-educativa\/secundaria\/#breadcrumb","itemListElement":[{"@type":"ListItem","position":1,"name":"Portada","item":"https:\/\/linares.salesianos.edu\/colegio\/"},{"@type":"ListItem","position":2,"name":"Oferta educativa","item":"https:\/\/linares.salesianos.edu\/colegio\/oferta-educativa\/"},{"@type":"ListItem","position":3,"name":"Secundaria"}]},{"@type":"WebSite","@id":"https:\/\/linares.salesianos.edu\/colegio\/#website","url":"https:\/\/linares.salesianos.edu\/colegio\/","name":"Colegio","description":"P\u00e1gina oficial Salesianos Linares","potentialAction":[{"@type":"SearchAction","target":{"@type":"EntryPoint","urlTemplate":"https:\/\/linares.salesianos.edu\/colegio\/?s={search_term_string}"},"query-input":{"@type":"PropertyValueSpecification","valueRequired":true,"valueName":"search_term_string"}}],"inLanguage":"es"}]}},"_links":{"self":[{"href":"https:\/\/linares.salesianos.edu\/colegio\/wp-json\/wp\/v2\/pages\/3939","targetHints":{"allow":["GET"]}}],"collection":[{"href":"https:\/\/linares.salesianos.edu\/colegio\/wp-json\/wp\/v2\/pages"}],"about":[{"href":"https:\/\/linares.salesianos.edu\/colegio\/wp-json\/wp\/v2\/types\/page"}],"author":[{"embeddable":true,"href":"https:\/\/linares.salesianos.edu\/colegio\/wp-json\/wp\/v2\/users\/3"}],"replies":[{"embeddable":true,"href":"https:\/\/linares.salesianos.edu\/colegio\/wp-json\/wp\/v2\/comments?post=3939"}],"version-history":[{"count":6,"href":"https:\/\/linares.salesianos.edu\/colegio\/wp-json\/wp\/v2\/pages\/3939\/revisions"}],"predecessor-version":[{"id":6102,"href":"https:\/\/linares.salesianos.edu\/colegio\/wp-json\/wp\/v2\/pages\/3939\/revisions\/6102"}],"up":[{"embeddable":true,"href":"https:\/\/linares.salesianos.edu\/colegio\/wp-json\/wp\/v2\/pages\/3818"}],"wp:attachment":[{"href":"https:\/\/linares.salesianos.edu\/colegio\/wp-json\/wp\/v2\/media?parent=3939"}],"curies":[{"name":"wp","href":"https:\/\/api.w.org\/{rel}","templated":true}]}}