{"id":3946,"date":"2017-10-29T10:10:16","date_gmt":"2017-10-29T09:10:16","guid":{"rendered":"https:\/\/linares.salesianos.edu\/colegio\/?page_id=3946"},"modified":"2022-10-12T10:59:13","modified_gmt":"2022-10-12T08:59:13","slug":"aula-matinal","status":"publish","type":"page","link":"https:\/\/linares.salesianos.edu\/colegio\/servicios-complementarios\/aula-matinal\/","title":{"rendered":"Aula Matinal"},"content":{"rendered":"<div id=\"fb-root\"><\/div>\n<p>[et_pb_section fb_built=\u00bb1&#8243; fullwidth=\u00bbon\u00bb _builder_version=\u00bb4.16&#8243; global_colors_info=\u00bb{}\u00bb][et_pb_fullwidth_header title=\u00bbAula Matinal\u00bb title_font_color=\u00bb#ffffff\u00bb module_class=\u00bbpagina-imagen-cabecera\u00bb _builder_version=\u00bb4.18.0&#8243; title_text_color=\u00bb#ffffff\u00bb title_font_size=\u00bb40px\u00bb background_color=\u00bbrgba(255, 255, 255, 0)\u00bb background_image=\u00bbhttps:\/\/linares.salesianos.edu\/colegio\/wp-content\/uploads\/sites\/16\/2021\/02\/encabezado_noticias_casa-min.png\u00bb background_layout=\u00bblight\u00bb max_width_tablet=\u00bb50px\u00bb hover_enabled=\u00bb0&#8243; background_url=\u00bbhttp:\/\/malaga.salesianos.edu\/wp-content\/uploads\/2017\/02\/Foto-de-portad_sin_letras.png\u00bb global_colors_info=\u00bb{}\u00bb button_one_text_size__hover_enabled=\u00bboff\u00bb button_two_text_size__hover_enabled=\u00bboff\u00bb button_one_text_color__hover_enabled=\u00bboff\u00bb button_two_text_color__hover_enabled=\u00bboff\u00bb button_one_border_width__hover_enabled=\u00bboff\u00bb button_two_border_width__hover_enabled=\u00bboff\u00bb button_one_border_color__hover_enabled=\u00bboff\u00bb button_two_border_color__hover_enabled=\u00bboff\u00bb button_one_border_radius__hover_enabled=\u00bboff\u00bb button_two_border_radius__hover_enabled=\u00bboff\u00bb button_one_letter_spacing__hover_enabled=\u00bboff\u00bb button_two_letter_spacing__hover_enabled=\u00bboff\u00bb button_one_bg_color__hover_enabled=\u00bboff\u00bb button_two_bg_color__hover_enabled=\u00bboff\u00bb title_text=\u00bbencabezado_noticias_casa-min\u00bb sticky_enabled=\u00bb0&#8243;][\/et_pb_fullwidth_header][\/et_pb_section][et_pb_section fb_built=\u00bb1&#8243; _builder_version=\u00bb4.16&#8243; global_colors_info=\u00bb{}\u00bb][et_pb_row column_structure=\u00bb1_2,1_2&#8243; _builder_version=\u00bb4.16&#8243; background_size=\u00bbinitial\u00bb background_position=\u00bbtop_left\u00bb background_repeat=\u00bbrepeat\u00bb global_colors_info=\u00bb{}\u00bb][et_pb_column type=\u00bb1_2&#8243; _builder_version=\u00bb4.16&#8243; custom_padding=\u00bb|||\u00bb global_colors_info=\u00bb{}\u00bb custom_padding__hover=\u00bb|||\u00bb][et_pb_blurb title=\u00bb\u00bfPara qui\u00e9n es?\u00bb use_icon=\u00bbon\u00bb font_icon=\u00bb&#xe08b;||divi||400&#8243; icon_placement=\u00bbleft\u00bb image_icon_width=\u00bb79px\u00bb _builder_version=\u00bb4.16&#8243; header_font_size=\u00bb20px\u00bb icon_font_size=\u00bb79px\u00bb global_colors_info=\u00bb{}\u00bb]<\/p>\n<p><span>Para\u00a0<\/span><strong>todo el alumnado<\/strong><span>\u00a0del colegio, independientemente de la edad.<\/span><\/p>\n<p>[\/et_pb_blurb][et_pb_blurb title=\u00bbQu\u00e9 se hace?\u00bb use_icon=\u00bbon\u00bb font_icon=\u00bb&#xe0f9;||divi||400&#8243; icon_color=\u00bb#e02b20&#8243; icon_placement=\u00bbleft\u00bb image_icon_width=\u00bb79px\u00bb _builder_version=\u00bb4.16&#8243; header_font_size=\u00bb20px\u00bb icon_font_size=\u00bb79px\u00bb global_colors_info=\u00bb{}\u00bb]<\/p>\n<p><span><strong>Jugar y pasarlo bien<\/strong>\u00a0en un ambiente agradable.<\/span><\/p>\n<p><span>Para ello, la ludoteca est\u00e1 organizada por\u00a0<strong>rincones\u00a0<\/strong>en los que jugar de manera libre: construcciones, coches, cocinas, herramientas, pinturas, juegos de mesa, mu\u00f1ecos, etc.<\/span><\/p>\n<p>[\/et_pb_blurb][et_pb_blurb title=\u00bb\t \u00bfCu\u00e1l es el horario?\u00bb use_icon=\u00bbon\u00bb font_icon=\u00bb&#x7d;||divi||400&#8243; icon_placement=\u00bbleft\u00bb image_icon_width=\u00bb79px\u00bb _builder_version=\u00bb4.16&#8243; header_font_size=\u00bb20px\u00bb icon_font_size=\u00bb79px\u00bb global_colors_info=\u00bb{}\u00bb]<\/p>\n<p><span><strong>\u2013 MA\u00d1ANA antes de las 8:30:<\/strong>\u00a0abrimos a las\u00a0<strong>7:45 h.\u00a0<\/strong>y\u00a0<strong>pueden desayunar aqu\u00ed<\/strong>\u00a0si lo desean.<\/span><\/p>\n<p><span color=\"#dc001b\"><b>\u2013 MA\u00d1ANA a partir de las 8:30 (Horario Reducido)<\/b><\/span><\/p>\n<p>[\/et_pb_blurb][\/et_pb_column][et_pb_column type=\u00bb1_2&#8243; _builder_version=\u00bb4.16&#8243; custom_padding=\u00bb|||\u00bb global_colors_info=\u00bb{}\u00bb custom_padding__hover=\u00bb|||\u00bb][et_pb_blurb title=\u00bbTarifas\u00bb use_icon=\u00bbon\u00bb font_icon=\u00bb&#xe014;||divi||400&#8243; icon_placement=\u00bbleft\u00bb image_icon_width=\u00bb79px\u00bb _builder_version=\u00bb4.16&#8243; header_font_size=\u00bb20px\u00bb icon_font_size=\u00bb79px\u00bb global_colors_info=\u00bb{}\u00bb]<\/p>\n<p>Puedes consultar los precios en la siguiente tabla:<\/p>\n<table height=\"103\" style=\"width: 442px;\">\n<tbody>\n<tr>\n<td style=\"width: 194px;\"><\/td>\n<td style=\"width: 105px;\"><b>Precio D\u00eda<\/b><\/td>\n<td style=\"width: 142px;\"><b>Precio Mensualidad<\/b><\/td>\n<\/tr>\n<tr>\n<td style=\"width: 194px;\"><strong><span>MA\u00d1ANAS<\/span><span>\u00a0<\/span>antes de las 8:30<\/strong><\/td>\n<td style=\"width: 105px;\"><strong>3,00\u20ac \/ D\u00cdA<\/strong><\/td>\n<td style=\"width: 142px;\"><strong>45\u20ac \/ MES<\/strong><\/td>\n<\/tr>\n<tr>\n<td style=\"width: 194px;\"><strong><span>MA\u00d1ANAS<\/span><span>\u00a0<\/span>a partir de las 8:30<\/strong><\/td>\n<td style=\"width: 105px;\"><strong>1,50\u20ac \/ D\u00cdA<\/strong><\/td>\n<td style=\"width: 142px;\"><strong>20\u20ac \/ MES<\/strong><\/td>\n<\/tr>\n<\/tbody>\n<\/table>\n<p><span><strong>Para alumnado fijo<\/strong><\/span>, el servicio se abonar\u00e1<span>\u00a0<\/span><strong>por mensualidad completa en recibo domiciliado al finalizar el mes<\/strong>, calculando el importe<span>\u00a0<\/span>seg\u00fan los d\u00edas utilizados de cada mes, con un m\u00e1ximo del precio de la mensualidad. Las altas se comunicar\u00e1n a Administraci\u00f3n.<\/p>\n<p><span><strong>El servicio puede utilizarse por d\u00edas espor\u00e1dicos, semanas, quincenas&#8230; <\/strong>y se abonar\u00e1 el precio por recibo domiciliado al finalizar el mes.\u00a0<\/span><\/p>\n<p>[\/et_pb_blurb][\/et_pb_column][\/et_pb_row][et_pb_row _builder_version=\u00bb4.16&#8243; global_colors_info=\u00bb{}\u00bb][et_pb_column type=\u00bb4_4&#8243; _builder_version=\u00bb4.16&#8243; global_colors_info=\u00bb{}\u00bb][et_pb_image src=\u00bbhttps:\/\/linares.salesianos.edu\/colegio\/wp-content\/uploads\/sites\/16\/2020\/04\/IMG-1489.jpg\u00bb _builder_version=\u00bb4.16&#8243; width=\u00bb75%\u00bb max_width=\u00bb77%\u00bb module_alignment=\u00bbcenter\u00bb custom_padding=\u00bb||0px|||\u00bb global_colors_info=\u00bb{}\u00bb][\/et_pb_image][\/et_pb_column][\/et_pb_row][\/et_pb_section]<\/p>\n","protected":false},"excerpt":{"rendered":"<p>Para\u00a0todo el alumnado\u00a0del colegio, independientemente de la edad.Jugar y pasarlo bien\u00a0en un ambiente agradable. Para ello, la ludoteca est\u00e1 organizada por\u00a0rincones\u00a0en los que jugar de manera libre: construcciones, coches, cocinas, herramientas, pinturas, juegos de mesa, mu\u00f1ecos, etc.\u2013 MA\u00d1ANA antes de las 8:30:\u00a0abrimos a las\u00a07:45 h.\u00a0y\u00a0pueden desayunar aqu\u00ed\u00a0si lo desean. \u2013 MA\u00d1ANA a partir de las [&hellip;]<\/p>\n","protected":false},"author":3,"featured_media":0,"parent":3831,"menu_order":1,"comment_status":"closed","ping_status":"closed","template":"","meta":{"_et_pb_use_builder":"on","_et_pb_old_content":"<p>Con este servicio se ampl\u00eda el horario de apertura del centro durante todos los d\u00edas lectivos, conciliando la vida familiar y escolar.<br \/> Est\u00e1 gestionado por el propio centro, que contrata personal especializado.<\/p><p><b><strong>HORARIO<\/strong><\/b><br \/> Lunes a Viernes:<\/p><p>- De 7:45 a 9:15 horas.<br \/> - De 8:30 a 9:15 horas en horario reducido<\/p><p>En el caso de educaci\u00f3n infantil, la monitora acompa\u00f1a a los peque\u00f1os de la etapa a sus respectivas aulas al inicio de las clases, garantizando as\u00ed la seguridad en el centro.<\/p><p><b><strong>CONTRATACI\u00d3N<\/strong><\/b><br \/> Contrataci\u00f3n Mensual o Diaria (sin necesidad de previo aviso)<\/p><p><b><strong>PRECIO<\/strong><\/b><br \/> Consulte precio seg\u00fan necesidad horaria elegida<\/p>","_et_gb_content_width":"","footnotes":""},"class_list":["post-3946","page","type-page","status-publish","hentry"],"yoast_head":"<!-- This site is optimized with the Yoast SEO plugin v27.4 - https:\/\/yoast.com\/product\/yoast-seo-wordpress\/ -->\n<title>Aula Matinal - Colegio<\/title>\n<meta name=\"robots\" content=\"index, follow, max-snippet:-1, max-image-preview:large, max-video-preview:-1\" \/>\n<link rel=\"canonical\" href=\"https:\/\/linares.salesianos.edu\/colegio\/servicios-complementarios\/aula-matinal\/\" \/>\n<meta property=\"og:locale\" content=\"es_ES\" \/>\n<meta property=\"og:type\" content=\"article\" \/>\n<meta property=\"og:title\" content=\"Aula Matinal - Colegio\" \/>\n<meta property=\"og:description\" content=\"Para\u00a0todo el alumnado\u00a0del colegio, independientemente de la edad.Jugar y pasarlo bien\u00a0en un ambiente agradable. Para ello, la ludoteca est\u00e1 organizada por\u00a0rincones\u00a0en los que jugar de manera libre: construcciones, coches, cocinas, herramientas, pinturas, juegos de mesa, mu\u00f1ecos, etc.\u2013 MA\u00d1ANA antes de las 8:30:\u00a0abrimos a las\u00a07:45 h.\u00a0y\u00a0pueden desayunar aqu\u00ed\u00a0si lo desean. \u2013 MA\u00d1ANA a partir de las [&hellip;]\" \/>\n<meta property=\"og:url\" content=\"https:\/\/linares.salesianos.edu\/colegio\/servicios-complementarios\/aula-matinal\/\" \/>\n<meta property=\"og:site_name\" content=\"Colegio\" \/>\n<meta property=\"article:modified_time\" content=\"2022-10-12T08:59:13+00:00\" \/>\n<meta name=\"twitter:card\" content=\"summary_large_image\" \/>\n<meta name=\"twitter:label1\" content=\"Tiempo de lectura\" \/>\n\t<meta name=\"twitter:data1\" content=\"3 minutos\" \/>\n<script type=\"application\/ld+json\" class=\"yoast-schema-graph\">{\"@context\":\"https:\\\/\\\/schema.org\",\"@graph\":[{\"@type\":\"WebPage\",\"@id\":\"https:\\\/\\\/linares.salesianos.edu\\\/colegio\\\/servicios-complementarios\\\/aula-matinal\\\/\",\"url\":\"https:\\\/\\\/linares.salesianos.edu\\\/colegio\\\/servicios-complementarios\\\/aula-matinal\\\/\",\"name\":\"Aula Matinal - Colegio\",\"isPartOf\":{\"@id\":\"https:\\\/\\\/linares.salesianos.edu\\\/colegio\\\/#website\"},\"datePublished\":\"2017-10-29T09:10:16+00:00\",\"dateModified\":\"2022-10-12T08:59:13+00:00\",\"breadcrumb\":{\"@id\":\"https:\\\/\\\/linares.salesianos.edu\\\/colegio\\\/servicios-complementarios\\\/aula-matinal\\\/#breadcrumb\"},\"inLanguage\":\"es\",\"potentialAction\":[{\"@type\":\"ReadAction\",\"target\":[\"https:\\\/\\\/linares.salesianos.edu\\\/colegio\\\/servicios-complementarios\\\/aula-matinal\\\/\"]}]},{\"@type\":\"BreadcrumbList\",\"@id\":\"https:\\\/\\\/linares.salesianos.edu\\\/colegio\\\/servicios-complementarios\\\/aula-matinal\\\/#breadcrumb\",\"itemListElement\":[{\"@type\":\"ListItem\",\"position\":1,\"name\":\"Portada\",\"item\":\"https:\\\/\\\/linares.salesianos.edu\\\/colegio\\\/\"},{\"@type\":\"ListItem\",\"position\":2,\"name\":\"Servicios\",\"item\":\"https:\\\/\\\/linares.salesianos.edu\\\/colegio\\\/servicios-complementarios\\\/\"},{\"@type\":\"ListItem\",\"position\":3,\"name\":\"Aula Matinal\"}]},{\"@type\":\"WebSite\",\"@id\":\"https:\\\/\\\/linares.salesianos.edu\\\/colegio\\\/#website\",\"url\":\"https:\\\/\\\/linares.salesianos.edu\\\/colegio\\\/\",\"name\":\"Colegio\",\"description\":\"P\u00e1gina oficial Salesianos Linares\",\"potentialAction\":[{\"@type\":\"SearchAction\",\"target\":{\"@type\":\"EntryPoint\",\"urlTemplate\":\"https:\\\/\\\/linares.salesianos.edu\\\/colegio\\\/?s={search_term_string}\"},\"query-input\":{\"@type\":\"PropertyValueSpecification\",\"valueRequired\":true,\"valueName\":\"search_term_string\"}}],\"inLanguage\":\"es\"}]}<\/script>\n<!-- \/ Yoast SEO plugin. -->","yoast_head_json":{"title":"Aula Matinal - Colegio","robots":{"index":"index","follow":"follow","max-snippet":"max-snippet:-1","max-image-preview":"max-image-preview:large","max-video-preview":"max-video-preview:-1"},"canonical":"https:\/\/linares.salesianos.edu\/colegio\/servicios-complementarios\/aula-matinal\/","og_locale":"es_ES","og_type":"article","og_title":"Aula Matinal - Colegio","og_description":"Para\u00a0todo el alumnado\u00a0del colegio, independientemente de la edad.Jugar y pasarlo bien\u00a0en un ambiente agradable. Para ello, la ludoteca est\u00e1 organizada por\u00a0rincones\u00a0en los que jugar de manera libre: construcciones, coches, cocinas, herramientas, pinturas, juegos de mesa, mu\u00f1ecos, etc.\u2013 MA\u00d1ANA antes de las 8:30:\u00a0abrimos a las\u00a07:45 h.\u00a0y\u00a0pueden desayunar aqu\u00ed\u00a0si lo desean. \u2013 MA\u00d1ANA a partir de las [&hellip;]","og_url":"https:\/\/linares.salesianos.edu\/colegio\/servicios-complementarios\/aula-matinal\/","og_site_name":"Colegio","article_modified_time":"2022-10-12T08:59:13+00:00","twitter_card":"summary_large_image","twitter_misc":{"Tiempo de lectura":"3 minutos"},"schema":{"@context":"https:\/\/schema.org","@graph":[{"@type":"WebPage","@id":"https:\/\/linares.salesianos.edu\/colegio\/servicios-complementarios\/aula-matinal\/","url":"https:\/\/linares.salesianos.edu\/colegio\/servicios-complementarios\/aula-matinal\/","name":"Aula Matinal - Colegio","isPartOf":{"@id":"https:\/\/linares.salesianos.edu\/colegio\/#website"},"datePublished":"2017-10-29T09:10:16+00:00","dateModified":"2022-10-12T08:59:13+00:00","breadcrumb":{"@id":"https:\/\/linares.salesianos.edu\/colegio\/servicios-complementarios\/aula-matinal\/#breadcrumb"},"inLanguage":"es","potentialAction":[{"@type":"ReadAction","target":["https:\/\/linares.salesianos.edu\/colegio\/servicios-complementarios\/aula-matinal\/"]}]},{"@type":"BreadcrumbList","@id":"https:\/\/linares.salesianos.edu\/colegio\/servicios-complementarios\/aula-matinal\/#breadcrumb","itemListElement":[{"@type":"ListItem","position":1,"name":"Portada","item":"https:\/\/linares.salesianos.edu\/colegio\/"},{"@type":"ListItem","position":2,"name":"Servicios","item":"https:\/\/linares.salesianos.edu\/colegio\/servicios-complementarios\/"},{"@type":"ListItem","position":3,"name":"Aula Matinal"}]},{"@type":"WebSite","@id":"https:\/\/linares.salesianos.edu\/colegio\/#website","url":"https:\/\/linares.salesianos.edu\/colegio\/","name":"Colegio","description":"P\u00e1gina oficial Salesianos Linares","potentialAction":[{"@type":"SearchAction","target":{"@type":"EntryPoint","urlTemplate":"https:\/\/linares.salesianos.edu\/colegio\/?s={search_term_string}"},"query-input":{"@type":"PropertyValueSpecification","valueRequired":true,"valueName":"search_term_string"}}],"inLanguage":"es"}]}},"_links":{"self":[{"href":"https:\/\/linares.salesianos.edu\/colegio\/wp-json\/wp\/v2\/pages\/3946","targetHints":{"allow":["GET"]}}],"collection":[{"href":"https:\/\/linares.salesianos.edu\/colegio\/wp-json\/wp\/v2\/pages"}],"about":[{"href":"https:\/\/linares.salesianos.edu\/colegio\/wp-json\/wp\/v2\/types\/page"}],"author":[{"embeddable":true,"href":"https:\/\/linares.salesianos.edu\/colegio\/wp-json\/wp\/v2\/users\/3"}],"replies":[{"embeddable":true,"href":"https:\/\/linares.salesianos.edu\/colegio\/wp-json\/wp\/v2\/comments?post=3946"}],"version-history":[{"count":6,"href":"https:\/\/linares.salesianos.edu\/colegio\/wp-json\/wp\/v2\/pages\/3946\/revisions"}],"predecessor-version":[{"id":5900,"href":"https:\/\/linares.salesianos.edu\/colegio\/wp-json\/wp\/v2\/pages\/3946\/revisions\/5900"}],"up":[{"embeddable":true,"href":"https:\/\/linares.salesianos.edu\/colegio\/wp-json\/wp\/v2\/pages\/3831"}],"wp:attachment":[{"href":"https:\/\/linares.salesianos.edu\/colegio\/wp-json\/wp\/v2\/media?parent=3946"}],"curies":[{"name":"wp","href":"https:\/\/api.w.org\/{rel}","templated":true}]}}