{"id":3948,"date":"2017-10-29T10:12:36","date_gmt":"2017-10-29T09:12:36","guid":{"rendered":"https:\/\/linares.salesianos.edu\/colegio\/?page_id=3948"},"modified":"2026-01-27T11:44:22","modified_gmt":"2026-01-27T10:44:22","slug":"comedor","status":"publish","type":"page","link":"https:\/\/linares.salesianos.edu\/colegio\/servicios-complementarios\/comedor\/","title":{"rendered":"Comedor"},"content":{"rendered":"<div id=\"fb-root\"><\/div>\n<p>[et_pb_section fb_built=\u00bb1&#8243; fullwidth=\u00bbon\u00bb _builder_version=\u00bb4.16&#8243; global_colors_info=\u00bb{}\u00bb][et_pb_fullwidth_header title=\u00bbComedor Escolar\u00bb title_font_color=\u00bb#ffffff\u00bb module_class=\u00bbpagina-imagen-cabecera\u00bb _builder_version=\u00bb4.18.0&#8243; title_text_color=\u00bb#ffffff\u00bb title_font_size=\u00bb40px\u00bb background_color=\u00bbrgba(255, 255, 255, 0)\u00bb background_image=\u00bbhttps:\/\/linares.salesianos.edu\/colegio\/wp-content\/uploads\/sites\/16\/2021\/02\/encabezado_noticias_casa-min.png\u00bb background_layout=\u00bblight\u00bb max_width_tablet=\u00bb50px\u00bb custom_padding=\u00bb|0px||||\u00bb background_url=\u00bbhttp:\/\/malaga.salesianos.edu\/wp-content\/uploads\/2017\/02\/Foto-de-portad_sin_letras.png\u00bb global_colors_info=\u00bb{}\u00bb button_one_text_size__hover_enabled=\u00bboff\u00bb button_two_text_size__hover_enabled=\u00bboff\u00bb button_one_text_color__hover_enabled=\u00bboff\u00bb button_two_text_color__hover_enabled=\u00bboff\u00bb button_one_border_width__hover_enabled=\u00bboff\u00bb button_two_border_width__hover_enabled=\u00bboff\u00bb button_one_border_color__hover_enabled=\u00bboff\u00bb button_two_border_color__hover_enabled=\u00bboff\u00bb button_one_border_radius__hover_enabled=\u00bboff\u00bb button_two_border_radius__hover_enabled=\u00bboff\u00bb button_one_letter_spacing__hover_enabled=\u00bboff\u00bb button_two_letter_spacing__hover_enabled=\u00bboff\u00bb button_one_bg_color__hover_enabled=\u00bboff\u00bb button_two_bg_color__hover_enabled=\u00bboff\u00bb][\/et_pb_fullwidth_header][\/et_pb_section][et_pb_section fb_built=\u00bb1&#8243; _builder_version=\u00bb4.16&#8243; global_colors_info=\u00bb{}\u00bb][et_pb_row _builder_version=\u00bb4.18.0&#8243; _module_preset=\u00bbdefault\u00bb global_colors_info=\u00bb{}\u00bb][et_pb_column type=\u00bb4_4&#8243; _builder_version=\u00bb4.18.0&#8243; _module_preset=\u00bbdefault\u00bb global_colors_info=\u00bb{}\u00bb][et_pb_blurb title=\u00bbCALENDARIO COMEDOR 25\/26&#8243; use_icon=\u00bbon\u00bb font_icon=\u00bb&#xe025;||divi||400&#8243; icon_placement=\u00bbleft\u00bb image_icon_width=\u00bb80px\u00bb content_max_width=\u00bb785px\u00bb _builder_version=\u00bb4.27.4&#8243; header_font_size=\u00bb20px\u00bb width=\u00bb100%\u00bb icon_font_size=\u00bb80px\u00bb global_colors_info=\u00bb{}\u00bb]<\/p>\n<p style=\"text-align: justify;\">Puede consultar los d\u00edas de comedor del curso 2025\/2026 en el siguiente enlace.<\/p>\n<blockquote>\n<p style=\"text-align: justify;\"><a href=\"https:\/\/drive.google.com\/file\/d\/1LYemiEfQFO2vuA-iYcm7iYTPHAYaWN7H\/view?usp=sharing\"><strong>Calendario Comedor 2025\/26<\/strong><\/a><\/p>\n<\/blockquote>\n<p>[\/et_pb_blurb][\/et_pb_column][\/et_pb_row][et_pb_row column_structure=\u00bb1_4,3_4&#8243; _builder_version=\u00bb4.27.4&#8243; _module_preset=\u00bbdefault\u00bb global_colors_info=\u00bb{}\u00bb][et_pb_column type=\u00bb1_4&#8243; _builder_version=\u00bb4.18.0&#8243; _module_preset=\u00bbdefault\u00bb global_colors_info=\u00bb{}\u00bb][et_pb_image src=\u00bbhttps:\/\/linares.salesianos.edu\/colegio\/wp-content\/uploads\/sites\/16\/2022\/09\/menu-del-mes.jpg\u00bb title_text=\u00bbmenu-del-mes\u00bb _builder_version=\u00bb4.18.0&#8243; _module_preset=\u00bbdefault\u00bb global_colors_info=\u00bb{}\u00bb][\/et_pb_image][\/et_pb_column][et_pb_column type=\u00bb3_4&#8243; _builder_version=\u00bb4.18.0&#8243; _module_preset=\u00bbdefault\u00bb global_colors_info=\u00bb{}\u00bb][et_pb_tabs _builder_version=\u00bb4.27.4&#8243; _module_preset=\u00bbdefault\u00bb width=\u00bb100%\u00bb hover_enabled=\u00bb0&#8243; global_colors_info=\u00bb{}\u00bb sticky_enabled=\u00bb0&#8243;][et_pb_tab title=\u00bbSeptiembre\u00bb _builder_version=\u00bb4.27.4&#8243; _module_preset=\u00bbdefault\u00bb global_colors_info=\u00bb{}\u00bb]<\/p>\n<p><a href=\"https:\/\/drive.google.com\/file\/d\/1J2jlf7pVRzhGGuAdWzWaY2mdoCgyXqLa\/view?usp=sharing\" target=\"_blank\" rel=\"noopener\">Descarga Men\u00fa Septiembre 2025<\/a><\/p>\n<p>[\/et_pb_tab][et_pb_tab title=\u00bbOctubre\u00bb _builder_version=\u00bb4.22.2&#8243; _module_preset=\u00bbdefault\u00bb global_colors_info=\u00bb{}\u00bb]<\/p>\n<p><a href=\"https:\/\/drive.google.com\/file\/d\/1GIhtPDeOMrgi2wL8WiMs8twWCPOoIYME\/view?usp=sharing\" target=\"_blank\" rel=\"noopener\"><\/a><a href=\"https:\/\/drive.google.com\/file\/d\/1V9gqrGsgwDpfitZoQxFij9-dI-Cb7MnP\/view?usp=sharing\" target=\"_blank\" rel=\"noopener\">Descarga Men\u00fa Octubre 2025<\/a><\/p>\n<p>[\/et_pb_tab][et_pb_tab title=\u00bbNoviembre\u00bb _builder_version=\u00bb4.23.1&#8243; _module_preset=\u00bbdefault\u00bb global_colors_info=\u00bb{}\u00bb]<\/p>\n<p><a href=\"https:\/\/drive.google.com\/file\/d\/1Z8Tj8JMSSeQX2CQ2px4TRjqhnYko_Y7i\/view?usp=sharing\" target=\"_blank\" rel=\"noopener\">Descarga Men\u00fa Noviembre 2025<\/a><a href=\"https:\/\/drive.google.com\/file\/d\/1bECVAQd_JgpHTlnS-WKTqqOm6wZUWdfp\/view?usp=sharing\" target=\"_blank\" rel=\"noopener\"><\/a><\/p>\n<p>[\/et_pb_tab][et_pb_tab title=\u00bbDiciembre\u00bb _builder_version=\u00bb4.27.4&#8243; _module_preset=\u00bbdefault\u00bb global_colors_info=\u00bb{}\u00bb]<\/p>\n<p><a href=\"https:\/\/drive.google.com\/file\/d\/14GLpA_3WOuPF2DBaye_-q7JPnfvluPMk\/view?usp=drive_link\" target=\"_blank\" rel=\"noopener\">Descarga Men\u00fa Diciembre 2025<\/a><\/p>\n<p>[\/et_pb_tab][et_pb_tab title=\u00bbEnero\u00bb _builder_version=\u00bb4.27.4&#8243; _module_preset=\u00bbdefault\u00bb global_colors_info=\u00bb{}\u00bb]<\/p>\n<p><a href=\"Descarga Men\u00fa Diciembre 2025\" target=\"_blank\" rel=\"noopener\">Descarga Men\u00fa Enero 2026<\/a><\/p>\n<p>[\/et_pb_tab][et_pb_tab title=\u00bbFebrero\u00bb _builder_version=\u00bb4.27.4&#8243; _module_preset=\u00bbdefault\u00bb hover_enabled=\u00bb0&#8243; global_colors_info=\u00bb{}\u00bb sticky_enabled=\u00bb0&#8243;]<\/p>\n<p><a href=\"https:\/\/drive.google.com\/file\/d\/11mWMjv6Hy_9B3FAXOi6pbFr3dIySzNMD\/view?usp=sharing\" target=\"_blank\" rel=\"noopener\">Descarga Men\u00fa Febrero 2026<\/a><\/p>\n<p>[\/et_pb_tab][et_pb_tab title=\u00bbMarzo\u00bb _builder_version=\u00bb4.27.4&#8243; _module_preset=\u00bbdefault\u00bb global_colors_info=\u00bb{}\u00bb][\/et_pb_tab][et_pb_tab title=\u00bbAbril\u00bb _builder_version=\u00bb4.24.2&#8243; _module_preset=\u00bbdefault\u00bb link_option_url_new_window=\u00bbon\u00bb global_colors_info=\u00bb{}\u00bb]<\/p>\n<p><a href=\"https:\/\/drive.google.com\/file\/d\/1VrhH0gxJOS80vd4vX-RbWS8lHr6atSlC\/view?usp=sharing\" target=\"_blank\" rel=\"noopener\"><\/a><\/p>\n<p>[\/et_pb_tab][et_pb_tab title=\u00bbMayo\u00bb _builder_version=\u00bb4.18.0&#8243; _module_preset=\u00bbdefault\u00bb global_colors_info=\u00bb{}\u00bb][\/et_pb_tab][et_pb_tab title=\u00bbJunio\u00bb _builder_version=\u00bb4.18.0&#8243; _module_preset=\u00bbdefault\u00bb global_colors_info=\u00bb{}\u00bb][\/et_pb_tab][\/et_pb_tabs][\/et_pb_column][\/et_pb_row][et_pb_row column_structure=\u00bb1_2,1_2&#8243; _builder_version=\u00bb4.16&#8243; background_size=\u00bbinitial\u00bb background_position=\u00bbtop_left\u00bb background_repeat=\u00bbrepeat\u00bb global_colors_info=\u00bb{}\u00bb][et_pb_column type=\u00bb1_2&#8243; _builder_version=\u00bb4.16&#8243; custom_padding=\u00bb|||\u00bb global_colors_info=\u00bb{}\u00bb custom_padding__hover=\u00bb|||\u00bb][et_pb_blurb title=\u00bb\u00bfPara quien \u00e9s?\u00bb use_icon=\u00bbon\u00bb font_icon=\u00bb&#xe08b;||divi||400&#8243; icon_placement=\u00bbleft\u00bb image_icon_width=\u00bb80px\u00bb content_max_width=\u00bb785px\u00bb _builder_version=\u00bb4.16&#8243; header_font_size=\u00bb20px\u00bb width=\u00bb100%\u00bb icon_font_size=\u00bb80px\u00bb global_colors_info=\u00bb{}\u00bb]<\/p>\n<p style=\"text-align: justify;\">Todos los alumnos pueden comer en el colegio, donde se les proporciona una\u00a0<b><strong>alimentaci\u00f3n sana, equilibrada y variada<\/strong><\/b>\u00a0creando en ellos h\u00e1bitos alimentarios saludables. Una buena dieta es la base fundamental para el buen desarrollo intelectual y f\u00edsico de la persona, m\u00e1s a\u00fan en edad escolar.<\/p>\n<p style=\"text-align: justify;\">Todos los meses se entrega la hoja con el men\u00fa diario. En caso de necesidades especiales de<b><strong>\u00a0dietas espec\u00edficas<\/strong><\/b>, deber\u00e1n aportar informe m\u00e9dico (alergias, intolerancias, etc.)<br \/> La comida es servida por el catering\u00a0<b><strong>SERUNION EDUCA<\/strong><\/b>\u00a0cumpliendo todos los requisitos y condiciones que marca la normativa legal.<\/p>\n<p>[\/et_pb_blurb][et_pb_blurb title=\u00bbHorario\u00bb use_icon=\u00bbon\u00bb font_icon=\u00bb&#x7d;||divi||400&#8243; icon_placement=\u00bbleft\u00bb image_icon_width=\u00bb80px\u00bb content_max_width=\u00bb785px\u00bb _builder_version=\u00bb4.16&#8243; header_font_size=\u00bb20px\u00bb width=\u00bb100%\u00bb icon_font_size=\u00bb80px\u00bb global_colors_info=\u00bb{}\u00bb]<\/p>\n<p style=\"text-align: justify;\"><span><strong>&#8211; De 14:00 a 16:00 hrs.<\/strong><br \/><\/span><\/p>\n<p style=\"text-align: justify;\"><span>A las 14:00 las monitoras recogen de sus aulas a los alumnos de infantil y los acompa\u00f1an hasta el comedor. A las 14:15 se incorporan a \u00e9ste los alumnos de PRIMARIA y a las 14:30 lo hacen los de ESO.<br \/><\/span><\/p>\n<p style=\"text-align: justify;\"><span>En el caso de que los padres pasen a recoger a su hijo antes de las 16:00 hrs, siempre que haya terminado de almorzar, pueden recogerlo.<\/span><span> E igualmente si el ni\u00f1o termina de almorzar antes de que llegue un familiar para recogerlo, estar\u00e1 atendido por nuestros monitores.\u00a0<\/span><\/p>\n<p>[\/et_pb_blurb][\/et_pb_column][et_pb_column type=\u00bb1_2&#8243; _builder_version=\u00bb4.16&#8243; custom_padding=\u00bb|||\u00bb global_colors_info=\u00bb{}\u00bb custom_padding__hover=\u00bb|||\u00bb][et_pb_blurb title=\u00bbTarifas\u00bb use_icon=\u00bbon\u00bb font_icon=\u00bb&#xe014;||divi||400&#8243; icon_placement=\u00bbleft\u00bb image_icon_width=\u00bb80px\u00bb content_max_width=\u00bb785px\u00bb _builder_version=\u00bb4.16&#8243; header_font_size=\u00bb20px\u00bb width=\u00bb100%\u00bb icon_font_size=\u00bb80px\u00bb global_colors_info=\u00bb{}\u00bb]<\/p>\n<p style=\"text-align: justify;\"><strong>El precio establecido para el curso 2025\/26 es de 7,05\u20ac \/D\u00eda<\/strong><\/p>\n<p style=\"text-align: justify;\"><span><strong>Para alumnado fijo<\/strong><\/span>, el servicio se abonar\u00e1<span>\u00a0<\/span><strong>por mensualidad completa en recibo domiciliado al finalizar el mes<\/strong>, calculando el importe<span>\u00a0<\/span>seg\u00fan los d\u00edas utilizados de cada mes.<\/p>\n<p style=\"text-align: justify;\"><span><strong>El servicio puede utilizarse por d\u00edas espor\u00e1dicos, semanas, quincenas\u2026\u00a0<\/strong>y se abonar\u00e1 el precio por recibo domiciliado al finalizar el mes.\u00a0<\/span><span style=\"font-size: 14px;\">\u00a0<\/span><\/p>\n<p>[\/et_pb_blurb][et_pb_blurb title=\u00bbContrataci\u00f3n\u00bb use_icon=\u00bbon\u00bb font_icon=\u00bb&#xe0d8;||divi||400&#8243; icon_placement=\u00bbleft\u00bb image_icon_width=\u00bb80px\u00bb content_max_width=\u00bb785px\u00bb _builder_version=\u00bb4.16&#8243; header_font_size=\u00bb20px\u00bb width=\u00bb100%\u00bb icon_font_size=\u00bb80px\u00bb global_colors_info=\u00bb{}\u00bb]<\/p>\n<p style=\"text-align: justify;\"><span>Se puede reservar por meses, semanas o d\u00edas sueltos con al menos una semana de antelaci\u00f3n. \u00c9sta se debe realizar en la administraci\u00f3n del centro.<br \/>Correo electr\u00f3nico: <\/span><span><a href=\"mailto:administracion.linares@salesianos.edu\">administracion.linares@salesianos.edu<\/a><\/span><\/p>\n<p style=\"text-align: justify;\">Cualquier modificaci\u00f3n debe ser notificada con anterioridad a la administraci\u00f3n del centro.\u00a0<\/p>\n<p><span><\/span><\/p>\n<p>[\/et_pb_blurb][et_pb_blurb title=\u00bbConoce m\u00e1s sobre nuestra empresa de catering\u00bb url=\u00bbhttps:\/\/www.serunion.es\/es\/servicios\/serunion-educa\u00bb image=\u00bbhttps:\/\/linares.salesianos.edu\/colegio\/wp-content\/uploads\/sites\/16\/2025\/09\/serunion_logotype_bleu_horizontal_0.jpg\u00bb icon_alignment=\u00bbleft\u00bb content_max_width=\u00bb785px\u00bb _builder_version=\u00bb4.27.4&#8243; header_font_size=\u00bb20px\u00bb width=\u00bb100%\u00bb global_colors_info=\u00bb{}\u00bb][\/et_pb_blurb][\/et_pb_column][\/et_pb_row][\/et_pb_section]<\/p>\n","protected":false},"excerpt":{"rendered":"<p>Puede consultar los d\u00edas de comedor del curso 2025\/2026 en el siguiente enlace. Calendario Comedor 2025\/26 Descarga Men\u00fa Septiembre 2025Descarga Men\u00fa Octubre 2025Descarga Men\u00fa Noviembre 2025Descarga Men\u00fa Diciembre 2025Descarga Men\u00fa Enero 2026Descarga Men\u00fa Febrero 2026Todos los alumnos pueden comer en el colegio, donde se les proporciona una\u00a0alimentaci\u00f3n sana, equilibrada y variada\u00a0creando en ellos h\u00e1bitos alimentarios [&hellip;]<\/p>\n","protected":false},"author":3,"featured_media":0,"parent":3831,"menu_order":2,"comment_status":"closed","ping_status":"closed","template":"","meta":{"_et_pb_use_builder":"on","_et_pb_old_content":"<p><img class=\"size-medium wp-image-3949 aligncenter\" src=\"https:\/\/linares.salesianos.edu\/colegio\/wp-content\/uploads\/sites\/16\/2017\/10\/logo-serunion-educa-300x100.png\" alt=\"\" width=\"300\" height=\"100\" \/><\/p><p>Todos los alumnos pueden comer en el colegio, donde se les proporciona una\u00a0<b><strong>alimentaci\u00f3n sana, equilibrada y variada<\/strong><\/b>\u00a0creando en ellos h\u00e1bitos alimentarios saludables. Una buena dieta es la base fundamental para el buen desarrollo intelectual y f\u00edsico de la persona, m\u00e1s a\u00fan en edad escolar.<\/p><p>Todos los meses se entrega la hoja con el men\u00fa diario. En caso de necesidades especiales de<b><strong>\u00a0dietas espec\u00edficas<\/strong><\/b>, deber\u00e1n aportar informe m\u00e9dico (alergias, intolerancias, etc.)<br \/> La comida es servida por el catering\u00a0<b><strong>SERUNION EDUCA<\/strong><\/b>\u00a0cumpliendo todos los requisitos y condiciones que marca la normativa legal.<\/p><p><b><strong>HORARIO<\/strong><\/b><br \/> - De 14:00 a 16:00 hrs.<br \/> - A las 13:45 las monitoras recogen de sus aulas a los alumnos de infantil y los acompa\u00f1an hasta el comedor. A las 14:15 se incorporan a \u00e9ste los alumnos de PRIMARIA y a las 14:30 lo hacen los de ESO.<br \/> En el caso de que los padres pasen a recoger a su hijo antes de las 16:00 hrs, siempre que haya terminado de almorzar, pueden recogerlo. E igualmente si el ni\u00f1o termina de almorzar antes de que llegue un familiar para recogerlo, estar\u00e1 atendido por nuestros monitores.<\/p><p><b><strong>CONTRATACI\u00d3N<\/strong><\/b><br \/> Se puede reservar por meses, semanas o d\u00edas sueltos con al menos una semana de antelaci\u00f3n. \u00c9sta se debe realizar en la secretar\u00eda del centro.<\/p><p><b><strong>PRECIO<\/strong><\/b><br \/> Su precio es autorizado por el servicio competente de la Delegaci\u00f3n Provincial y se revisa anualmente<\/p>","_et_gb_content_width":"","footnotes":""},"class_list":["post-3948","page","type-page","status-publish","hentry"],"yoast_head":"<!-- This site is optimized with the Yoast SEO plugin v27.4 - https:\/\/yoast.com\/product\/yoast-seo-wordpress\/ -->\n<title>Comedor - Colegio<\/title>\n<meta name=\"robots\" content=\"index, follow, max-snippet:-1, max-image-preview:large, max-video-preview:-1\" \/>\n<link rel=\"canonical\" href=\"https:\/\/linares.salesianos.edu\/colegio\/servicios-complementarios\/comedor\/\" \/>\n<meta property=\"og:locale\" content=\"es_ES\" \/>\n<meta property=\"og:type\" content=\"article\" \/>\n<meta property=\"og:title\" content=\"Comedor - Colegio\" \/>\n<meta property=\"og:description\" content=\"Puede consultar los d\u00edas de comedor del curso 2025\/2026 en el siguiente enlace. Calendario Comedor 2025\/26 Descarga Men\u00fa Septiembre 2025Descarga Men\u00fa Octubre 2025Descarga Men\u00fa Noviembre 2025Descarga Men\u00fa Diciembre 2025Descarga Men\u00fa Enero 2026Descarga Men\u00fa Febrero 2026Todos los alumnos pueden comer en el colegio, donde se les proporciona una\u00a0alimentaci\u00f3n sana, equilibrada y variada\u00a0creando en ellos h\u00e1bitos alimentarios [&hellip;]\" \/>\n<meta property=\"og:url\" content=\"https:\/\/linares.salesianos.edu\/colegio\/servicios-complementarios\/comedor\/\" \/>\n<meta property=\"og:site_name\" content=\"Colegio\" \/>\n<meta property=\"article:modified_time\" content=\"2026-01-27T10:44:22+00:00\" \/>\n<meta name=\"twitter:card\" content=\"summary_large_image\" \/>\n<meta name=\"twitter:label1\" content=\"Tiempo de lectura\" \/>\n\t<meta name=\"twitter:data1\" content=\"6 minutos\" \/>\n<script type=\"application\/ld+json\" class=\"yoast-schema-graph\">{\"@context\":\"https:\\\/\\\/schema.org\",\"@graph\":[{\"@type\":\"WebPage\",\"@id\":\"https:\\\/\\\/linares.salesianos.edu\\\/colegio\\\/servicios-complementarios\\\/comedor\\\/\",\"url\":\"https:\\\/\\\/linares.salesianos.edu\\\/colegio\\\/servicios-complementarios\\\/comedor\\\/\",\"name\":\"Comedor - Colegio\",\"isPartOf\":{\"@id\":\"https:\\\/\\\/linares.salesianos.edu\\\/colegio\\\/#website\"},\"datePublished\":\"2017-10-29T09:12:36+00:00\",\"dateModified\":\"2026-01-27T10:44:22+00:00\",\"breadcrumb\":{\"@id\":\"https:\\\/\\\/linares.salesianos.edu\\\/colegio\\\/servicios-complementarios\\\/comedor\\\/#breadcrumb\"},\"inLanguage\":\"es\",\"potentialAction\":[{\"@type\":\"ReadAction\",\"target\":[\"https:\\\/\\\/linares.salesianos.edu\\\/colegio\\\/servicios-complementarios\\\/comedor\\\/\"]}]},{\"@type\":\"BreadcrumbList\",\"@id\":\"https:\\\/\\\/linares.salesianos.edu\\\/colegio\\\/servicios-complementarios\\\/comedor\\\/#breadcrumb\",\"itemListElement\":[{\"@type\":\"ListItem\",\"position\":1,\"name\":\"Portada\",\"item\":\"https:\\\/\\\/linares.salesianos.edu\\\/colegio\\\/\"},{\"@type\":\"ListItem\",\"position\":2,\"name\":\"Servicios\",\"item\":\"https:\\\/\\\/linares.salesianos.edu\\\/colegio\\\/servicios-complementarios\\\/\"},{\"@type\":\"ListItem\",\"position\":3,\"name\":\"Comedor\"}]},{\"@type\":\"WebSite\",\"@id\":\"https:\\\/\\\/linares.salesianos.edu\\\/colegio\\\/#website\",\"url\":\"https:\\\/\\\/linares.salesianos.edu\\\/colegio\\\/\",\"name\":\"Colegio\",\"description\":\"P\u00e1gina oficial Salesianos Linares\",\"potentialAction\":[{\"@type\":\"SearchAction\",\"target\":{\"@type\":\"EntryPoint\",\"urlTemplate\":\"https:\\\/\\\/linares.salesianos.edu\\\/colegio\\\/?s={search_term_string}\"},\"query-input\":{\"@type\":\"PropertyValueSpecification\",\"valueRequired\":true,\"valueName\":\"search_term_string\"}}],\"inLanguage\":\"es\"}]}<\/script>\n<!-- \/ Yoast SEO plugin. -->","yoast_head_json":{"title":"Comedor - Colegio","robots":{"index":"index","follow":"follow","max-snippet":"max-snippet:-1","max-image-preview":"max-image-preview:large","max-video-preview":"max-video-preview:-1"},"canonical":"https:\/\/linares.salesianos.edu\/colegio\/servicios-complementarios\/comedor\/","og_locale":"es_ES","og_type":"article","og_title":"Comedor - Colegio","og_description":"Puede consultar los d\u00edas de comedor del curso 2025\/2026 en el siguiente enlace. Calendario Comedor 2025\/26 Descarga Men\u00fa Septiembre 2025Descarga Men\u00fa Octubre 2025Descarga Men\u00fa Noviembre 2025Descarga Men\u00fa Diciembre 2025Descarga Men\u00fa Enero 2026Descarga Men\u00fa Febrero 2026Todos los alumnos pueden comer en el colegio, donde se les proporciona una\u00a0alimentaci\u00f3n sana, equilibrada y variada\u00a0creando en ellos h\u00e1bitos alimentarios [&hellip;]","og_url":"https:\/\/linares.salesianos.edu\/colegio\/servicios-complementarios\/comedor\/","og_site_name":"Colegio","article_modified_time":"2026-01-27T10:44:22+00:00","twitter_card":"summary_large_image","twitter_misc":{"Tiempo de lectura":"6 minutos"},"schema":{"@context":"https:\/\/schema.org","@graph":[{"@type":"WebPage","@id":"https:\/\/linares.salesianos.edu\/colegio\/servicios-complementarios\/comedor\/","url":"https:\/\/linares.salesianos.edu\/colegio\/servicios-complementarios\/comedor\/","name":"Comedor - Colegio","isPartOf":{"@id":"https:\/\/linares.salesianos.edu\/colegio\/#website"},"datePublished":"2017-10-29T09:12:36+00:00","dateModified":"2026-01-27T10:44:22+00:00","breadcrumb":{"@id":"https:\/\/linares.salesianos.edu\/colegio\/servicios-complementarios\/comedor\/#breadcrumb"},"inLanguage":"es","potentialAction":[{"@type":"ReadAction","target":["https:\/\/linares.salesianos.edu\/colegio\/servicios-complementarios\/comedor\/"]}]},{"@type":"BreadcrumbList","@id":"https:\/\/linares.salesianos.edu\/colegio\/servicios-complementarios\/comedor\/#breadcrumb","itemListElement":[{"@type":"ListItem","position":1,"name":"Portada","item":"https:\/\/linares.salesianos.edu\/colegio\/"},{"@type":"ListItem","position":2,"name":"Servicios","item":"https:\/\/linares.salesianos.edu\/colegio\/servicios-complementarios\/"},{"@type":"ListItem","position":3,"name":"Comedor"}]},{"@type":"WebSite","@id":"https:\/\/linares.salesianos.edu\/colegio\/#website","url":"https:\/\/linares.salesianos.edu\/colegio\/","name":"Colegio","description":"P\u00e1gina oficial Salesianos Linares","potentialAction":[{"@type":"SearchAction","target":{"@type":"EntryPoint","urlTemplate":"https:\/\/linares.salesianos.edu\/colegio\/?s={search_term_string}"},"query-input":{"@type":"PropertyValueSpecification","valueRequired":true,"valueName":"search_term_string"}}],"inLanguage":"es"}]}},"_links":{"self":[{"href":"https:\/\/linares.salesianos.edu\/colegio\/wp-json\/wp\/v2\/pages\/3948","targetHints":{"allow":["GET"]}}],"collection":[{"href":"https:\/\/linares.salesianos.edu\/colegio\/wp-json\/wp\/v2\/pages"}],"about":[{"href":"https:\/\/linares.salesianos.edu\/colegio\/wp-json\/wp\/v2\/types\/page"}],"author":[{"embeddable":true,"href":"https:\/\/linares.salesianos.edu\/colegio\/wp-json\/wp\/v2\/users\/3"}],"replies":[{"embeddable":true,"href":"https:\/\/linares.salesianos.edu\/colegio\/wp-json\/wp\/v2\/comments?post=3948"}],"version-history":[{"count":41,"href":"https:\/\/linares.salesianos.edu\/colegio\/wp-json\/wp\/v2\/pages\/3948\/revisions"}],"predecessor-version":[{"id":6245,"href":"https:\/\/linares.salesianos.edu\/colegio\/wp-json\/wp\/v2\/pages\/3948\/revisions\/6245"}],"up":[{"embeddable":true,"href":"https:\/\/linares.salesianos.edu\/colegio\/wp-json\/wp\/v2\/pages\/3831"}],"wp:attachment":[{"href":"https:\/\/linares.salesianos.edu\/colegio\/wp-json\/wp\/v2\/media?parent=3948"}],"curies":[{"name":"wp","href":"https:\/\/api.w.org\/{rel}","templated":true}]}}