{"id":3963,"date":"2017-10-29T16:26:52","date_gmt":"2017-10-29T15:26:52","guid":{"rendered":"https:\/\/linares.salesianos.edu\/colegio\/?page_id=3963"},"modified":"2026-01-16T12:15:40","modified_gmt":"2026-01-16T11:15:40","slug":"admision-y-matriculacion","status":"publish","type":"page","link":"https:\/\/linares.salesianos.edu\/colegio\/secretaria\/admision-y-matriculacion\/","title":{"rendered":"Admisi\u00f3n y matriculaci\u00f3n"},"content":{"rendered":"<div id=\"fb-root\"><\/div>\n<p>[et_pb_section fb_built=\u00bb1&#8243; fullwidth=\u00bbon\u00bb _builder_version=\u00bb4.16&#8243; global_colors_info=\u00bb{}\u00bb][et_pb_fullwidth_header title=\u00bbAdmisi\u00f3n y matriculaci\u00f3n\u00bb title_font_color=\u00bb#ffffff\u00bb module_class=\u00bbpagina-imagen-cabecera\u00bb _builder_version=\u00bb4.16&#8243; title_text_color=\u00bb#ffffff\u00bb title_font_size=\u00bb40px\u00bb background_color=\u00bbrgba(255, 255, 255, 0)\u00bb background_image=\u00bbhttps:\/\/linares.salesianos.edu\/colegio\/wp-content\/uploads\/sites\/16\/2021\/02\/encabezado_noticias_casa-min-1.png\u00bb background_layout=\u00bblight\u00bb max_width_tablet=\u00bb50px\u00bb background_last_edited=\u00bbon|desktop\u00bb background_url=\u00bbhttp:\/\/malaga.salesianos.edu\/wp-content\/uploads\/2017\/02\/Foto-de-portad_sin_letras.png\u00bb global_colors_info=\u00bb{}\u00bb button_one_text_size__hover_enabled=\u00bboff\u00bb button_two_text_size__hover_enabled=\u00bboff\u00bb button_one_text_color__hover_enabled=\u00bboff\u00bb button_two_text_color__hover_enabled=\u00bboff\u00bb button_one_border_width__hover_enabled=\u00bboff\u00bb button_two_border_width__hover_enabled=\u00bboff\u00bb button_one_border_color__hover_enabled=\u00bboff\u00bb button_two_border_color__hover_enabled=\u00bboff\u00bb button_one_border_radius__hover_enabled=\u00bboff\u00bb button_two_border_radius__hover_enabled=\u00bboff\u00bb button_one_letter_spacing__hover_enabled=\u00bboff\u00bb button_two_letter_spacing__hover_enabled=\u00bboff\u00bb button_one_bg_color__hover_enabled=\u00bboff\u00bb button_two_bg_color__hover_enabled=\u00bboff\u00bb][\/et_pb_fullwidth_header][\/et_pb_section][et_pb_section fb_built=\u00bb1&#8243; _builder_version=\u00bb4.16&#8243; custom_padding=\u00bb54px|0px|54px|0px\u00bb global_colors_info=\u00bb{}\u00bb][et_pb_row column_structure=\u00bb1_4,1_4,1_2&#8243; disabled_on=\u00bbon|on|on\u00bb _builder_version=\u00bb4.16&#8243; disabled=\u00bbon\u00bb global_colors_info=\u00bb{}\u00bb][et_pb_column type=\u00bb1_4&#8243; _builder_version=\u00bb4.16&#8243; global_colors_info=\u00bb{}\u00bb][et_pb_button button_url=\u00bbhttps:\/\/docs.google.com\/forms\/d\/e\/1FAIpQLSerHBMJmQhCKI6MJ8s8HRB7jfqYkY55sWoQ-MdcqT04ErlLZQ\/viewform\u00bb url_new_window=\u00bbon\u00bb button_text=\u00bbINSCRIPCI\u00d3N JORNADA PUERTAS ABIERTAS\u00bb _builder_version=\u00bb4.23.4&#8243; global_colors_info=\u00bb{}\u00bb][\/et_pb_button][et_pb_number_counter title=\u00bbFEBRERO | 12 :00 (Infantil y Primaria)\u00bb number=\u00bb23&#8243; percent_sign=\u00bboff\u00bb disabled_on=\u00bbon|on|on\u00bb _builder_version=\u00bb4.19.5&#8243; disabled=\u00bbon\u00bb global_colors_info=\u00bb{}\u00bb][\/et_pb_number_counter][et_pb_number_counter title=\u00bbMARZO | 18:00 (Infantil y Primaria)\u00bb number=\u00bb8&#8243; percent_sign=\u00bboff\u00bb disabled_on=\u00bbon|on|on\u00bb _builder_version=\u00bb4.19.5&#8243; disabled=\u00bbon\u00bb global_colors_info=\u00bb{}\u00bb][\/et_pb_number_counter][\/et_pb_column][et_pb_column type=\u00bb1_4&#8243; _builder_version=\u00bb4.16&#8243; global_colors_info=\u00bb{}\u00bb][et_pb_number_counter title=\u00bbFEBRERO | 10:00 (Infantil y Primaria)\u00bb number=\u00bb23&#8243; percent_sign=\u00bboff\u00bb disabled_on=\u00bbon|on|on\u00bb _builder_version=\u00bb4.19.5&#8243; disabled=\u00bbon\u00bb global_colors_info=\u00bb{}\u00bb][\/et_pb_number_counter][et_pb_number_counter title=\u00bbMARZO | 10:00 (Secundaria)\u00bb number=\u00bb3&#8243; percent_sign=\u00bboff\u00bb disabled_on=\u00bbon|on|on\u00bb _builder_version=\u00bb4.19.5&#8243; disabled=\u00bbon\u00bb global_colors_info=\u00bb{}\u00bb][\/et_pb_number_counter][\/et_pb_column][et_pb_column type=\u00bb1_2&#8243; _builder_version=\u00bb4.16&#8243; global_colors_info=\u00bb{}\u00bb][et_pb_image src=\u00bbhttps:\/\/linares.salesianos.edu\/colegio\/wp-content\/uploads\/sites\/16\/2024\/01\/cartel-full-resolution-formato-cuadrado-1-1.jpg\u00bb title_text=\u00bbcartel full resolution formato cuadrado (1) (1)\u00bb url=\u00bbhttps:\/\/linares.salesianos.edu\/puertasabiertas\/\u00bb disabled_on=\u00bbon|on|on\u00bb _builder_version=\u00bb4.23.4&#8243; disabled=\u00bbon\u00bb global_colors_info=\u00bb{}\u00bb][\/et_pb_image][\/et_pb_column][\/et_pb_row][et_pb_row _builder_version=\u00bb4.23.4&#8243; _module_preset=\u00bbdefault\u00bb global_colors_info=\u00bb{}\u00bb][et_pb_column type=\u00bb4_4&#8243; _builder_version=\u00bb4.23.4&#8243; _module_preset=\u00bbdefault\u00bb global_colors_info=\u00bb{}\u00bb][et_pb_image src=\u00bbhttps:\/\/linares.salesianos.edu\/colegio\/wp-content\/uploads\/sites\/16\/2025\/11\/Diseno-sin-titulo.jpg\u00bb title_text=\u00bbDise\u00f1o sin t\u00edtulo\u00bb align=\u00bbcenter\u00bb _builder_version=\u00bb4.27.4&#8243; _module_preset=\u00bbdefault\u00bb hover_enabled=\u00bb0&#8243; border_radii=\u00bbon|20px|20px|20px|20px\u00bb box_shadow_style=\u00bbpreset1&#8243; global_colors_info=\u00bb{}\u00bb sticky_enabled=\u00bb0&#8243;][\/et_pb_image][et_pb_button button_url=\u00bbhttps:\/\/linares.salesianos.edu\/puertasabiertas\/\u00bb url_new_window=\u00bbon\u00bb button_text=\u00bb+ INFORMACI\u00d3N SOBRE LA JORNADA DE PUERTAS ABIERTAS\u00bb button_alignment=\u00bbcenter\u00bb _builder_version=\u00bb4.27.4&#8243; custom_button=\u00bbon\u00bb button_icon=\u00bb&#x4e;||divi||400&#8243; global_colors_info=\u00bb{}\u00bb][\/et_pb_button][\/et_pb_column][\/et_pb_row][\/et_pb_section][et_pb_section fb_built=\u00bb1&#8243; _builder_version=\u00bb4.16&#8243; custom_padding=\u00bb54px|0px|54px|0px\u00bb global_colors_info=\u00bb{}\u00bb][et_pb_row _builder_version=\u00bb4.16&#8243; background_size=\u00bbinitial\u00bb background_position=\u00bbtop_left\u00bb background_repeat=\u00bbrepeat\u00bb custom_margin=\u00bb-120px|auto||auto||\u00bb custom_padding=\u00bb27px|0px|27px|0px\u00bb global_colors_info=\u00bb{}\u00bb][et_pb_column type=\u00bb4_4&#8243; _builder_version=\u00bb4.16&#8243; custom_padding=\u00bb|||\u00bb global_colors_info=\u00bb{}\u00bb custom_padding__hover=\u00bb|||\u00bb][et_pb_text _builder_version=\u00bb4.16&#8243; text_font=\u00bb||||||||\u00bb background_size=\u00bbinitial\u00bb background_position=\u00bbtop_left\u00bb background_repeat=\u00bbrepeat\u00bb custom_margin=\u00bb||-65px|||\u00bb custom_padding=\u00bb||0px|||\u00bb global_colors_info=\u00bb{}\u00bb]<\/p>\n<div class=\"at-above-post-homepage addthis_tool\" data-url=\"https:\/\/linares.salesianos.edu\/colegio\/aprenden-jugando\/\"><b><strong>PROCESO DE ADMISI\u00d3N<\/strong><\/b><\/div>\n<p><span style=\"text-decoration: underline;\"><strong><\/strong><\/span><\/p>\n<p><span style=\"text-decoration: underline;\"><strong>\u00bfQ<\/strong><\/span><span style=\"text-decoration: underline;\"><strong>u\u00e9 tengo que hacer si quiero que mi hijo estudie en Salesianos?<\/strong><\/span><\/p>\n<p>El plazo establecido por la Consejer\u00eda de Educaci\u00f3n de la Junta de Andaluc\u00eda para solicitar plaza escolar en el curso 2026-2027 es el siguiente: del <b><strong>1 de marzo al 31 de marzo<\/strong><\/b>. Las familias interesadas en solicitar plaza pueden dirigirse a la\u00a0Secretar\u00eda del Centro\u00a0en el horario escolar. All\u00ed se les indicar\u00e1 los pasos a seguir.<\/p>\n<p><span style=\"text-decoration: underline;\"><strong>Queremos que nos conozcas<\/strong><\/span><\/p>\n<p>En cualquier momento del a\u00f1o, las familias interesadas pueden concertar una cita con nosotros para conocer m\u00e1s en detalle el\u00a0<b><strong>Proyecto del Centro<\/strong><\/b>\u00a0y el\u00a0<b><strong>Modelo Educativo<\/strong><\/b>. Cuando los padres conocen a fondo la propuesta del centro con antelaci\u00f3n al momento de solicitar la plaza, gozan de mayor libertad para escoger el colegio que m\u00e1s se ajusta a sus preferencias. Este proceso no garantiza la admisi\u00f3n del alumno ni la reserva de plaza. El periodo y procedimiento de admisi\u00f3n oficial los establece la Consejer\u00eda de Educaci\u00f3n de la Junta de Andaluc\u00eda<\/p>\n<p>Pueden solicitar m\u00e1s informaci\u00f3n escribiendo a\u00a0<a href=\"mailto:secretaria.linares@salesianos.edu\">secretaria.linares@salesianos.edu<\/a>\u00a0o bien llamando al\u00a0<b><strong>953 699 003.<\/strong><\/b><\/p>\n<blockquote>\n<p><a href=\"https:\/\/docs.google.com\/forms\/d\/e\/1FAIpQLSfUYslTsqGs13d9DsMgjFp_ElPQBNvxnQF9sn14eUNPgVsWpg\/viewform\"><b><strong><span style=\"color: #e02b20;\">INSCRIPCI\u00d3N JORNADA DE PUERTAS ABIERTAS\u00a0<\/span><\/strong><\/b><\/a><\/p>\n<\/blockquote>\n<p><strong style=\"font-size: 14px;\">Calendario del proceso de admisi\u00f3n para el curso 2026-27<\/strong><\/p>\n<p>Del\u00a0<b><strong>1 al 31 de marzo<\/strong><\/b>\u00a0presentaci\u00f3n de solicitudes de admisi\u00f3n de todo el alumnado que accede por primera vez a un centro. (Infantil, Primaria, Secundaria) Con\u00a0anterioridad al 11 de abril\u00a0se publicar\u00e1 en el tabl\u00f3n de anuncios del Centro la relaci\u00f3n de alumnos y alumnas solicitantes con la puntuaci\u00f3n obtenida.<\/p>\n<p>El<b><strong>\u00a012 de abril<\/strong><\/b>\u00a0comienza el tr\u00e1mite de audiencia.<\/p>\n<p><b><strong>10 de mayo<\/strong><\/b>, sorteo p\u00fablico para resolver empates.<\/p>\n<p><b><strong>12 de mayo<\/strong><\/b>, publicaci\u00f3n de las resoluciones de admisi\u00f3n. Centro prioritario.<\/p>\n<p><b><strong>20 de mayo,<\/strong><\/b>\u00a0publicaci\u00f3n de la adjudicaci\u00f3n de plaza escolar al alumnado no admitido en el centro docente elegido como prioritario.<\/p>\n<p><b><strong>21 de mayo<\/strong><\/b>, comienza el plazo establecido para la presentaci\u00f3n de recursos de alzada y reclamaciones ante la persona titular de la Consejer\u00eda de Educaci\u00f3n, Cultura y Deporte.<\/p>\n<p>En la web de la\u00a0<b><strong>Consejer\u00eda de Educaci\u00f3n<\/strong><\/b>\u00a0podr\u00e1n acceder a toda la informaci\u00f3n y documentaci\u00f3n relativa al proceso de escolarizaci\u00f3n.<\/p>\n<p><a href=\"http:\/\/www.juntadeandalucia.es\/educacion\/portals\/web\/escolarizacion\">http:\/\/www.juntadeandalucia.es\/educacion\/portals\/web\/escolarizacion<\/a><\/p>\n<p>&nbsp;<\/p>\n<p><b><strong>PROCESO DE MATRICULACI\u00d3N<\/strong><\/b><\/p>\n<p><span style=\"text-decoration: underline;\"><strong>\u00bfY si mi hijo ya est\u00e1 en el colegio?<\/strong><\/span><\/p>\n<p>Tu hijo tiene la plaza asegurada, si bien cada a\u00f1o hay que realizar el tr\u00e1mite de renovaci\u00f3n de matr\u00edcula en nuestro centro en los plazos establecidos.<\/p>\n<p>&nbsp;<\/p>\n<p><span style=\"text-decoration: underline;\"><strong>Calendario del proceso de matriculaci\u00f3n para el curso 2026-27<\/strong><\/span><\/p>\n<p>Segundo ciclo de Educaci\u00f3n\u00a0<b><strong>Infantil\u00a0<\/strong><\/b>y Educaci\u00f3n\u00a0<b><strong>Primaria<\/strong><\/b>:\u00a0<strong>del 1<\/strong><b><strong>\u00a0al 8 de junio<\/strong><\/b>.<\/p>\n<p>Educaci\u00f3n\u00a0<b><strong>Secundaria<\/strong><\/b>\u00a0Obligatoria:\u00a0del\u00a0<b><strong>1 al 10 de julio<\/strong><\/b>.<\/p>\n<p>&nbsp;<\/p>\n<p>&nbsp;<\/p>\n<p>[\/et_pb_text][\/et_pb_column][\/et_pb_row][et_pb_row disabled_on=\u00bbon|on|on\u00bb _builder_version=\u00bb4.16&#8243; disabled=\u00bbon\u00bb global_colors_info=\u00bb{}\u00bb][et_pb_column type=\u00bb4_4&#8243; _builder_version=\u00bb4.16&#8243; global_colors_info=\u00bb{}\u00bb][et_pb_image src=\u00bbhttps:\/\/linares.salesianos.edu\/colegio\/wp-content\/uploads\/sites\/16\/2020\/05\/CABECERA-scaled.jpg\u00bb url=\u00bbhttps:\/\/sites.google.com\/salesianos.edu\/secretariavirtual\u00bb url_new_window=\u00bbon\u00bb _builder_version=\u00bb4.16&#8243; custom_margin=\u00bb-51px|||||\u00bb custom_padding=\u00bb0px|||||\u00bb global_colors_info=\u00bb{}\u00bb][\/et_pb_image][\/et_pb_column][\/et_pb_row][\/et_pb_section]<\/p>\n","protected":false},"excerpt":{"rendered":"<p>PROCESO DE ADMISI\u00d3N \u00bfQu\u00e9 tengo que hacer si quiero que mi hijo estudie en Salesianos? El plazo establecido por la Consejer\u00eda de Educaci\u00f3n de la Junta de Andaluc\u00eda para solicitar plaza escolar en el curso 2026-2027 es el siguiente: del 1 de marzo al 31 de marzo. Las familias interesadas en solicitar plaza pueden dirigirse [&hellip;]<\/p>\n","protected":false},"author":3,"featured_media":0,"parent":3833,"menu_order":2,"comment_status":"closed","ping_status":"closed","template":"","meta":{"_et_pb_use_builder":"on","_et_pb_old_content":"<p><img class=\"alignnone size-medium wp-image-3965 aligncenter\" src=\"https:\/\/linares.salesianos.edu\/colegio\/wp-content\/uploads\/sites\/16\/2017\/10\/matriculacion-300x213.png\" alt=\"\" width=\"300\" height=\"213\" \/><\/p><p><b><strong>PROCESO DE ADMISI\u00d3N<\/strong><\/b><\/p><p>\u00bfQu\u00e9 tengo que hacer si quiero que mi hijo estudie en Salesianos?<\/p><p>El plazo establecido por la Consejer\u00eda de Educaci\u00f3n de la Junta de Andaluc\u00eda para solicitar plaza escolar en el curso\u00a02017-2018\u00a0es el siguiente: del\u00a0<b><strong>1 de marzo al 31 de marzo<\/strong><\/b>. Las familias interesadas en solicitar plaza pueden dirigirse a la\u00a0Secretar\u00eda del Centro\u00a0en el horario escolar. All\u00ed se les indicar\u00e1 los pasos a seguir.<\/p><p>Queremos que nos conozcas<\/p><p>En cualquier momento del a\u00f1o, las familias interesadas pueden concertar una cita con nosotros para conocer m\u00e1s en detalle el\u00a0<b><strong>Proyecto del Centro<\/strong><\/b>\u00a0y el\u00a0<b><strong>Modelo Educativo<\/strong><\/b>. Cuando los padres conocen a fondo la propuesta del centro con antelaci\u00f3n al momento de solicitar la plaza, gozan de mayor libertad para escoger el colegio que m\u00e1s se ajusta a sus preferencias. Este proceso no garantiza la admisi\u00f3n del alumno ni la reserva de plaza. El periodo y procedimiento de admisi\u00f3n oficial los establece la Consejer\u00eda de Educaci\u00f3n de la Junta de Andaluc\u00eda<\/p><p>Pueden solicitar m\u00e1s informaci\u00f3n escribiendo a\u00a0<a href=\"mailto:secretaria.linares@salesianos.edu\">secretaria.linares@salesianos.edu<\/a>\u00a0o bien llamando al\u00a0<b><strong>953 694 707.<\/strong><\/b><\/p><p>Calendario del proceso de admisi\u00f3n para el curso 2017-18<\/p><p>Del\u00a0<b><strong>1 al 31 de marzo<\/strong><\/b>\u00a0presentaci\u00f3n de solicitudes de admisi\u00f3n de todo el alumnado que accede por primera vez a un centro. (Infantil, Primaria, Secundaria)Con\u00a0anterioridad al 11 de abril\u00a0se publicar\u00e1 en el tabl\u00f3n de anuncios del Centro la relaci\u00f3n de alumnos y alumnas solicitantes con la puntuaci\u00f3n obtenida.<\/p><p>El<b><strong>\u00a012 de abril<\/strong><\/b>\u00a0comienza el tr\u00e1mite de audiencia.<\/p><p><b><strong>10 de mayo<\/strong><\/b>, sorteo p\u00fablico para resolver empates.<\/p><p><b><strong>12 de mayo<\/strong><\/b>, publicaci\u00f3n de las resoluciones de admisi\u00f3n. Centro prioritario.<\/p><p><b><strong>20 de mayo,<\/strong><\/b>\u00a0publicaci\u00f3n de la adjudicaci\u00f3n de plaza escolar al alumnado no admitido en el centro docente elegido como prioritario.<\/p><p><b><strong>21 de mayo<\/strong><\/b>, comienza el plazo establecido para la presentaci\u00f3n de recursos de alzada y reclamaciones ante la persona titular de la Consejer\u00eda de Educaci\u00f3n, Cultura y Deporte.<\/p><p>En la web de la\u00a0<b><strong>Consejer\u00eda de Educaci\u00f3n<\/strong><\/b>\u00a0podr\u00e1n acceder a toda la informaci\u00f3n y documentaci\u00f3n relativa al proceso de escolarizaci\u00f3n.<\/p><p><a href=\"http:\/\/www.juntadeandalucia.es\/educacion\/portals\/web\/escolarizacion\">http:\/\/www.juntadeandalucia.es\/educacion\/portals\/web\/escolarizacion<\/a><\/p><p><b><strong>PROCESO DE MATRICULACI\u00d3N<\/strong><\/b><\/p><p>\u00bfY si mi hijo ya est\u00e1 en el colegio?<\/p><p>Tu hijo tiene la plaza asegurada, si bien cada a\u00f1o hay que realizar el tr\u00e1mite de renovaci\u00f3n de matr\u00edcula en nuestro centro en los plazos establecidos.<\/p><p>Calendario del proceso de matriculaci\u00f3n para el curso 2017-18<\/p><p>Segundo ciclo de Educaci\u00f3n\u00a0<b><strong>Infantil\u00a0<\/strong><\/b>y Educaci\u00f3n\u00a0<b><strong>Primaria<\/strong><\/b>:\u00a0del\u00a0<b><strong>1 al 8 de junio<\/strong><\/b>.<\/p><p>Educaci\u00f3n\u00a0<b><strong>Secundaria<\/strong><\/b>\u00a0Obligatoria:\u00a0del\u00a0<b><strong>1 al 10 de julio<\/strong><\/b>.<\/p><p>\u00a0<\/p>","_et_gb_content_width":"","footnotes":""},"class_list":["post-3963","page","type-page","status-publish","hentry"],"yoast_head":"<!-- This site is optimized with the Yoast SEO plugin v27.4 - https:\/\/yoast.com\/product\/yoast-seo-wordpress\/ -->\n<title>Admisi\u00f3n y matriculaci\u00f3n - Colegio<\/title>\n<meta name=\"robots\" content=\"index, follow, max-snippet:-1, max-image-preview:large, max-video-preview:-1\" \/>\n<link rel=\"canonical\" href=\"https:\/\/linares.salesianos.edu\/colegio\/secretaria\/admision-y-matriculacion\/\" \/>\n<meta property=\"og:locale\" content=\"es_ES\" \/>\n<meta property=\"og:type\" content=\"article\" \/>\n<meta property=\"og:title\" content=\"Admisi\u00f3n y matriculaci\u00f3n - Colegio\" \/>\n<meta property=\"og:description\" content=\"PROCESO DE ADMISI\u00d3N \u00bfQu\u00e9 tengo que hacer si quiero que mi hijo estudie en Salesianos? El plazo establecido por la Consejer\u00eda de Educaci\u00f3n de la Junta de Andaluc\u00eda para solicitar plaza escolar en el curso 2026-2027 es el siguiente: del 1 de marzo al 31 de marzo. Las familias interesadas en solicitar plaza pueden dirigirse [&hellip;]\" \/>\n<meta property=\"og:url\" content=\"https:\/\/linares.salesianos.edu\/colegio\/secretaria\/admision-y-matriculacion\/\" \/>\n<meta property=\"og:site_name\" content=\"Colegio\" \/>\n<meta property=\"article:modified_time\" content=\"2026-01-16T11:15:40+00:00\" \/>\n<meta name=\"twitter:card\" content=\"summary_large_image\" \/>\n<meta name=\"twitter:label1\" content=\"Tiempo de lectura\" \/>\n\t<meta name=\"twitter:data1\" content=\"6 minutos\" \/>\n<script type=\"application\/ld+json\" class=\"yoast-schema-graph\">{\"@context\":\"https:\\\/\\\/schema.org\",\"@graph\":[{\"@type\":\"WebPage\",\"@id\":\"https:\\\/\\\/linares.salesianos.edu\\\/colegio\\\/secretaria\\\/admision-y-matriculacion\\\/\",\"url\":\"https:\\\/\\\/linares.salesianos.edu\\\/colegio\\\/secretaria\\\/admision-y-matriculacion\\\/\",\"name\":\"Admisi\u00f3n y matriculaci\u00f3n - Colegio\",\"isPartOf\":{\"@id\":\"https:\\\/\\\/linares.salesianos.edu\\\/colegio\\\/#website\"},\"datePublished\":\"2017-10-29T15:26:52+00:00\",\"dateModified\":\"2026-01-16T11:15:40+00:00\",\"breadcrumb\":{\"@id\":\"https:\\\/\\\/linares.salesianos.edu\\\/colegio\\\/secretaria\\\/admision-y-matriculacion\\\/#breadcrumb\"},\"inLanguage\":\"es\",\"potentialAction\":[{\"@type\":\"ReadAction\",\"target\":[\"https:\\\/\\\/linares.salesianos.edu\\\/colegio\\\/secretaria\\\/admision-y-matriculacion\\\/\"]}]},{\"@type\":\"BreadcrumbList\",\"@id\":\"https:\\\/\\\/linares.salesianos.edu\\\/colegio\\\/secretaria\\\/admision-y-matriculacion\\\/#breadcrumb\",\"itemListElement\":[{\"@type\":\"ListItem\",\"position\":1,\"name\":\"Portada\",\"item\":\"https:\\\/\\\/linares.salesianos.edu\\\/colegio\\\/\"},{\"@type\":\"ListItem\",\"position\":2,\"name\":\"Secretar\u00eda\",\"item\":\"https:\\\/\\\/linares.salesianos.edu\\\/colegio\\\/secretaria\\\/\"},{\"@type\":\"ListItem\",\"position\":3,\"name\":\"Admisi\u00f3n y matriculaci\u00f3n\"}]},{\"@type\":\"WebSite\",\"@id\":\"https:\\\/\\\/linares.salesianos.edu\\\/colegio\\\/#website\",\"url\":\"https:\\\/\\\/linares.salesianos.edu\\\/colegio\\\/\",\"name\":\"Colegio\",\"description\":\"P\u00e1gina oficial Salesianos Linares\",\"potentialAction\":[{\"@type\":\"SearchAction\",\"target\":{\"@type\":\"EntryPoint\",\"urlTemplate\":\"https:\\\/\\\/linares.salesianos.edu\\\/colegio\\\/?s={search_term_string}\"},\"query-input\":{\"@type\":\"PropertyValueSpecification\",\"valueRequired\":true,\"valueName\":\"search_term_string\"}}],\"inLanguage\":\"es\"}]}<\/script>\n<!-- \/ Yoast SEO plugin. -->","yoast_head_json":{"title":"Admisi\u00f3n y matriculaci\u00f3n - Colegio","robots":{"index":"index","follow":"follow","max-snippet":"max-snippet:-1","max-image-preview":"max-image-preview:large","max-video-preview":"max-video-preview:-1"},"canonical":"https:\/\/linares.salesianos.edu\/colegio\/secretaria\/admision-y-matriculacion\/","og_locale":"es_ES","og_type":"article","og_title":"Admisi\u00f3n y matriculaci\u00f3n - Colegio","og_description":"PROCESO DE ADMISI\u00d3N \u00bfQu\u00e9 tengo que hacer si quiero que mi hijo estudie en Salesianos? El plazo establecido por la Consejer\u00eda de Educaci\u00f3n de la Junta de Andaluc\u00eda para solicitar plaza escolar en el curso 2026-2027 es el siguiente: del 1 de marzo al 31 de marzo. Las familias interesadas en solicitar plaza pueden dirigirse [&hellip;]","og_url":"https:\/\/linares.salesianos.edu\/colegio\/secretaria\/admision-y-matriculacion\/","og_site_name":"Colegio","article_modified_time":"2026-01-16T11:15:40+00:00","twitter_card":"summary_large_image","twitter_misc":{"Tiempo de lectura":"6 minutos"},"schema":{"@context":"https:\/\/schema.org","@graph":[{"@type":"WebPage","@id":"https:\/\/linares.salesianos.edu\/colegio\/secretaria\/admision-y-matriculacion\/","url":"https:\/\/linares.salesianos.edu\/colegio\/secretaria\/admision-y-matriculacion\/","name":"Admisi\u00f3n y matriculaci\u00f3n - Colegio","isPartOf":{"@id":"https:\/\/linares.salesianos.edu\/colegio\/#website"},"datePublished":"2017-10-29T15:26:52+00:00","dateModified":"2026-01-16T11:15:40+00:00","breadcrumb":{"@id":"https:\/\/linares.salesianos.edu\/colegio\/secretaria\/admision-y-matriculacion\/#breadcrumb"},"inLanguage":"es","potentialAction":[{"@type":"ReadAction","target":["https:\/\/linares.salesianos.edu\/colegio\/secretaria\/admision-y-matriculacion\/"]}]},{"@type":"BreadcrumbList","@id":"https:\/\/linares.salesianos.edu\/colegio\/secretaria\/admision-y-matriculacion\/#breadcrumb","itemListElement":[{"@type":"ListItem","position":1,"name":"Portada","item":"https:\/\/linares.salesianos.edu\/colegio\/"},{"@type":"ListItem","position":2,"name":"Secretar\u00eda","item":"https:\/\/linares.salesianos.edu\/colegio\/secretaria\/"},{"@type":"ListItem","position":3,"name":"Admisi\u00f3n y matriculaci\u00f3n"}]},{"@type":"WebSite","@id":"https:\/\/linares.salesianos.edu\/colegio\/#website","url":"https:\/\/linares.salesianos.edu\/colegio\/","name":"Colegio","description":"P\u00e1gina oficial Salesianos Linares","potentialAction":[{"@type":"SearchAction","target":{"@type":"EntryPoint","urlTemplate":"https:\/\/linares.salesianos.edu\/colegio\/?s={search_term_string}"},"query-input":{"@type":"PropertyValueSpecification","valueRequired":true,"valueName":"search_term_string"}}],"inLanguage":"es"}]}},"_links":{"self":[{"href":"https:\/\/linares.salesianos.edu\/colegio\/wp-json\/wp\/v2\/pages\/3963","targetHints":{"allow":["GET"]}}],"collection":[{"href":"https:\/\/linares.salesianos.edu\/colegio\/wp-json\/wp\/v2\/pages"}],"about":[{"href":"https:\/\/linares.salesianos.edu\/colegio\/wp-json\/wp\/v2\/types\/page"}],"author":[{"embeddable":true,"href":"https:\/\/linares.salesianos.edu\/colegio\/wp-json\/wp\/v2\/users\/3"}],"replies":[{"embeddable":true,"href":"https:\/\/linares.salesianos.edu\/colegio\/wp-json\/wp\/v2\/comments?post=3963"}],"version-history":[{"count":28,"href":"https:\/\/linares.salesianos.edu\/colegio\/wp-json\/wp\/v2\/pages\/3963\/revisions"}],"predecessor-version":[{"id":6239,"href":"https:\/\/linares.salesianos.edu\/colegio\/wp-json\/wp\/v2\/pages\/3963\/revisions\/6239"}],"up":[{"embeddable":true,"href":"https:\/\/linares.salesianos.edu\/colegio\/wp-json\/wp\/v2\/pages\/3833"}],"wp:attachment":[{"href":"https:\/\/linares.salesianos.edu\/colegio\/wp-json\/wp\/v2\/media?parent=3963"}],"curies":[{"name":"wp","href":"https:\/\/api.w.org\/{rel}","templated":true}]}}