{"id":3972,"date":"2017-10-29T16:33:09","date_gmt":"2017-10-29T15:33:09","guid":{"rendered":"https:\/\/linares.salesianos.edu\/colegio\/?page_id=3972"},"modified":"2022-10-12T10:53:25","modified_gmt":"2022-10-12T08:53:25","slug":"club-deportivo","status":"publish","type":"page","link":"https:\/\/linares.salesianos.edu\/colegio\/actividades-de-tiempo-libre\/club-deportivo\/","title":{"rendered":"Club Deportivo"},"content":{"rendered":"<div id=\"fb-root\"><\/div>\n<p>[et_pb_section fb_built=\u00bb1&#8243; fullwidth=\u00bbon\u00bb _builder_version=\u00bb4.16&#8243; global_colors_info=\u00bb{}\u00bb][et_pb_fullwidth_header title=\u00bbClub Deportivo\u00bb title_font_color=\u00bb#ffffff\u00bb module_class=\u00bbpagina-imagen-cabecera\u00bb _builder_version=\u00bb4.18.0&#8243; title_text_color=\u00bb#ffffff\u00bb title_font_size=\u00bb40px\u00bb background_color=\u00bbrgba(255, 255, 255, 0)\u00bb background_image=\u00bbhttps:\/\/linares.salesianos.edu\/colegio\/wp-content\/uploads\/sites\/16\/2021\/02\/encabezado_noticias_casa-min.png\u00bb background_layout=\u00bblight\u00bb max_width_tablet=\u00bb50px\u00bb hover_enabled=\u00bb0&#8243; background_url=\u00bbhttp:\/\/malaga.salesianos.edu\/wp-content\/uploads\/2017\/02\/Foto-de-portad_sin_letras.png\u00bb global_colors_info=\u00bb{}\u00bb button_one_text_size__hover_enabled=\u00bboff\u00bb button_two_text_size__hover_enabled=\u00bboff\u00bb button_one_text_color__hover_enabled=\u00bboff\u00bb button_two_text_color__hover_enabled=\u00bboff\u00bb button_one_border_width__hover_enabled=\u00bboff\u00bb button_two_border_width__hover_enabled=\u00bboff\u00bb button_one_border_color__hover_enabled=\u00bboff\u00bb button_two_border_color__hover_enabled=\u00bboff\u00bb button_one_border_radius__hover_enabled=\u00bboff\u00bb button_two_border_radius__hover_enabled=\u00bboff\u00bb button_one_letter_spacing__hover_enabled=\u00bboff\u00bb button_two_letter_spacing__hover_enabled=\u00bboff\u00bb button_one_bg_color__hover_enabled=\u00bboff\u00bb button_two_bg_color__hover_enabled=\u00bboff\u00bb title_text=\u00bbencabezado_noticias_casa-min\u00bb sticky_enabled=\u00bb0&#8243;][\/et_pb_fullwidth_header][\/et_pb_section][et_pb_section fb_built=\u00bb1&#8243; _builder_version=\u00bb4.16&#8243; global_colors_info=\u00bb{}\u00bb][et_pb_row _builder_version=\u00bb4.16&#8243; background_size=\u00bbinitial\u00bb background_position=\u00bbtop_left\u00bb background_repeat=\u00bbrepeat\u00bb global_colors_info=\u00bb{}\u00bb][et_pb_column type=\u00bb4_4&#8243; _builder_version=\u00bb4.16&#8243; custom_padding=\u00bb|||\u00bb global_colors_info=\u00bb{}\u00bb custom_padding__hover=\u00bb|||\u00bb][et_pb_text _builder_version=\u00bb4.16&#8243; global_colors_info=\u00bb{}\u00bb]<strong>CLUB DEPORTIVO SALESIANO LINARES<\/strong><\/p>\n<p>La propuesta del Club Deportivo Salesiano, se fundamenta en la concepci\u00f3n del deporte como medio para conseguir la formaci\u00f3n integral de los ni\u00f1@s de nuestro colegio y localidad por medio de una concepci\u00f3n metodol\u00f3gica que posibilita el desarrollo y logro del ni\u00f1@, donde este, sea capaz de actuar con autonom\u00eda en un mundo en constante transformaci\u00f3n social y, se preocupa por las actitudes y capacidades antes que por la especializaci\u00f3n deportiva.<\/p>\n<p>&nbsp;<\/p>\n<p>El horario de atenci\u00f3n al usuario son todos los Jueves de 17:30 a 18:30 en el despacho de Pastoral.<\/p>\n<p>Las actividades que proponemos para este a\u00f1o\u00a0\u00a0son las siguientes:<\/p>\n<p><strong><em>F\u00daTBOL SALA<\/em><\/strong><\/p>\n<p><strong><em>F\u00daTBOL-7<\/em><\/strong><\/p>\n<p><strong><em>BALONCESTO NIVEL INICIACI\u00d3N Y NIVEL AVANZADO<\/em><\/strong><\/p>\n<p><strong><em>BADMINTON<\/em><\/strong><\/p>\n<p><strong><em>MULTIDEPORTE (S\u00f3lo para infantil)<\/em><\/strong><\/p>\n<p><strong><em>VOLEY (a partir de 5\u00ba EP)<\/em><\/strong><\/p>\n<p>El Club Voleibol Linares fue fundado en 2013 por antiguos alumnos del Colegio Salesianos Linares. Valores de compa\u00f1erismo y esfuerzo, acoge a todo tipo de jugadores que cubre categorias desde Alevin (10-11 a\u00f1os), hasta Senior (+18 a\u00f1os). Componiendo los equipos jugadores tanto femeninos como masculinos.<\/p>\n<p>&nbsp;<\/p>\n<p><strong><em>\u00a0\u00a0 HORARIO CLUB DEPORTIVO SALESIANOS LINARES<\/em><\/strong><\/p>\n<table>\n<tbody>\n<tr>\n<td width=\"157\"><strong><em>Hora\\D\u00eda<\/em><\/strong><\/td>\n<td width=\"157\"><strong><em>LUNES<\/em><\/strong><\/td>\n<td width=\"157\"><strong><em>MARTES<\/em><\/strong><\/td>\n<td width=\"157\"><strong><em>MIERCOLES<\/em><\/strong><\/td>\n<td width=\"157\"><strong><em>JUEVES<\/em><\/strong><\/td>\n<td width=\"157\"><strong><em>VIERNES<\/em><\/strong><\/td>\n<\/tr>\n<tr>\n<td width=\"157\"><strong><em>\u00a0<\/em><\/strong><\/p>\n<p><strong><em>\u00a0<\/em><\/strong><\/p>\n<p><strong><em>16-17<\/em><\/strong><\/td>\n<td width=\"157\"><strong>\u00a0<\/strong><\/p>\n<p><strong>BADMINTON (16:30)<\/strong><\/p>\n<p><strong>\u00a0<\/strong><\/p>\n<p><strong>\u00a0<\/strong><\/td>\n<td width=\"157\"><strong>\u00a0<\/strong><\/p>\n<p><strong>F\u00daTBOL PREBENJAMIN (1\u00ba Y 2\u00ba EP)<\/strong><\/p>\n<p><strong>\u00a0<\/strong><\/p>\n<p><strong>F\u00daTBOL BENJAMIN (3\u00ba Y 4\u00ba EP)<\/strong><\/td>\n<td width=\"157\"><strong>\u00a0<\/strong><\/p>\n<p><strong>\u00a0<\/strong><\/p>\n<p><strong>\u00a0<\/strong><\/td>\n<td width=\"157\"><strong>\u00a0<\/strong><\/p>\n<p><strong>BADMINTON (16:30)<\/strong><\/p>\n<p><strong>\u00a0<\/strong><\/p>\n<p><strong>F\u00daTBOL PREBENJAMIN (1\u00ba Y 2\u00ba EP)<\/strong><\/p>\n<p><strong>\u00a0<\/strong><\/p>\n<p><strong>F\u00daTBOL BENJAMIN (3\u00ba Y 4\u00ba EP)<\/strong><\/p>\n<p><strong>\u00a0<\/strong><\/td>\n<td width=\"157\"><strong>\u00a0<\/strong><\/td>\n<\/tr>\n<tr>\n<td width=\"157\"><strong><em>\u00a0<\/em><\/strong><\/p>\n<p><strong><em>\u00a0<\/em><\/strong><\/p>\n<p><strong><em>\u00a0<\/em><\/strong><\/p>\n<p><strong><em>\u00a0<\/em><\/strong><\/p>\n<p><strong><em>17-18<\/em><\/strong><\/td>\n<td width=\"157\"><strong>\u00a0<\/strong><\/p>\n<p><strong>MULTIDEPORTE<\/strong><\/p>\n<p><strong>\u00a0<\/strong><\/p>\n<p><strong>VOLEY ALEVIN 5\u00ba Y 6\u00ba EP<\/strong><\/p>\n<p><strong>\u00a0<\/strong><\/p>\n<p><strong>VOLEY INFANTIL 1\u00ba Y 2\u00ba ESO<\/strong><\/p>\n<p><strong>\u00a0<\/strong><\/p>\n<p><strong>F\u00daTBOL ALEVIN 5\u00ba Y 6\u00ba EP<\/strong><\/p>\n<p><strong>\u00a0<\/strong><\/td>\n<td width=\"157\"><strong>\u00a0<\/strong><\/p>\n<p><strong>\u00a0<\/strong><\/p>\n<p><strong>\u00a0<\/strong><\/p>\n<p><strong>\u00a0<\/strong><\/p>\n<p><strong>\u00a0<\/strong><\/p>\n<p><strong>BALONCESTO NIVEL INICIACI\u00d3N <\/strong><\/p>\n<p><strong>(17:30)<\/strong><\/p>\n<p><strong>\u00a0<\/strong><\/td>\n<td width=\"157\"><strong>\u00a0<\/strong><\/p>\n<p><strong>\u00a0<\/strong><\/p>\n<p><strong>VOLEY ALEVIN 5\u00ba Y 6\u00ba EP<\/strong><\/p>\n<p><strong>\u00a0<\/strong><\/p>\n<p><strong>VOLEY INFANTIL 1\u00ba Y 2\u00ba ESO<\/strong><\/p>\n<p><strong>\u00a0<\/strong><\/p>\n<p><strong>F\u00daTBOL ALEVIN 5\u00ba Y 6\u00ba EP<\/strong><\/p>\n<p><strong>\u00a0<\/strong><\/td>\n<td width=\"157\"><strong>\u00a0<\/strong><\/p>\n<p><strong>\u00a0<\/strong><\/p>\n<p><strong>\u00a0<\/strong><\/p>\n<p><strong>\u00a0<\/strong><\/p>\n<p><strong>\u00a0<\/strong><\/p>\n<p><strong>MULTIDEPORTE<\/strong><\/p>\n<p><strong>\u00a0<\/strong><\/p>\n<p><strong>BALONCESTO NIVEL INICIACI\u00d3N <\/strong><\/p>\n<p><strong>(17-18)<\/strong><\/p>\n<p><strong>\u00a0<\/strong><\/td>\n<td width=\"157\"><strong>\u00a0<\/strong><\/td>\n<\/tr>\n<tr>\n<td width=\"157\"><strong><em>\u00a0<\/em><\/strong><\/p>\n<p><strong><em>18-19<\/em><\/strong><\/td>\n<td width=\"157\"><strong>\u00a0<\/strong><\/td>\n<td width=\"157\"><strong>\u00a0<\/strong><\/p>\n<p><strong>F\u00daTBOL INFANTIL 1\u00ba Y 2\u00ba ESO (17.45)<\/strong><\/p>\n<p><strong>\u00a0<\/strong><\/p>\n<p><strong>\u00a0<\/strong><\/p>\n<p><strong>BALONCESTO NIVEL AVANZADO<\/strong><\/p>\n<p><strong>(18:30)<\/strong><\/p>\n<p><strong>\u00a0<\/strong><\/td>\n<td width=\"157\"><strong>\u00a0<\/strong><\/p>\n<p><strong>F\u00daTBOL INFANTIL 1\u00ba Y 2\u00ba ESO (17.45)<\/strong><\/p>\n<p><strong>\u00a0<\/strong><\/td>\n<td width=\"157\"><strong>\u00a0<\/strong><\/p>\n<p><strong>\u00a0<\/strong><\/p>\n<p><strong>\u00a0<\/strong><\/p>\n<p><strong>BALONCESTO NIVEL AVANZADO<\/strong><\/p>\n<p><strong>(18-19)<\/strong><\/p>\n<p><strong>\u00a0<\/strong><\/td>\n<td width=\"157\"><strong>\u00a0<\/strong><\/td>\n<\/tr>\n<\/tbody>\n<\/table>\n<p><strong><em>\u00a0 \u00a0 \u00a0 \u00a0 \u00a0 \u00a0 \u00a0 \u00a0 \u00a0 \u00a0 \u00a0 \u00a0 \u00a0 \u00a0 \u00a0 \u00a0 \u00a0 \u00a0 \u00a0 \u00a0 \u00a0 \u00a0 \u00a0 \u00a0<\/em><\/strong><br \/>\n[\/et_pb_text][et_pb_image src=\u00bbhttps:\/\/linares.salesianos.edu\/colegio\/wp-content\/uploads\/sites\/16\/2017\/10\/IMG-20171109-WA0009.jpg\u00bb align_tablet=\u00bbcenter\u00bb align_last_edited=\u00bbon|desktop\u00bb _builder_version=\u00bb4.16&#8243; always_center_on_mobile=\u00bbon\u00bb global_colors_info=\u00bb{}\u00bb align_phone=\u00bbcenter\u00bb][\/et_pb_image][\/et_pb_column][\/et_pb_row][\/et_pb_section]<\/p>\n","protected":false},"excerpt":{"rendered":"<p>CLUB DEPORTIVO SALESIANO LINARES La propuesta del Club Deportivo Salesiano, se fundamenta en la concepci\u00f3n del deporte como medio para conseguir la formaci\u00f3n integral de los ni\u00f1@s de nuestro colegio y localidad por medio de una concepci\u00f3n metodol\u00f3gica que posibilita el desarrollo y logro del ni\u00f1@, donde este, sea capaz de actuar con autonom\u00eda en [&hellip;]<\/p>\n","protected":false},"author":3,"featured_media":0,"parent":3829,"menu_order":2,"comment_status":"closed","ping_status":"closed","template":"","meta":{"_et_pb_use_builder":"on","_et_pb_old_content":"<p><strong>CLUB DEPORTIVO SALESIANO LINARES<\/strong><\/p><p>La propuesta del Club Deportivo Salesiano, se fundamenta en la concepci\u00f3n del deporte como medio para conseguir la formaci\u00f3n integral de los ni\u00f1@s de nuestro colegio y localidad por medio de una concepci\u00f3n metodol\u00f3gica que posibilita el desarrollo y logro del ni\u00f1@, donde este, sea capaz de actuar con autonom\u00eda en un mundo en constante transformaci\u00f3n social y, se preocupa por las actitudes y capacidades antes que por la especializaci\u00f3n deportiva.<\/p><p>\u00a0<\/p><p>El horario de atenci\u00f3n al usuario son todos los Jueves de 17:30 a 18:30 en el despacho de Pastoral.<\/p><p>Las actividades que proponemos para este a\u00f1o\u00a0\u00a0son las siguientes:<\/p><p><strong><em>F\u00daTBOL SALA<\/em><\/strong><\/p><p><strong><em>F\u00daTBOL-7<\/em><\/strong><\/p><p><strong><em>BALONCESTO NIVEL INICIACI\u00d3N Y NIVEL AVANZADO<\/em><\/strong><\/p><p><strong><em>BADMINTON<\/em><\/strong><\/p><p><strong><em>MULTIDEPORTE (S\u00f3lo para infantil)<\/em><\/strong><\/p><p><strong><em>VOLEY (a partir de 5\u00ba EP)<\/em><\/strong><\/p><p>El Club Voleibol Linares fue fundado en 2013 por antiguos alumnos del Colegio Salesianos Linares<\/p><p>Valores de compa\u00f1erismo y esfuerzo, acoge a todo tipo de jugadores que cubre categorias desde Alevin (10-11 a\u00f1os), hasta Senior (+18 a\u00f1os). Componiendo los equipos jugadores tanto femeninos como masculinos.<\/p><p>\u00a0<\/p><p>Horario<\/p><p>\u00a0<\/p><p>Categoria Alevin:<\/p><p>Lunes: 17:00 - 18:00<\/p><p>Miercoles: 17:00 - 18:00<\/p><p>\u00a0<\/p><p>\u00a0<\/p>","_et_gb_content_width":"","footnotes":""},"class_list":["post-3972","page","type-page","status-publish","hentry"],"yoast_head":"<!-- This site is optimized with the Yoast SEO plugin v27.4 - https:\/\/yoast.com\/product\/yoast-seo-wordpress\/ -->\n<title>Club Deportivo - Colegio<\/title>\n<meta name=\"robots\" content=\"index, follow, max-snippet:-1, max-image-preview:large, max-video-preview:-1\" \/>\n<link rel=\"canonical\" href=\"https:\/\/linares.salesianos.edu\/colegio\/actividades-de-tiempo-libre\/club-deportivo\/\" \/>\n<meta property=\"og:locale\" content=\"es_ES\" \/>\n<meta property=\"og:type\" content=\"article\" \/>\n<meta property=\"og:title\" content=\"Club Deportivo - Colegio\" \/>\n<meta property=\"og:description\" content=\"CLUB DEPORTIVO SALESIANO LINARES La propuesta del Club Deportivo Salesiano, se fundamenta en la concepci\u00f3n del deporte como medio para conseguir la formaci\u00f3n integral de los ni\u00f1@s de nuestro colegio y localidad por medio de una concepci\u00f3n metodol\u00f3gica que posibilita el desarrollo y logro del ni\u00f1@, donde este, sea capaz de actuar con autonom\u00eda en [&hellip;]\" \/>\n<meta property=\"og:url\" content=\"https:\/\/linares.salesianos.edu\/colegio\/actividades-de-tiempo-libre\/club-deportivo\/\" \/>\n<meta property=\"og:site_name\" content=\"Colegio\" \/>\n<meta property=\"article:modified_time\" content=\"2022-10-12T08:53:25+00:00\" \/>\n<meta name=\"twitter:card\" content=\"summary_large_image\" \/>\n<meta name=\"twitter:label1\" content=\"Tiempo de lectura\" \/>\n\t<meta name=\"twitter:data1\" content=\"3 minutos\" \/>\n<script type=\"application\/ld+json\" class=\"yoast-schema-graph\">{\"@context\":\"https:\\\/\\\/schema.org\",\"@graph\":[{\"@type\":\"WebPage\",\"@id\":\"https:\\\/\\\/linares.salesianos.edu\\\/colegio\\\/actividades-de-tiempo-libre\\\/club-deportivo\\\/\",\"url\":\"https:\\\/\\\/linares.salesianos.edu\\\/colegio\\\/actividades-de-tiempo-libre\\\/club-deportivo\\\/\",\"name\":\"Club Deportivo - Colegio\",\"isPartOf\":{\"@id\":\"https:\\\/\\\/linares.salesianos.edu\\\/colegio\\\/#website\"},\"datePublished\":\"2017-10-29T15:33:09+00:00\",\"dateModified\":\"2022-10-12T08:53:25+00:00\",\"breadcrumb\":{\"@id\":\"https:\\\/\\\/linares.salesianos.edu\\\/colegio\\\/actividades-de-tiempo-libre\\\/club-deportivo\\\/#breadcrumb\"},\"inLanguage\":\"es\",\"potentialAction\":[{\"@type\":\"ReadAction\",\"target\":[\"https:\\\/\\\/linares.salesianos.edu\\\/colegio\\\/actividades-de-tiempo-libre\\\/club-deportivo\\\/\"]}]},{\"@type\":\"BreadcrumbList\",\"@id\":\"https:\\\/\\\/linares.salesianos.edu\\\/colegio\\\/actividades-de-tiempo-libre\\\/club-deportivo\\\/#breadcrumb\",\"itemListElement\":[{\"@type\":\"ListItem\",\"position\":1,\"name\":\"Portada\",\"item\":\"https:\\\/\\\/linares.salesianos.edu\\\/colegio\\\/\"},{\"@type\":\"ListItem\",\"position\":2,\"name\":\"Actividades de tiempo libre\",\"item\":\"https:\\\/\\\/linares.salesianos.edu\\\/colegio\\\/actividades-de-tiempo-libre\\\/\"},{\"@type\":\"ListItem\",\"position\":3,\"name\":\"Club Deportivo\"}]},{\"@type\":\"WebSite\",\"@id\":\"https:\\\/\\\/linares.salesianos.edu\\\/colegio\\\/#website\",\"url\":\"https:\\\/\\\/linares.salesianos.edu\\\/colegio\\\/\",\"name\":\"Colegio\",\"description\":\"P\u00e1gina oficial Salesianos Linares\",\"potentialAction\":[{\"@type\":\"SearchAction\",\"target\":{\"@type\":\"EntryPoint\",\"urlTemplate\":\"https:\\\/\\\/linares.salesianos.edu\\\/colegio\\\/?s={search_term_string}\"},\"query-input\":{\"@type\":\"PropertyValueSpecification\",\"valueRequired\":true,\"valueName\":\"search_term_string\"}}],\"inLanguage\":\"es\"}]}<\/script>\n<!-- \/ Yoast SEO plugin. -->","yoast_head_json":{"title":"Club Deportivo - Colegio","robots":{"index":"index","follow":"follow","max-snippet":"max-snippet:-1","max-image-preview":"max-image-preview:large","max-video-preview":"max-video-preview:-1"},"canonical":"https:\/\/linares.salesianos.edu\/colegio\/actividades-de-tiempo-libre\/club-deportivo\/","og_locale":"es_ES","og_type":"article","og_title":"Club Deportivo - Colegio","og_description":"CLUB DEPORTIVO SALESIANO LINARES La propuesta del Club Deportivo Salesiano, se fundamenta en la concepci\u00f3n del deporte como medio para conseguir la formaci\u00f3n integral de los ni\u00f1@s de nuestro colegio y localidad por medio de una concepci\u00f3n metodol\u00f3gica que posibilita el desarrollo y logro del ni\u00f1@, donde este, sea capaz de actuar con autonom\u00eda en [&hellip;]","og_url":"https:\/\/linares.salesianos.edu\/colegio\/actividades-de-tiempo-libre\/club-deportivo\/","og_site_name":"Colegio","article_modified_time":"2022-10-12T08:53:25+00:00","twitter_card":"summary_large_image","twitter_misc":{"Tiempo de lectura":"3 minutos"},"schema":{"@context":"https:\/\/schema.org","@graph":[{"@type":"WebPage","@id":"https:\/\/linares.salesianos.edu\/colegio\/actividades-de-tiempo-libre\/club-deportivo\/","url":"https:\/\/linares.salesianos.edu\/colegio\/actividades-de-tiempo-libre\/club-deportivo\/","name":"Club Deportivo - Colegio","isPartOf":{"@id":"https:\/\/linares.salesianos.edu\/colegio\/#website"},"datePublished":"2017-10-29T15:33:09+00:00","dateModified":"2022-10-12T08:53:25+00:00","breadcrumb":{"@id":"https:\/\/linares.salesianos.edu\/colegio\/actividades-de-tiempo-libre\/club-deportivo\/#breadcrumb"},"inLanguage":"es","potentialAction":[{"@type":"ReadAction","target":["https:\/\/linares.salesianos.edu\/colegio\/actividades-de-tiempo-libre\/club-deportivo\/"]}]},{"@type":"BreadcrumbList","@id":"https:\/\/linares.salesianos.edu\/colegio\/actividades-de-tiempo-libre\/club-deportivo\/#breadcrumb","itemListElement":[{"@type":"ListItem","position":1,"name":"Portada","item":"https:\/\/linares.salesianos.edu\/colegio\/"},{"@type":"ListItem","position":2,"name":"Actividades de tiempo libre","item":"https:\/\/linares.salesianos.edu\/colegio\/actividades-de-tiempo-libre\/"},{"@type":"ListItem","position":3,"name":"Club Deportivo"}]},{"@type":"WebSite","@id":"https:\/\/linares.salesianos.edu\/colegio\/#website","url":"https:\/\/linares.salesianos.edu\/colegio\/","name":"Colegio","description":"P\u00e1gina oficial Salesianos Linares","potentialAction":[{"@type":"SearchAction","target":{"@type":"EntryPoint","urlTemplate":"https:\/\/linares.salesianos.edu\/colegio\/?s={search_term_string}"},"query-input":{"@type":"PropertyValueSpecification","valueRequired":true,"valueName":"search_term_string"}}],"inLanguage":"es"}]}},"_links":{"self":[{"href":"https:\/\/linares.salesianos.edu\/colegio\/wp-json\/wp\/v2\/pages\/3972","targetHints":{"allow":["GET"]}}],"collection":[{"href":"https:\/\/linares.salesianos.edu\/colegio\/wp-json\/wp\/v2\/pages"}],"about":[{"href":"https:\/\/linares.salesianos.edu\/colegio\/wp-json\/wp\/v2\/types\/page"}],"author":[{"embeddable":true,"href":"https:\/\/linares.salesianos.edu\/colegio\/wp-json\/wp\/v2\/users\/3"}],"replies":[{"embeddable":true,"href":"https:\/\/linares.salesianos.edu\/colegio\/wp-json\/wp\/v2\/comments?post=3972"}],"version-history":[{"count":6,"href":"https:\/\/linares.salesianos.edu\/colegio\/wp-json\/wp\/v2\/pages\/3972\/revisions"}],"predecessor-version":[{"id":5895,"href":"https:\/\/linares.salesianos.edu\/colegio\/wp-json\/wp\/v2\/pages\/3972\/revisions\/5895"}],"up":[{"embeddable":true,"href":"https:\/\/linares.salesianos.edu\/colegio\/wp-json\/wp\/v2\/pages\/3829"}],"wp:attachment":[{"href":"https:\/\/linares.salesianos.edu\/colegio\/wp-json\/wp\/v2\/media?parent=3972"}],"curies":[{"name":"wp","href":"https:\/\/api.w.org\/{rel}","templated":true}]}}