{"id":4682,"date":"2017-11-14T09:15:09","date_gmt":"2017-11-14T08:15:09","guid":{"rendered":"https:\/\/linares.salesianos.edu\/colegio\/?page_id=4682"},"modified":"2022-10-12T10:54:23","modified_gmt":"2022-10-12T08:54:23","slug":"escuela-de-musica","status":"publish","type":"page","link":"https:\/\/linares.salesianos.edu\/colegio\/actividades-de-tiempo-libre\/escuela-de-musica\/","title":{"rendered":"Escuela de m\u00fasica"},"content":{"rendered":"<div id=\"fb-root\"><\/div>\n<p>[et_pb_section fb_built=\u00bb1&#8243; fullwidth=\u00bbon\u00bb _builder_version=\u00bb4.16&#8243; global_colors_info=\u00bb{}\u00bb][et_pb_fullwidth_header title=\u00bbEscuela de m\u00fasica\u00bb title_font_color=\u00bb#ffffff\u00bb module_class=\u00bbpagina-imagen-cabecera\u00bb _builder_version=\u00bb4.18.0&#8243; title_text_color=\u00bb#ffffff\u00bb title_font_size=\u00bb40px\u00bb background_color=\u00bbrgba(255, 255, 255, 0)\u00bb background_image=\u00bbhttps:\/\/linares.salesianos.edu\/colegio\/wp-content\/uploads\/sites\/16\/2021\/02\/encabezado_noticias_casa-min.png\u00bb background_layout=\u00bblight\u00bb max_width_tablet=\u00bb50px\u00bb hover_enabled=\u00bb0&#8243; background_url=\u00bbhttp:\/\/malaga.salesianos.edu\/wp-content\/uploads\/2017\/02\/Foto-de-portad_sin_letras.png\u00bb global_colors_info=\u00bb{}\u00bb button_one_text_size__hover_enabled=\u00bboff\u00bb button_two_text_size__hover_enabled=\u00bboff\u00bb button_one_text_color__hover_enabled=\u00bboff\u00bb button_two_text_color__hover_enabled=\u00bboff\u00bb button_one_border_width__hover_enabled=\u00bboff\u00bb button_two_border_width__hover_enabled=\u00bboff\u00bb button_one_border_color__hover_enabled=\u00bboff\u00bb button_two_border_color__hover_enabled=\u00bboff\u00bb button_one_border_radius__hover_enabled=\u00bboff\u00bb button_two_border_radius__hover_enabled=\u00bboff\u00bb button_one_letter_spacing__hover_enabled=\u00bboff\u00bb button_two_letter_spacing__hover_enabled=\u00bboff\u00bb button_one_bg_color__hover_enabled=\u00bboff\u00bb button_two_bg_color__hover_enabled=\u00bboff\u00bb title_text=\u00bbencabezado_noticias_casa-min\u00bb sticky_enabled=\u00bb0&#8243;][\/et_pb_fullwidth_header][\/et_pb_section][et_pb_section fb_built=\u00bb1&#8243; _builder_version=\u00bb4.16&#8243; global_colors_info=\u00bb{}\u00bb][et_pb_row _builder_version=\u00bb4.16&#8243; background_size=\u00bbinitial\u00bb background_position=\u00bbtop_left\u00bb background_repeat=\u00bbrepeat\u00bb global_colors_info=\u00bb{}\u00bb column_structure=\u00bb1_2,1_2&#8243;][et_pb_column type=\u00bb1_2&#8243; _builder_version=\u00bb4.16&#8243; custom_padding=\u00bb|||\u00bb global_colors_info=\u00bb{}\u00bb custom_padding__hover=\u00bb|||\u00bb][et_pb_image src=\u00bbhttps:\/\/linares.salesianos.edu\/colegio\/wp-content\/uploads\/sites\/16\/2017\/11\/IMG-20171115-WA0009.jpg\u00bb align_tablet=\u00bbcenter\u00bb align_last_edited=\u00bbon|desktop\u00bb _builder_version=\u00bb4.16&#8243; always_center_on_mobile=\u00bbon\u00bb global_colors_info=\u00bb{}\u00bb align_phone=\u00bbcenter\u00bb][\/et_pb_image][\/et_pb_column][et_pb_column type=\u00bb1_2&#8243; _builder_version=\u00bb4.16&#8243; custom_padding=\u00bb|||\u00bb global_colors_info=\u00bb{}\u00bb custom_padding__hover=\u00bb|||\u00bb][et_pb_text _builder_version=\u00bb4.16&#8243; global_colors_info=\u00bb{}\u00bb]<\/p>\n<div dir=\"auto\">Para Don Bosco, la alegr\u00eda era fruto de una vida cristiana vivida con responsabilidad y, adem\u00e1s, era signo de santidad. Y uno de los medios para estar alegres y para repartir alegr\u00eda a los dem\u00e1s era la m\u00fasica. Veladas, paseos, celebraciones lit\u00fargicas contaban siempre con la m\u00fasica como elemento esencial en la casa de Don Bosco. \u201cUn Oratorio sin m\u00fasica es un cuerpo sin alma\u201d, dec\u00eda el Padre y Maestro de la Juventud.<\/div>\n<div dir=\"auto\">Por eso, en las Casas Salesianas no puede faltar la m\u00fasica. Coros, escolan\u00edas, bandas de m\u00fasica, grupos instrumentales y vocales. Todos son bienvenidos en una Casa Salesiana.<\/div>\n<div dir=\"auto\"><\/div>\n<div dir=\"auto\">Todos los jueves de 17.30-19.30, en la sala del colegio.<\/div>\n<p>[\/et_pb_text][\/et_pb_column][\/et_pb_row][\/et_pb_section]<\/p>\n","protected":false},"excerpt":{"rendered":"<p>Para Don Bosco, la alegr\u00eda era fruto de una vida cristiana vivida con responsabilidad y, adem\u00e1s, era signo de santidad. Y uno de los medios para estar alegres y para repartir alegr\u00eda a los dem\u00e1s era la m\u00fasica. Veladas, paseos, celebraciones lit\u00fargicas contaban siempre con la m\u00fasica como elemento esencial en la casa de Don [&hellip;]<\/p>\n","protected":false},"author":3,"featured_media":0,"parent":3829,"menu_order":3,"comment_status":"closed","ping_status":"closed","template":"","meta":{"_et_pb_use_builder":"on","_et_pb_old_content":"","_et_gb_content_width":"","footnotes":""},"class_list":["post-4682","page","type-page","status-publish","hentry"],"yoast_head":"<!-- This site is optimized with the Yoast SEO plugin v27.3 - https:\/\/yoast.com\/product\/yoast-seo-wordpress\/ -->\n<title>Escuela de m\u00fasica - Colegio<\/title>\n<meta name=\"robots\" content=\"index, follow, max-snippet:-1, max-image-preview:large, max-video-preview:-1\" \/>\n<link rel=\"canonical\" href=\"https:\/\/linares.salesianos.edu\/colegio\/actividades-de-tiempo-libre\/escuela-de-musica\/\" \/>\n<meta property=\"og:locale\" content=\"es_ES\" \/>\n<meta property=\"og:type\" content=\"article\" \/>\n<meta property=\"og:title\" content=\"Escuela de m\u00fasica - Colegio\" \/>\n<meta property=\"og:description\" content=\"Para Don Bosco, la alegr\u00eda era fruto de una vida cristiana vivida con responsabilidad y, adem\u00e1s, era signo de santidad. Y uno de los medios para estar alegres y para repartir alegr\u00eda a los dem\u00e1s era la m\u00fasica. Veladas, paseos, celebraciones lit\u00fargicas contaban siempre con la m\u00fasica como elemento esencial en la casa de Don [&hellip;]\" \/>\n<meta property=\"og:url\" content=\"https:\/\/linares.salesianos.edu\/colegio\/actividades-de-tiempo-libre\/escuela-de-musica\/\" \/>\n<meta property=\"og:site_name\" content=\"Colegio\" \/>\n<meta property=\"article:modified_time\" content=\"2022-10-12T08:54:23+00:00\" \/>\n<meta name=\"twitter:card\" content=\"summary_large_image\" \/>\n<meta name=\"twitter:label1\" content=\"Tiempo de lectura\" \/>\n\t<meta name=\"twitter:data1\" content=\"2 minutos\" \/>\n<script type=\"application\/ld+json\" class=\"yoast-schema-graph\">{\"@context\":\"https:\\\/\\\/schema.org\",\"@graph\":[{\"@type\":\"WebPage\",\"@id\":\"https:\\\/\\\/linares.salesianos.edu\\\/colegio\\\/actividades-de-tiempo-libre\\\/escuela-de-musica\\\/\",\"url\":\"https:\\\/\\\/linares.salesianos.edu\\\/colegio\\\/actividades-de-tiempo-libre\\\/escuela-de-musica\\\/\",\"name\":\"Escuela de m\u00fasica - Colegio\",\"isPartOf\":{\"@id\":\"https:\\\/\\\/linares.salesianos.edu\\\/colegio\\\/#website\"},\"datePublished\":\"2017-11-14T08:15:09+00:00\",\"dateModified\":\"2022-10-12T08:54:23+00:00\",\"breadcrumb\":{\"@id\":\"https:\\\/\\\/linares.salesianos.edu\\\/colegio\\\/actividades-de-tiempo-libre\\\/escuela-de-musica\\\/#breadcrumb\"},\"inLanguage\":\"es\",\"potentialAction\":[{\"@type\":\"ReadAction\",\"target\":[\"https:\\\/\\\/linares.salesianos.edu\\\/colegio\\\/actividades-de-tiempo-libre\\\/escuela-de-musica\\\/\"]}]},{\"@type\":\"BreadcrumbList\",\"@id\":\"https:\\\/\\\/linares.salesianos.edu\\\/colegio\\\/actividades-de-tiempo-libre\\\/escuela-de-musica\\\/#breadcrumb\",\"itemListElement\":[{\"@type\":\"ListItem\",\"position\":1,\"name\":\"Portada\",\"item\":\"https:\\\/\\\/linares.salesianos.edu\\\/colegio\\\/\"},{\"@type\":\"ListItem\",\"position\":2,\"name\":\"Actividades de tiempo libre\",\"item\":\"https:\\\/\\\/linares.salesianos.edu\\\/colegio\\\/actividades-de-tiempo-libre\\\/\"},{\"@type\":\"ListItem\",\"position\":3,\"name\":\"Escuela de m\u00fasica\"}]},{\"@type\":\"WebSite\",\"@id\":\"https:\\\/\\\/linares.salesianos.edu\\\/colegio\\\/#website\",\"url\":\"https:\\\/\\\/linares.salesianos.edu\\\/colegio\\\/\",\"name\":\"Colegio\",\"description\":\"P\u00e1gina oficial Salesianos Linares\",\"potentialAction\":[{\"@type\":\"SearchAction\",\"target\":{\"@type\":\"EntryPoint\",\"urlTemplate\":\"https:\\\/\\\/linares.salesianos.edu\\\/colegio\\\/?s={search_term_string}\"},\"query-input\":{\"@type\":\"PropertyValueSpecification\",\"valueRequired\":true,\"valueName\":\"search_term_string\"}}],\"inLanguage\":\"es\"}]}<\/script>\n<!-- \/ Yoast SEO plugin. -->","yoast_head_json":{"title":"Escuela de m\u00fasica - Colegio","robots":{"index":"index","follow":"follow","max-snippet":"max-snippet:-1","max-image-preview":"max-image-preview:large","max-video-preview":"max-video-preview:-1"},"canonical":"https:\/\/linares.salesianos.edu\/colegio\/actividades-de-tiempo-libre\/escuela-de-musica\/","og_locale":"es_ES","og_type":"article","og_title":"Escuela de m\u00fasica - Colegio","og_description":"Para Don Bosco, la alegr\u00eda era fruto de una vida cristiana vivida con responsabilidad y, adem\u00e1s, era signo de santidad. Y uno de los medios para estar alegres y para repartir alegr\u00eda a los dem\u00e1s era la m\u00fasica. Veladas, paseos, celebraciones lit\u00fargicas contaban siempre con la m\u00fasica como elemento esencial en la casa de Don [&hellip;]","og_url":"https:\/\/linares.salesianos.edu\/colegio\/actividades-de-tiempo-libre\/escuela-de-musica\/","og_site_name":"Colegio","article_modified_time":"2022-10-12T08:54:23+00:00","twitter_card":"summary_large_image","twitter_misc":{"Tiempo de lectura":"2 minutos"},"schema":{"@context":"https:\/\/schema.org","@graph":[{"@type":"WebPage","@id":"https:\/\/linares.salesianos.edu\/colegio\/actividades-de-tiempo-libre\/escuela-de-musica\/","url":"https:\/\/linares.salesianos.edu\/colegio\/actividades-de-tiempo-libre\/escuela-de-musica\/","name":"Escuela de m\u00fasica - Colegio","isPartOf":{"@id":"https:\/\/linares.salesianos.edu\/colegio\/#website"},"datePublished":"2017-11-14T08:15:09+00:00","dateModified":"2022-10-12T08:54:23+00:00","breadcrumb":{"@id":"https:\/\/linares.salesianos.edu\/colegio\/actividades-de-tiempo-libre\/escuela-de-musica\/#breadcrumb"},"inLanguage":"es","potentialAction":[{"@type":"ReadAction","target":["https:\/\/linares.salesianos.edu\/colegio\/actividades-de-tiempo-libre\/escuela-de-musica\/"]}]},{"@type":"BreadcrumbList","@id":"https:\/\/linares.salesianos.edu\/colegio\/actividades-de-tiempo-libre\/escuela-de-musica\/#breadcrumb","itemListElement":[{"@type":"ListItem","position":1,"name":"Portada","item":"https:\/\/linares.salesianos.edu\/colegio\/"},{"@type":"ListItem","position":2,"name":"Actividades de tiempo libre","item":"https:\/\/linares.salesianos.edu\/colegio\/actividades-de-tiempo-libre\/"},{"@type":"ListItem","position":3,"name":"Escuela de m\u00fasica"}]},{"@type":"WebSite","@id":"https:\/\/linares.salesianos.edu\/colegio\/#website","url":"https:\/\/linares.salesianos.edu\/colegio\/","name":"Colegio","description":"P\u00e1gina oficial Salesianos Linares","potentialAction":[{"@type":"SearchAction","target":{"@type":"EntryPoint","urlTemplate":"https:\/\/linares.salesianos.edu\/colegio\/?s={search_term_string}"},"query-input":{"@type":"PropertyValueSpecification","valueRequired":true,"valueName":"search_term_string"}}],"inLanguage":"es"}]}},"_links":{"self":[{"href":"https:\/\/linares.salesianos.edu\/colegio\/wp-json\/wp\/v2\/pages\/4682","targetHints":{"allow":["GET"]}}],"collection":[{"href":"https:\/\/linares.salesianos.edu\/colegio\/wp-json\/wp\/v2\/pages"}],"about":[{"href":"https:\/\/linares.salesianos.edu\/colegio\/wp-json\/wp\/v2\/types\/page"}],"author":[{"embeddable":true,"href":"https:\/\/linares.salesianos.edu\/colegio\/wp-json\/wp\/v2\/users\/3"}],"replies":[{"embeddable":true,"href":"https:\/\/linares.salesianos.edu\/colegio\/wp-json\/wp\/v2\/comments?post=4682"}],"version-history":[{"count":5,"href":"https:\/\/linares.salesianos.edu\/colegio\/wp-json\/wp\/v2\/pages\/4682\/revisions"}],"predecessor-version":[{"id":5896,"href":"https:\/\/linares.salesianos.edu\/colegio\/wp-json\/wp\/v2\/pages\/4682\/revisions\/5896"}],"up":[{"embeddable":true,"href":"https:\/\/linares.salesianos.edu\/colegio\/wp-json\/wp\/v2\/pages\/3829"}],"wp:attachment":[{"href":"https:\/\/linares.salesianos.edu\/colegio\/wp-json\/wp\/v2\/media?parent=4682"}],"curies":[{"name":"wp","href":"https:\/\/api.w.org\/{rel}","templated":true}]}}