{"id":4688,"date":"2017-11-14T09:19:13","date_gmt":"2017-11-14T08:19:13","guid":{"rendered":"https:\/\/linares.salesianos.edu\/colegio\/?page_id=4688"},"modified":"2022-10-12T10:58:34","modified_gmt":"2022-10-12T08:58:34","slug":"salsabor","status":"publish","type":"page","link":"https:\/\/linares.salesianos.edu\/colegio\/actividades-de-tiempo-libre\/salsabor\/","title":{"rendered":"SALSABOR"},"content":{"rendered":"<div id=\"fb-root\"><\/div>\n<p>[et_pb_section fb_built=\u00bb1&#8243; fullwidth=\u00bbon\u00bb _builder_version=\u00bb4.16&#8243; global_colors_info=\u00bb{}\u00bb][et_pb_fullwidth_header title=\u00bbSALSABOR\u00bb title_font_color=\u00bb#ffffff\u00bb module_class=\u00bbpagina-imagen-cabecera\u00bb _builder_version=\u00bb4.18.0&#8243; title_text_color=\u00bb#ffffff\u00bb title_font_size=\u00bb40px\u00bb background_color=\u00bbrgba(255, 255, 255, 0)\u00bb background_image=\u00bbhttps:\/\/linares.salesianos.edu\/colegio\/wp-content\/uploads\/sites\/16\/2021\/02\/encabezado_noticias_casa-min.png\u00bb background_layout=\u00bblight\u00bb max_width_tablet=\u00bb50px\u00bb hover_enabled=\u00bb0&#8243; background_url=\u00bbhttp:\/\/malaga.salesianos.edu\/wp-content\/uploads\/2017\/02\/Foto-de-portad_sin_letras.png\u00bb global_colors_info=\u00bb{}\u00bb button_one_text_size__hover_enabled=\u00bboff\u00bb button_two_text_size__hover_enabled=\u00bboff\u00bb button_one_text_color__hover_enabled=\u00bboff\u00bb button_two_text_color__hover_enabled=\u00bboff\u00bb button_one_border_width__hover_enabled=\u00bboff\u00bb button_two_border_width__hover_enabled=\u00bboff\u00bb button_one_border_color__hover_enabled=\u00bboff\u00bb button_two_border_color__hover_enabled=\u00bboff\u00bb button_one_border_radius__hover_enabled=\u00bboff\u00bb button_two_border_radius__hover_enabled=\u00bboff\u00bb button_one_letter_spacing__hover_enabled=\u00bboff\u00bb button_two_letter_spacing__hover_enabled=\u00bboff\u00bb button_one_bg_color__hover_enabled=\u00bboff\u00bb button_two_bg_color__hover_enabled=\u00bboff\u00bb title_text=\u00bbencabezado_noticias_casa-min\u00bb sticky_enabled=\u00bb0&#8243;][\/et_pb_fullwidth_header][\/et_pb_section][et_pb_section fb_built=\u00bb1&#8243; _builder_version=\u00bb4.16&#8243; global_colors_info=\u00bb{}\u00bb][et_pb_row _builder_version=\u00bb4.16&#8243; background_size=\u00bbinitial\u00bb background_position=\u00bbtop_left\u00bb background_repeat=\u00bbrepeat\u00bb global_colors_info=\u00bb{}\u00bb][et_pb_column type=\u00bb4_4&#8243; _builder_version=\u00bb4.16&#8243; custom_padding=\u00bb|||\u00bb global_colors_info=\u00bb{}\u00bb custom_padding__hover=\u00bb|||\u00bb][et_pb_text _builder_version=\u00bb4.16&#8243; background_size=\u00bbinitial\u00bb background_position=\u00bbtop_left\u00bb background_repeat=\u00bbrepeat\u00bb global_colors_info=\u00bb{}\u00bb]&nbsp;<\/p>\n<p><img loading=\"lazy\" decoding=\"async\" class=\" wp-image-4716 alignnone\" src=\"https:\/\/linares.salesianos.edu\/colegio\/wp-content\/uploads\/sites\/16\/2017\/11\/IMG-20171102-WA0027-1-300x199.jpg\" alt=\"\" width=\"228\" height=\"151\" srcset=\"https:\/\/linares.salesianos.edu\/colegio\/wp-content\/uploads\/sites\/16\/2017\/11\/IMG-20171102-WA0027-1-300x199.jpg 300w, https:\/\/linares.salesianos.edu\/colegio\/wp-content\/uploads\/sites\/16\/2017\/11\/IMG-20171102-WA0027-1-768x510.jpg 768w, https:\/\/linares.salesianos.edu\/colegio\/wp-content\/uploads\/sites\/16\/2017\/11\/IMG-20171102-WA0027-1-1024x680.jpg 1024w, https:\/\/linares.salesianos.edu\/colegio\/wp-content\/uploads\/sites\/16\/2017\/11\/IMG-20171102-WA0027-1-1080x717.jpg 1080w, https:\/\/linares.salesianos.edu\/colegio\/wp-content\/uploads\/sites\/16\/2017\/11\/IMG-20171102-WA0027-1.jpg 1600w\" sizes=\"(max-width: 228px) 100vw, 228px\" \/><img loading=\"lazy\" decoding=\"async\" class=\"size-medium wp-image-4715 alignnone\" src=\"https:\/\/linares.salesianos.edu\/colegio\/wp-content\/uploads\/sites\/16\/2017\/11\/IMG-20171102-WA0028-1-225x300.jpg\" alt=\"\" width=\"225\" height=\"300\" srcset=\"https:\/\/linares.salesianos.edu\/colegio\/wp-content\/uploads\/sites\/16\/2017\/11\/IMG-20171102-WA0028-1-225x300.jpg 225w, https:\/\/linares.salesianos.edu\/colegio\/wp-content\/uploads\/sites\/16\/2017\/11\/IMG-20171102-WA0028-1-768x1024.jpg 768w, https:\/\/linares.salesianos.edu\/colegio\/wp-content\/uploads\/sites\/16\/2017\/11\/IMG-20171102-WA0028-1-1080x1440.jpg 1080w, https:\/\/linares.salesianos.edu\/colegio\/wp-content\/uploads\/sites\/16\/2017\/11\/IMG-20171102-WA0028-1.jpg 1200w\" sizes=\"(max-width: 225px) 100vw, 225px\" \/><img loading=\"lazy\" decoding=\"async\" class=\"wp-image-4714 alignnone\" src=\"https:\/\/linares.salesianos.edu\/colegio\/wp-content\/uploads\/sites\/16\/2017\/11\/IMG-20171102-WA0026-300x199.jpg\" alt=\"\" width=\"232\" height=\"154\" srcset=\"https:\/\/linares.salesianos.edu\/colegio\/wp-content\/uploads\/sites\/16\/2017\/11\/IMG-20171102-WA0026-300x199.jpg 300w, https:\/\/linares.salesianos.edu\/colegio\/wp-content\/uploads\/sites\/16\/2017\/11\/IMG-20171102-WA0026-768x510.jpg 768w, https:\/\/linares.salesianos.edu\/colegio\/wp-content\/uploads\/sites\/16\/2017\/11\/IMG-20171102-WA0026-1024x680.jpg 1024w, https:\/\/linares.salesianos.edu\/colegio\/wp-content\/uploads\/sites\/16\/2017\/11\/IMG-20171102-WA0026-1080x717.jpg 1080w, https:\/\/linares.salesianos.edu\/colegio\/wp-content\/uploads\/sites\/16\/2017\/11\/IMG-20171102-WA0026.jpg 1600w\" sizes=\"(max-width: 232px) 100vw, 232px\" \/><\/p>\n<p>Esta actividad cultural deportiva nace\u00a0all\u00e1\u00a0por el a\u00f1o escolar 2009\/2010 como consecuencia de la demanda de un grupo de padres del Centro, desde entonces hasta la fecha han sido muchos los padres y madres que han encontrado en esta actividad una nueva manera de mantenerse en forma f\u00edsicamente, ya que su ejercicio hace que la orientaci\u00f3n espacial,\u00a0 la lateralidad, el ejetcicio mental, ya que hay que tomar decisiones en un corto per\u00edodo de tiempo y, el trabajo de todas las articulaciones redunda en un mejor bien estar f\u00edsico,\u00a0 m\u00e1s, no s\u00f3lo eso, sino que, se potencia una nueva forma de relacionarse, potenci\u00e1ndose el sentido de grupo, todo esto relativo al colectivo, sin embargo tambi\u00e9n tiene sus enormes ventajas en cuanto a la pareja, ya que comparten una actividad com\u00fan, no siendo necesario la presencia de otras personas para asegurar el divertimento y la complicidad de la pareja, cuando estando solos bailan y se divierten.<\/p>\n<p>&nbsp;<\/p>\n<p>Esta actividad ha participado y seguir\u00e1 participando en todas las actividades del Centro por lo que sean requeridos ,como as\u00ed ha sido en las diferentes coreograf\u00edas montadas, realizadas y expuestas, tanto en la fiesta fin de curso como para aquellos actos cuyo objetivo fue recaudar fondos para cualquier ONG.<\/p>\n<p>En fin&#8230; os podr\u00edamos decir muchas cosas m\u00e1s, pero lo mejor es que veng\u00e1is, nos conozc\u00e1is y seguro que qued\u00e1is enganchados.<\/p>\n<p>\u00a1\u00a1\u00a1 Os esperamos!!!<br \/>\n[\/et_pb_text][\/et_pb_column][\/et_pb_row][\/et_pb_section]<\/p>\n","protected":false},"excerpt":{"rendered":"<p>&nbsp; Esta actividad cultural deportiva nace\u00a0all\u00e1\u00a0por el a\u00f1o escolar 2009\/2010 como consecuencia de la demanda de un grupo de padres del Centro, desde entonces hasta la fecha han sido muchos los padres y madres que han encontrado en esta actividad una nueva manera de mantenerse en forma f\u00edsicamente, ya que su ejercicio hace que la [&hellip;]<\/p>\n","protected":false},"author":3,"featured_media":0,"parent":3829,"menu_order":6,"comment_status":"closed","ping_status":"closed","template":"","meta":{"_et_pb_use_builder":"on","_et_pb_old_content":"<p>\u00a0<\/p><p><img class=\" wp-image-4716 alignnone\" src=\"https:\/\/linares.salesianos.edu\/colegio\/wp-content\/uploads\/sites\/16\/2017\/11\/IMG-20171102-WA0027-1-300x199.jpg\" alt=\"\" width=\"228\" height=\"151\" \/><img class=\"size-medium wp-image-4715 alignnone\" src=\"https:\/\/linares.salesianos.edu\/colegio\/wp-content\/uploads\/sites\/16\/2017\/11\/IMG-20171102-WA0028-1-225x300.jpg\" alt=\"\" width=\"225\" height=\"300\" \/><img class=\"wp-image-4714 alignnone\" src=\"https:\/\/linares.salesianos.edu\/colegio\/wp-content\/uploads\/sites\/16\/2017\/11\/IMG-20171102-WA0026-300x199.jpg\" alt=\"\" width=\"232\" height=\"154\" \/><\/p><p>Esta actividad cultural deportiva nace\u00a0all\u00e1\u00a0por el a\u00f1o escolar 2009\/2010 como consecuencia de la demanda de un grupo de padres del Centro, desde entonces hasta la fecha han sido muchos los padres y madres que han encontrado en esta actividad una nueva manera de mantenerse en forma f\u00edsicamente, ya que su ejercicio hace que la orientaci\u00f3n espacial,\u00a0 la lateralidad, el ejetcicio mental, ya que hay que tomar decisiones en un corto per\u00edodo de tiempo y, el trabajo de todas las articulaciones redunda en un mejor bien estar f\u00edsico,\u00a0 m\u00e1s, no s\u00f3lo eso, sino que, se potencia una nueva forma de relacionarse, potenci\u00e1ndose el sentido de grupo, todo esto relativo al colectivo, sin embargo tambi\u00e9n tiene sus enormes ventajas en cuanto a la pareja, ya que comparten una actividad com\u00fan, no siendo necesario la presencia de otras personas para asegurar el divertimento y la complicidad de la pareja, cuando estando solos bailan y se divierten.<\/p><p>\u00a0<\/p><p>Esta actividad ha participado y seguir\u00e1 participando en todas las actividades del Centro por lo que sean requeridos ,como as\u00ed ha sido en las diferentes coreograf\u00edas montadas, realizadas y expuestas, tanto en la fiesta fin de curso como para aquellos actos cuyo objetivo fue recaudar fondos para cualquier ONG.<\/p><p>En fin... os podr\u00edamos decir muchas cosas m\u00e1s, pero lo mejor es que veng\u00e1is, nos conozc\u00e1is y seguro que qued\u00e1is enganchados.<\/p><p>\u00a1\u00a1\u00a1 Os esperamos!!!<\/p>","_et_gb_content_width":"","footnotes":""},"class_list":["post-4688","page","type-page","status-publish","hentry"],"yoast_head":"<!-- This site is optimized with the Yoast SEO plugin v27.4 - https:\/\/yoast.com\/product\/yoast-seo-wordpress\/ -->\n<title>SALSABOR - Colegio<\/title>\n<meta name=\"robots\" content=\"index, follow, max-snippet:-1, max-image-preview:large, max-video-preview:-1\" \/>\n<link rel=\"canonical\" href=\"https:\/\/linares.salesianos.edu\/colegio\/actividades-de-tiempo-libre\/salsabor\/\" \/>\n<meta property=\"og:locale\" content=\"es_ES\" \/>\n<meta property=\"og:type\" content=\"article\" \/>\n<meta property=\"og:title\" content=\"SALSABOR - Colegio\" \/>\n<meta property=\"og:description\" content=\"&nbsp; Esta actividad cultural deportiva nace\u00a0all\u00e1\u00a0por el a\u00f1o escolar 2009\/2010 como consecuencia de la demanda de un grupo de padres del Centro, desde entonces hasta la fecha han sido muchos los padres y madres que han encontrado en esta actividad una nueva manera de mantenerse en forma f\u00edsicamente, ya que su ejercicio hace que la [&hellip;]\" \/>\n<meta property=\"og:url\" content=\"https:\/\/linares.salesianos.edu\/colegio\/actividades-de-tiempo-libre\/salsabor\/\" \/>\n<meta property=\"og:site_name\" content=\"Colegio\" \/>\n<meta property=\"article:modified_time\" content=\"2022-10-12T08:58:34+00:00\" \/>\n<meta property=\"og:image\" content=\"https:\/\/linares.salesianos.edu\/colegio\/wp-content\/uploads\/sites\/16\/2017\/11\/IMG-20171102-WA0027-1-300x199.jpg\" \/>\n<meta name=\"twitter:card\" content=\"summary_large_image\" \/>\n<meta name=\"twitter:label1\" content=\"Tiempo de lectura\" \/>\n\t<meta name=\"twitter:data1\" content=\"3 minutos\" \/>\n<script type=\"application\/ld+json\" class=\"yoast-schema-graph\">{\"@context\":\"https:\\\/\\\/schema.org\",\"@graph\":[{\"@type\":\"WebPage\",\"@id\":\"https:\\\/\\\/linares.salesianos.edu\\\/colegio\\\/actividades-de-tiempo-libre\\\/salsabor\\\/\",\"url\":\"https:\\\/\\\/linares.salesianos.edu\\\/colegio\\\/actividades-de-tiempo-libre\\\/salsabor\\\/\",\"name\":\"SALSABOR - Colegio\",\"isPartOf\":{\"@id\":\"https:\\\/\\\/linares.salesianos.edu\\\/colegio\\\/#website\"},\"primaryImageOfPage\":{\"@id\":\"https:\\\/\\\/linares.salesianos.edu\\\/colegio\\\/actividades-de-tiempo-libre\\\/salsabor\\\/#primaryimage\"},\"image\":{\"@id\":\"https:\\\/\\\/linares.salesianos.edu\\\/colegio\\\/actividades-de-tiempo-libre\\\/salsabor\\\/#primaryimage\"},\"thumbnailUrl\":\"https:\\\/\\\/linares.salesianos.edu\\\/colegio\\\/wp-content\\\/uploads\\\/sites\\\/16\\\/2017\\\/11\\\/IMG-20171102-WA0027-1-300x199.jpg\",\"datePublished\":\"2017-11-14T08:19:13+00:00\",\"dateModified\":\"2022-10-12T08:58:34+00:00\",\"breadcrumb\":{\"@id\":\"https:\\\/\\\/linares.salesianos.edu\\\/colegio\\\/actividades-de-tiempo-libre\\\/salsabor\\\/#breadcrumb\"},\"inLanguage\":\"es\",\"potentialAction\":[{\"@type\":\"ReadAction\",\"target\":[\"https:\\\/\\\/linares.salesianos.edu\\\/colegio\\\/actividades-de-tiempo-libre\\\/salsabor\\\/\"]}]},{\"@type\":\"ImageObject\",\"inLanguage\":\"es\",\"@id\":\"https:\\\/\\\/linares.salesianos.edu\\\/colegio\\\/actividades-de-tiempo-libre\\\/salsabor\\\/#primaryimage\",\"url\":\"https:\\\/\\\/linares.salesianos.edu\\\/colegio\\\/wp-content\\\/uploads\\\/sites\\\/16\\\/2017\\\/11\\\/IMG-20171102-WA0027-1.jpg\",\"contentUrl\":\"https:\\\/\\\/linares.salesianos.edu\\\/colegio\\\/wp-content\\\/uploads\\\/sites\\\/16\\\/2017\\\/11\\\/IMG-20171102-WA0027-1.jpg\",\"width\":1600,\"height\":1062},{\"@type\":\"BreadcrumbList\",\"@id\":\"https:\\\/\\\/linares.salesianos.edu\\\/colegio\\\/actividades-de-tiempo-libre\\\/salsabor\\\/#breadcrumb\",\"itemListElement\":[{\"@type\":\"ListItem\",\"position\":1,\"name\":\"Portada\",\"item\":\"https:\\\/\\\/linares.salesianos.edu\\\/colegio\\\/\"},{\"@type\":\"ListItem\",\"position\":2,\"name\":\"Actividades de tiempo libre\",\"item\":\"https:\\\/\\\/linares.salesianos.edu\\\/colegio\\\/actividades-de-tiempo-libre\\\/\"},{\"@type\":\"ListItem\",\"position\":3,\"name\":\"SALSABOR\"}]},{\"@type\":\"WebSite\",\"@id\":\"https:\\\/\\\/linares.salesianos.edu\\\/colegio\\\/#website\",\"url\":\"https:\\\/\\\/linares.salesianos.edu\\\/colegio\\\/\",\"name\":\"Colegio\",\"description\":\"P\u00e1gina oficial Salesianos Linares\",\"potentialAction\":[{\"@type\":\"SearchAction\",\"target\":{\"@type\":\"EntryPoint\",\"urlTemplate\":\"https:\\\/\\\/linares.salesianos.edu\\\/colegio\\\/?s={search_term_string}\"},\"query-input\":{\"@type\":\"PropertyValueSpecification\",\"valueRequired\":true,\"valueName\":\"search_term_string\"}}],\"inLanguage\":\"es\"}]}<\/script>\n<!-- \/ Yoast SEO plugin. -->","yoast_head_json":{"title":"SALSABOR - Colegio","robots":{"index":"index","follow":"follow","max-snippet":"max-snippet:-1","max-image-preview":"max-image-preview:large","max-video-preview":"max-video-preview:-1"},"canonical":"https:\/\/linares.salesianos.edu\/colegio\/actividades-de-tiempo-libre\/salsabor\/","og_locale":"es_ES","og_type":"article","og_title":"SALSABOR - Colegio","og_description":"&nbsp; Esta actividad cultural deportiva nace\u00a0all\u00e1\u00a0por el a\u00f1o escolar 2009\/2010 como consecuencia de la demanda de un grupo de padres del Centro, desde entonces hasta la fecha han sido muchos los padres y madres que han encontrado en esta actividad una nueva manera de mantenerse en forma f\u00edsicamente, ya que su ejercicio hace que la [&hellip;]","og_url":"https:\/\/linares.salesianos.edu\/colegio\/actividades-de-tiempo-libre\/salsabor\/","og_site_name":"Colegio","article_modified_time":"2022-10-12T08:58:34+00:00","og_image":[{"url":"https:\/\/linares.salesianos.edu\/colegio\/wp-content\/uploads\/sites\/16\/2017\/11\/IMG-20171102-WA0027-1-300x199.jpg","type":"","width":"","height":""}],"twitter_card":"summary_large_image","twitter_misc":{"Tiempo de lectura":"3 minutos"},"schema":{"@context":"https:\/\/schema.org","@graph":[{"@type":"WebPage","@id":"https:\/\/linares.salesianos.edu\/colegio\/actividades-de-tiempo-libre\/salsabor\/","url":"https:\/\/linares.salesianos.edu\/colegio\/actividades-de-tiempo-libre\/salsabor\/","name":"SALSABOR - Colegio","isPartOf":{"@id":"https:\/\/linares.salesianos.edu\/colegio\/#website"},"primaryImageOfPage":{"@id":"https:\/\/linares.salesianos.edu\/colegio\/actividades-de-tiempo-libre\/salsabor\/#primaryimage"},"image":{"@id":"https:\/\/linares.salesianos.edu\/colegio\/actividades-de-tiempo-libre\/salsabor\/#primaryimage"},"thumbnailUrl":"https:\/\/linares.salesianos.edu\/colegio\/wp-content\/uploads\/sites\/16\/2017\/11\/IMG-20171102-WA0027-1-300x199.jpg","datePublished":"2017-11-14T08:19:13+00:00","dateModified":"2022-10-12T08:58:34+00:00","breadcrumb":{"@id":"https:\/\/linares.salesianos.edu\/colegio\/actividades-de-tiempo-libre\/salsabor\/#breadcrumb"},"inLanguage":"es","potentialAction":[{"@type":"ReadAction","target":["https:\/\/linares.salesianos.edu\/colegio\/actividades-de-tiempo-libre\/salsabor\/"]}]},{"@type":"ImageObject","inLanguage":"es","@id":"https:\/\/linares.salesianos.edu\/colegio\/actividades-de-tiempo-libre\/salsabor\/#primaryimage","url":"https:\/\/linares.salesianos.edu\/colegio\/wp-content\/uploads\/sites\/16\/2017\/11\/IMG-20171102-WA0027-1.jpg","contentUrl":"https:\/\/linares.salesianos.edu\/colegio\/wp-content\/uploads\/sites\/16\/2017\/11\/IMG-20171102-WA0027-1.jpg","width":1600,"height":1062},{"@type":"BreadcrumbList","@id":"https:\/\/linares.salesianos.edu\/colegio\/actividades-de-tiempo-libre\/salsabor\/#breadcrumb","itemListElement":[{"@type":"ListItem","position":1,"name":"Portada","item":"https:\/\/linares.salesianos.edu\/colegio\/"},{"@type":"ListItem","position":2,"name":"Actividades de tiempo libre","item":"https:\/\/linares.salesianos.edu\/colegio\/actividades-de-tiempo-libre\/"},{"@type":"ListItem","position":3,"name":"SALSABOR"}]},{"@type":"WebSite","@id":"https:\/\/linares.salesianos.edu\/colegio\/#website","url":"https:\/\/linares.salesianos.edu\/colegio\/","name":"Colegio","description":"P\u00e1gina oficial Salesianos Linares","potentialAction":[{"@type":"SearchAction","target":{"@type":"EntryPoint","urlTemplate":"https:\/\/linares.salesianos.edu\/colegio\/?s={search_term_string}"},"query-input":{"@type":"PropertyValueSpecification","valueRequired":true,"valueName":"search_term_string"}}],"inLanguage":"es"}]}},"_links":{"self":[{"href":"https:\/\/linares.salesianos.edu\/colegio\/wp-json\/wp\/v2\/pages\/4688","targetHints":{"allow":["GET"]}}],"collection":[{"href":"https:\/\/linares.salesianos.edu\/colegio\/wp-json\/wp\/v2\/pages"}],"about":[{"href":"https:\/\/linares.salesianos.edu\/colegio\/wp-json\/wp\/v2\/types\/page"}],"author":[{"embeddable":true,"href":"https:\/\/linares.salesianos.edu\/colegio\/wp-json\/wp\/v2\/users\/3"}],"replies":[{"embeddable":true,"href":"https:\/\/linares.salesianos.edu\/colegio\/wp-json\/wp\/v2\/comments?post=4688"}],"version-history":[{"count":4,"href":"https:\/\/linares.salesianos.edu\/colegio\/wp-json\/wp\/v2\/pages\/4688\/revisions"}],"predecessor-version":[{"id":5899,"href":"https:\/\/linares.salesianos.edu\/colegio\/wp-json\/wp\/v2\/pages\/4688\/revisions\/5899"}],"up":[{"embeddable":true,"href":"https:\/\/linares.salesianos.edu\/colegio\/wp-json\/wp\/v2\/pages\/3829"}],"wp:attachment":[{"href":"https:\/\/linares.salesianos.edu\/colegio\/wp-json\/wp\/v2\/media?parent=4688"}],"curies":[{"name":"wp","href":"https:\/\/api.w.org\/{rel}","templated":true}]}}