{"id":4802,"date":"2017-11-09T20:46:00","date_gmt":"2017-11-09T19:46:00","guid":{"rendered":"https:\/\/linares.salesianos.edu\/colegio\/educadores\/"},"modified":"2017-11-09T20:46:00","modified_gmt":"2017-11-09T19:46:00","slug":"educadores","status":"publish","type":"page","link":"https:\/\/linares.salesianos.edu\/colegio\/educadores\/","title":{"rendered":"Educadores"},"content":{"rendered":"<div id=\"fb-root\"><\/div>\n<p>[et_pb_section bb_built=\u00bb1&#8243; fullwidth=\u00bbon\u00bb _builder_version=\u00bb3.0.47&#8243;][et_pb_fullwidth_header title=\u00bbEducadores\u00bb title_font_color=\u00bb#ffffff\u00bb module_class=\u00bbpagina-imagen-cabecera\u00bb _builder_version=\u00bb3.0.75&#8243; title_font_size=\u00bb40px\u00bb background_image=\u00bbhttps:\/\/inspectoria.salesianos.edu\/wp-content\/uploads\/2017\/09\/ImagenPAGINA.jpg\u00bb background_url=\u00bbhttps:\/\/alicante.salesianos.edu\/colegio\/wp-content\/uploads\/sites\/2\/2017\/04\/Captura-de-pantalla-2017-04-13-a-las-16.14.37.png\u00bb text_orientation=\u00bbleft\u00bb header_fullscreen=\u00bboff\u00bb header_scroll_down=\u00bboff\u00bb image_orientation=\u00bbcenter\u00bb background_layout=\u00bblight\u00bb content_orientation=\u00bbcenter\u00bb custom_button_one=\u00bboff\u00bb button_one_letter_spacing=\u00bb0&#8243; button_one_icon_placement=\u00bbright\u00bb button_one_letter_spacing_hover=\u00bb0&#8243; custom_button_two=\u00bboff\u00bb button_two_letter_spacing=\u00bb0&#8243; button_two_icon_placement=\u00bbright\u00bb button_two_letter_spacing_hover=\u00bb0&#8243; max_width_tablet=\u00bb50px\u00bb title_text_color=\u00bb#ffffff\u00bb \/][\/et_pb_section][et_pb_section bb_built=\u00bb1&#8243; custom_padding=\u00bb0%|0px|50px|\u00bb module_class=\u00bbpagina-seccion-contenido\u00bb _builder_version=\u00bb3.0.66&#8243;][et_pb_row custom_padding=\u00bb25px|0px|0px|0px\u00bb custom_margin=\u00bb25px|||\u00bb parallax_method_1=\u00bboff\u00bb module_class=\u00bbpagina-texto\u00bb _builder_version=\u00bb3.0.66&#8243; background_size=\u00bbinitial\u00bb background_position=\u00bbtop_left\u00bb background_repeat=\u00bbrepeat\u00bb][et_pb_column type=\u00bb2_3&#8243;][et_pb_text _builder_version=\u00bb3.0.66&#8243; custom_margin=\u00bb15px|||\u00bb]<\/p>\n<h1>Todo lo que necesitas, en un mismo lugar.<\/h1>\n<p>[\/et_pb_text][et_pb_text _builder_version=\u00bb3.0.86&#8243; background_size=\u00bbinitial\u00bb background_position=\u00bbtop_left\u00bb background_repeat=\u00bbrepeat\u00bb background_layout=\u00bblight\u00bb]<\/p>\n<p>Si eres\u00a0<strong>profesor\/a\u00a0del colegio<\/strong>, esta secci\u00f3n est\u00e1 dise\u00f1ada especialmente para ti. Aqu\u00ed encontrar\u00e1s todo lo que puedas necesitar durante en tu d\u00eda a d\u00eda: plataformas del centro, \u00e1lbum de fotos, accesos directos, recursos, herramientas,\u2026 tanto externos como de la propia web.<\/p>\n<p>Con el tiempo iremos a\u00f1adiendo aplicaciones y mejorando este espacio. Si ves que falta algo o tienes alguna sugerencia de mejora, no dudes en enviarnos un mensaje a:<\/p>\n<p>[\/et_pb_text][et_pb_blurb title=\u00bbweb.linares@salesianos.edu\u00bb url=\u00bbmailto:noexiste@salesianos.edu\u00bb use_icon=\u00bbon\u00bb font_icon=\u00bb%%238%%\u00bb icon_placement=\u00bbleft\u00bb use_icon_font_size=\u00bbon\u00bb icon_font_size=\u00bb20px\u00bb _builder_version=\u00bb3.0.86&#8243; header_font=\u00bbLato Light||||\u00bb header_font_size=\u00bb17px\u00bb url_new_window=\u00bboff\u00bb use_circle=\u00bboff\u00bb use_circle_border=\u00bboff\u00bb background_layout=\u00bblight\u00bb module_class=\u00bbpagina-texto-light\u00bb max_width_tablet=\u00bb50px\u00bb \/][\/et_pb_column][et_pb_column type=\u00bb1_3&#8243;][et_pb_number_counter title=\u00bbApps\u00bb number=\u00bb5&#8243; percent_sign=\u00bboff\u00bb _builder_version=\u00bb3.0.86&#8243; title_font=\u00bbLato||||\u00bb title_font_size=\u00bb47px\u00bb title_line_height=\u00bb1.7em\u00bb number_font=\u00bbLato||||\u00bb number_font_size=\u00bb100px\u00bb custom_padding=\u00bb||NaNpx|\u00bb background_layout=\u00bblight\u00bb number_text_color=\u00bb#dc001b\u00bb \/][et_pb_text text_orientation=\u00bbcenter\u00bb module_class=\u00bbpagina-texto-light\u00bb _builder_version=\u00bb3.0.72&#8243; text_font_size=\u00bb24px\u00bb custom_margin=\u00bb-15px|||\u00bb background_layout=\u00bblight\u00bb border_style=\u00bbsolid\u00bb module_alignment=\u00bbcenter\u00bb]<\/p>\n<p>Y subiendo.<\/p>\n<p>[\/et_pb_text][\/et_pb_column][\/et_pb_row][et_pb_row custom_padding=\u00bb25px||0px|\u00bb custom_margin=\u00bb40px|||\u00bb _builder_version=\u00bb3.0.66&#8243;][et_pb_column type=\u00bb4_4&#8243;][et_pb_text admin_label=\u00bbCategor\u00eda Apps (Texto)\u00bb _builder_version=\u00bb3.0.72&#8243; text_font=\u00bbLato||||\u00bb text_font_size=\u00bb32px\u00bb text_font_size_tablet=\u00bb32px\u00bb text_font_size_phone=\u00bb32px\u00bb text_text_color=\u00bb#e02b20&#8243; text_letter_spacing_tablet=\u00bb0px\u00bb text_letter_spacing_phone=\u00bb0px\u00bb text_line_height=\u00bb1em\u00bb text_line_height_tablet=\u00bb1em\u00bb text_line_height_phone=\u00bb1em\u00bb header_font=\u00bb||||\u00bb header_font_size_tablet=\u00bb30px\u00bb header_font_size_phone=\u00bb30px\u00bb header_letter_spacing_tablet=\u00bb0px\u00bb header_letter_spacing_phone=\u00bb0px\u00bb header_line_height_tablet=\u00bb1em\u00bb header_line_height_phone=\u00bb1em\u00bb custom_margin=\u00bb||50px|\u00bb custom_margin_tablet=\u00bb||50px|\u00bb custom_margin_phone=\u00bb||50px|\u00bb custom_padding=\u00bb|||\u00bb custom_padding_tablet=\u00bb|||\u00bb custom_padding_phone=\u00bb|||\u00bb global_module=\u00bb2873&#8243; saved_tabs=\u00bball\u00bb]<\/p>\n<p>Para el d\u00eda a d\u00eda<\/p>\n<p>[\/et_pb_text][\/et_pb_column][\/et_pb_row][et_pb_row custom_padding=\u00bb0px|0px|0px|0px\u00bb custom_margin=\u00bb|||\u00bb background_repeat_1=\u00bbno-repeat\u00bb background_repeat_2=\u00bbno-repeat\u00bb background_repeat_3=\u00bbno-repeat\u00bb background_repeat_4=\u00bbno-repeat\u00bb _builder_version=\u00bb3.0.86&#8243;][et_pb_column type=\u00bb1_4&#8243;][et_pb_image admin_label=\u00bbIcono app (Imagen)\u00bb src=\u00bbhttps:\/\/linares.salesianos.edu\/colegio\/wp-content\/uploads\/sites\/16\/2017\/11\/icono_qualitas_educativa-min.png\u00bb url=\u00bbhttp:\/\/qualitaseducativa.com\u00bb url_new_window=\u00bbon\u00bb sticky=\u00bbon\u00bb align=\u00bbcenter\u00bb max_width=\u00bb200px\u00bb _builder_version=\u00bb3.0.86&#8243; custom_margin=\u00bb||16px|\u00bb animation_style=\u00bbslide\u00bb animation_direction=\u00bbtop\u00bb animation_duration=\u00bb500ms\u00bb animation_intensity_slide=\u00bb10%\u00bb animation=\u00bbtop\u00bb saved_tabs=\u00bball\u00bb show_in_lightbox=\u00bboff\u00bb use_overlay=\u00bboff\u00bb always_center_on_mobile=\u00bbon\u00bb force_fullwidth=\u00bboff\u00bb show_bottom_space=\u00bbon\u00bb \/][et_pb_text admin_label=\u00bbNombre App (Texto)\u00bb text_orientation=\u00bbcenter\u00bb max_width=\u00bb200px\u00bb module_class=\u00bbpagina-texto-light\u00bb _builder_version=\u00bb3.0.86&#8243; text_font=\u00bbLato Light||||\u00bb text_font_size=\u00bb24px\u00bb text_line_height=\u00bb1em\u00bb custom_margin=\u00bb||20px|\u00bb animation_style=\u00bbslide\u00bb animation_direction=\u00bbtop\u00bb animation_duration=\u00bb500ms\u00bb animation_intensity_slide=\u00bb10%\u00bb saved_tabs=\u00bball\u00bb background_layout=\u00bblight\u00bb border_style=\u00bbsolid\u00bb module_alignment=\u00bbcenter\u00bb]<\/p>\n<p>Qualitas Educativa<\/p>\n<p>[\/et_pb_text][\/et_pb_column][et_pb_column type=\u00bb1_4&#8243;][et_pb_image admin_label=\u00bbIcono app (Imagen)\u00bb src=\u00bbhttps:\/\/linares.salesianos.edu\/wp-content\/uploads\/2017\/11\/correo.jpg\u00bb url=\u00bbhttp:\/\/mail.google.com\u00bb url_new_window=\u00bbon\u00bb sticky=\u00bbon\u00bb align=\u00bbcenter\u00bb max_width=\u00bb200px\u00bb _builder_version=\u00bb3.0.86&#8243; custom_margin=\u00bb||16px|\u00bb animation_style=\u00bbslide\u00bb animation_direction=\u00bbtop\u00bb animation_duration=\u00bb500ms\u00bb animation_intensity_slide=\u00bb10%\u00bb animation=\u00bbtop\u00bb saved_tabs=\u00bball\u00bb show_in_lightbox=\u00bboff\u00bb use_overlay=\u00bboff\u00bb always_center_on_mobile=\u00bbon\u00bb force_fullwidth=\u00bboff\u00bb show_bottom_space=\u00bbon\u00bb \/][et_pb_text admin_label=\u00bbNombre App (Texto)\u00bb text_orientation=\u00bbcenter\u00bb max_width=\u00bb200px\u00bb module_class=\u00bbpagina-texto-light\u00bb _builder_version=\u00bb3.0.86&#8243; text_font=\u00bbLato Light||||\u00bb text_font_size=\u00bb24px\u00bb text_line_height=\u00bb1em\u00bb custom_margin=\u00bb||20px|\u00bb animation_style=\u00bbslide\u00bb animation_direction=\u00bbtop\u00bb animation_duration=\u00bb500ms\u00bb animation_intensity_slide=\u00bb10%\u00bb saved_tabs=\u00bball\u00bb background_layout=\u00bblight\u00bb module_alignment=\u00bbcenter\u00bb]<\/p>\n<p>Correo<\/p>\n<p>[\/et_pb_text][\/et_pb_column][et_pb_column type=\u00bb1_4&#8243;][et_pb_image admin_label=\u00bbIcono app (Imagen)\u00bb src=\u00bbhttps:\/\/linares.salesianos.edu\/colegio\/wp-content\/uploads\/sites\/16\/2017\/11\/icono_google_drive-min.png\u00bb url=\u00bbhttp:\/\/drive.google.com\u00bb url_new_window=\u00bbon\u00bb sticky=\u00bbon\u00bb align=\u00bbcenter\u00bb max_width=\u00bb200px\u00bb _builder_version=\u00bb3.0.86&#8243; custom_margin=\u00bb||16px|\u00bb animation_style=\u00bbslide\u00bb animation_direction=\u00bbtop\u00bb animation_duration=\u00bb500ms\u00bb animation_intensity_slide=\u00bb10%\u00bb animation=\u00bbtop\u00bb saved_tabs=\u00bball\u00bb show_in_lightbox=\u00bboff\u00bb use_overlay=\u00bboff\u00bb always_center_on_mobile=\u00bbon\u00bb force_fullwidth=\u00bboff\u00bb show_bottom_space=\u00bbon\u00bb \/][et_pb_text admin_label=\u00bbNombre App (Texto)\u00bb text_orientation=\u00bbcenter\u00bb max_width=\u00bb200px\u00bb module_class=\u00bbpagina-texto-light\u00bb _builder_version=\u00bb3.0.86&#8243; text_font=\u00bbLato Light||||\u00bb text_font_size=\u00bb24px\u00bb text_line_height=\u00bb1em\u00bb custom_margin=\u00bb||20px|\u00bb animation_style=\u00bbslide\u00bb animation_direction=\u00bbtop\u00bb animation_duration=\u00bb500ms\u00bb animation_intensity_slide=\u00bb10%\u00bb saved_tabs=\u00bball\u00bb background_layout=\u00bblight\u00bb border_style=\u00bbsolid\u00bb module_alignment=\u00bbcenter\u00bb]<\/p>\n<p>Google Drive<\/p>\n<p>[\/et_pb_text][\/et_pb_column][et_pb_column type=\u00bb1_4&#8243;][et_pb_image admin_label=\u00bbIcono app (Imagen)\u00bb src=\u00bbhttps:\/\/linares.salesianos.edu\/wp-content\/uploads\/2017\/11\/calendar.png\u00bb url=\u00bbhttp:\/\/calendar.google.com\/calendar\/\u00bb url_new_window=\u00bbon\u00bb sticky=\u00bbon\u00bb align=\u00bbcenter\u00bb max_width=\u00bb200px\u00bb _builder_version=\u00bb3.0.86&#8243; custom_margin=\u00bb||16px|\u00bb animation_style=\u00bbslide\u00bb animation_direction=\u00bbtop\u00bb animation_duration=\u00bb500ms\u00bb animation_intensity_slide=\u00bb10%\u00bb animation=\u00bbtop\u00bb saved_tabs=\u00bball\u00bb show_in_lightbox=\u00bboff\u00bb use_overlay=\u00bboff\u00bb always_center_on_mobile=\u00bbon\u00bb force_fullwidth=\u00bboff\u00bb show_bottom_space=\u00bbon\u00bb \/][et_pb_text admin_label=\u00bbNombre App (Texto)\u00bb text_orientation=\u00bbcenter\u00bb max_width=\u00bb200px\u00bb module_class=\u00bbpagina-texto-light\u00bb _builder_version=\u00bb3.0.86&#8243; text_font=\u00bbLato Light||||\u00bb text_font_size=\u00bb24px\u00bb text_line_height=\u00bb1em\u00bb custom_margin=\u00bb||20px|\u00bb animation_style=\u00bbslide\u00bb animation_direction=\u00bbtop\u00bb animation_duration=\u00bb500ms\u00bb animation_intensity_slide=\u00bb10%\u00bb saved_tabs=\u00bball\u00bb background_layout=\u00bblight\u00bb module_alignment=\u00bbcenter\u00bb]<\/p>\n<p>Calendario<\/p>\n<p>[\/et_pb_text][\/et_pb_column][\/et_pb_row][et_pb_row custom_padding=\u00bb0px|0px|0px|0px\u00bb custom_margin=\u00bb|||\u00bb background_repeat_1=\u00bbno-repeat\u00bb background_repeat_2=\u00bbno-repeat\u00bb background_repeat_3=\u00bbno-repeat\u00bb background_repeat_4=\u00bbno-repeat\u00bb _builder_version=\u00bb3.0.72&#8243;][et_pb_column type=\u00bb1_4&#8243;][et_pb_image sticky=\u00bbon\u00bb align=\u00bbcenter\u00bb max_width=\u00bb200px\u00bb _builder_version=\u00bb3.0.86&#8243; custom_margin=\u00bb||15px|\u00bb animation_style=\u00bbslide\u00bb animation_direction=\u00bbtop\u00bb animation_duration=\u00bb500ms\u00bb animation_intensity_slide=\u00bb10%\u00bb animation=\u00bbtop\u00bb show_bottom_space=\u00bboff\u00bb src=\u00bbhttps:\/\/linares.salesianos.edu\/colegio\/wp-content\/uploads\/sites\/16\/2017\/11\/icono_intranet-min.png\u00bb show_in_lightbox=\u00bboff\u00bb url_new_window=\u00bbon\u00bb use_overlay=\u00bboff\u00bb always_center_on_mobile=\u00bbon\u00bb force_fullwidth=\u00bboff\u00bb url=\u00bbhttp:\/\/ins.salesianos.edu\u00bb \/][et_pb_text admin_label=\u00bbNombre App (Texto)\u00bb text_orientation=\u00bbcenter\u00bb max_width=\u00bb200px\u00bb module_class=\u00bbpagina-texto-light\u00bb _builder_version=\u00bb3.0.86&#8243; text_font=\u00bbLato Light||||\u00bb text_font_size=\u00bb24px\u00bb text_line_height=\u00bb1em\u00bb custom_margin=\u00bb||20px|\u00bb animation_style=\u00bbslide\u00bb animation_direction=\u00bbtop\u00bb animation_duration=\u00bb500ms\u00bb animation_intensity_slide=\u00bb10%\u00bb saved_tabs=\u00bball\u00bb background_layout=\u00bblight\u00bb module_alignment=\u00bbcenter\u00bb]<\/p>\n<p>Intranet SMX<\/p>\n<p>[\/et_pb_text][\/et_pb_column][et_pb_column type=\u00bb1_4&#8243;][\/et_pb_column][et_pb_column type=\u00bb1_4&#8243;][\/et_pb_column][et_pb_column type=\u00bb1_4&#8243;][\/et_pb_column][\/et_pb_row][et_pb_row custom_padding=\u00bb25px|||\u00bb custom_margin=\u00bb40px|||\u00bb _builder_version=\u00bb3.0.66&#8243;][et_pb_column type=\u00bb1_3&#8243;][et_pb_blurb use_icon=\u00bbon\u00bb font_icon=\u00bb%%47%%\u00bb use_icon_font_size=\u00bbon\u00bb icon_font_size=\u00bb120px\u00bb _builder_version=\u00bb3.0.86&#8243; \/][\/et_pb_column][et_pb_column type=\u00bb2_3&#8243;][et_pb_contact_form email=\u00bbweb.linares@salesianos.edu\u00bb title=\u00bb\u00bfEchas en falta algo? Queremos saberlo.\u00bb module_id=\u00bbet_pb_contact_form_0&#8243; _builder_version=\u00bb3.0.86&#8243; captcha=\u00bbon\u00bb use_redirect=\u00bboff\u00bb custom_button=\u00bboff\u00bb button_icon_placement=\u00bbright\u00bb] [et_pb_contact_field field_id=\u00bbName\u00bb field_title=\u00bbNombre\u00bb _builder_version=\u00bb3.0.47&#8243;][\/et_pb_contact_field][et_pb_contact_field field_id=\u00bbEmail\u00bb field_title=\u00bbDirecci\u00f3n de correo electr\u00f3nico\u00bb field_type=\u00bbemail\u00bb _builder_version=\u00bb3.0.47&#8243;][\/et_pb_contact_field][et_pb_contact_field field_id=\u00bbMessage\u00bb field_title=\u00bbMensaje\u00bb field_type=\u00bbtext\u00bb fullwidth_field=\u00bbon\u00bb _builder_version=\u00bb3.0.47&#8243;][\/et_pb_contact_field][et_pb_contact_field field_id=\u00bbPrivacidad\u00bb field_title=\u00bb \u00bb field_type=\u00bbcheckbox\u00bb checkbox_options=\u00bb%91{%22value%22:%22 Acepto la pol\u00edtica de privacidad del sitio.%22,%22checked%22:0,%22dragID%22:0}%93&#8243; fullwidth_field=\u00bbon\u00bb _builder_version=\u00bb3.0.72&#8243;][\/et_pb_contact_field] [\/et_pb_contact_form][\/et_pb_column][\/et_pb_row][\/et_pb_section]<\/p>\n","protected":false},"excerpt":{"rendered":"<p>Todo lo que necesitas, en un mismo lugar. Si eres\u00a0profesor\/a\u00a0del colegio, esta secci\u00f3n est\u00e1 dise\u00f1ada especialmente para ti. Aqu\u00ed encontrar\u00e1s todo lo que puedas necesitar durante en tu d\u00eda a d\u00eda: plataformas del centro, \u00e1lbum de fotos, accesos directos, recursos, herramientas,\u2026 tanto externos como de la propia web. Con el tiempo iremos a\u00f1adiendo aplicaciones y [&hellip;]<\/p>\n","protected":false},"author":3,"featured_media":0,"parent":0,"menu_order":0,"comment_status":"closed","ping_status":"closed","template":"","meta":{"_et_pb_use_builder":"on","_et_pb_old_content":"","_et_gb_content_width":"","footnotes":""},"class_list":["post-4802","page","type-page","status-publish","hentry"],"yoast_head":"<!-- This site is optimized with the Yoast SEO plugin v27.4 - https:\/\/yoast.com\/product\/yoast-seo-wordpress\/ -->\n<title>Educadores - Colegio<\/title>\n<meta name=\"robots\" content=\"index, follow, max-snippet:-1, max-image-preview:large, max-video-preview:-1\" \/>\n<link rel=\"canonical\" href=\"https:\/\/linares.salesianos.edu\/colegio\/educadores\/\" \/>\n<meta property=\"og:locale\" content=\"es_ES\" \/>\n<meta property=\"og:type\" content=\"article\" \/>\n<meta property=\"og:title\" content=\"Educadores - Colegio\" \/>\n<meta property=\"og:description\" content=\"Todo lo que necesitas, en un mismo lugar. Si eres\u00a0profesor\/a\u00a0del colegio, esta secci\u00f3n est\u00e1 dise\u00f1ada especialmente para ti. Aqu\u00ed encontrar\u00e1s todo lo que puedas necesitar durante en tu d\u00eda a d\u00eda: plataformas del centro, \u00e1lbum de fotos, accesos directos, recursos, herramientas,\u2026 tanto externos como de la propia web. Con el tiempo iremos a\u00f1adiendo aplicaciones y [&hellip;]\" \/>\n<meta property=\"og:url\" content=\"https:\/\/linares.salesianos.edu\/colegio\/educadores\/\" \/>\n<meta property=\"og:site_name\" content=\"Colegio\" \/>\n<meta name=\"twitter:card\" content=\"summary_large_image\" \/>\n<meta name=\"twitter:label1\" content=\"Tiempo de lectura\" \/>\n\t<meta name=\"twitter:data1\" content=\"8 minutos\" \/>\n<script type=\"application\/ld+json\" class=\"yoast-schema-graph\">{\"@context\":\"https:\\\/\\\/schema.org\",\"@graph\":[{\"@type\":\"WebPage\",\"@id\":\"https:\\\/\\\/linares.salesianos.edu\\\/colegio\\\/educadores\\\/\",\"url\":\"https:\\\/\\\/linares.salesianos.edu\\\/colegio\\\/educadores\\\/\",\"name\":\"Educadores - Colegio\",\"isPartOf\":{\"@id\":\"https:\\\/\\\/linares.salesianos.edu\\\/colegio\\\/#website\"},\"datePublished\":\"2017-11-09T19:46:00+00:00\",\"breadcrumb\":{\"@id\":\"https:\\\/\\\/linares.salesianos.edu\\\/colegio\\\/educadores\\\/#breadcrumb\"},\"inLanguage\":\"es\",\"potentialAction\":[{\"@type\":\"ReadAction\",\"target\":[\"https:\\\/\\\/linares.salesianos.edu\\\/colegio\\\/educadores\\\/\"]}]},{\"@type\":\"BreadcrumbList\",\"@id\":\"https:\\\/\\\/linares.salesianos.edu\\\/colegio\\\/educadores\\\/#breadcrumb\",\"itemListElement\":[{\"@type\":\"ListItem\",\"position\":1,\"name\":\"Portada\",\"item\":\"https:\\\/\\\/linares.salesianos.edu\\\/colegio\\\/\"},{\"@type\":\"ListItem\",\"position\":2,\"name\":\"Educadores\"}]},{\"@type\":\"WebSite\",\"@id\":\"https:\\\/\\\/linares.salesianos.edu\\\/colegio\\\/#website\",\"url\":\"https:\\\/\\\/linares.salesianos.edu\\\/colegio\\\/\",\"name\":\"Colegio\",\"description\":\"P\u00e1gina oficial Salesianos Linares\",\"potentialAction\":[{\"@type\":\"SearchAction\",\"target\":{\"@type\":\"EntryPoint\",\"urlTemplate\":\"https:\\\/\\\/linares.salesianos.edu\\\/colegio\\\/?s={search_term_string}\"},\"query-input\":{\"@type\":\"PropertyValueSpecification\",\"valueRequired\":true,\"valueName\":\"search_term_string\"}}],\"inLanguage\":\"es\"}]}<\/script>\n<!-- \/ Yoast SEO plugin. -->","yoast_head_json":{"title":"Educadores - Colegio","robots":{"index":"index","follow":"follow","max-snippet":"max-snippet:-1","max-image-preview":"max-image-preview:large","max-video-preview":"max-video-preview:-1"},"canonical":"https:\/\/linares.salesianos.edu\/colegio\/educadores\/","og_locale":"es_ES","og_type":"article","og_title":"Educadores - Colegio","og_description":"Todo lo que necesitas, en un mismo lugar. Si eres\u00a0profesor\/a\u00a0del colegio, esta secci\u00f3n est\u00e1 dise\u00f1ada especialmente para ti. Aqu\u00ed encontrar\u00e1s todo lo que puedas necesitar durante en tu d\u00eda a d\u00eda: plataformas del centro, \u00e1lbum de fotos, accesos directos, recursos, herramientas,\u2026 tanto externos como de la propia web. Con el tiempo iremos a\u00f1adiendo aplicaciones y [&hellip;]","og_url":"https:\/\/linares.salesianos.edu\/colegio\/educadores\/","og_site_name":"Colegio","twitter_card":"summary_large_image","twitter_misc":{"Tiempo de lectura":"8 minutos"},"schema":{"@context":"https:\/\/schema.org","@graph":[{"@type":"WebPage","@id":"https:\/\/linares.salesianos.edu\/colegio\/educadores\/","url":"https:\/\/linares.salesianos.edu\/colegio\/educadores\/","name":"Educadores - Colegio","isPartOf":{"@id":"https:\/\/linares.salesianos.edu\/colegio\/#website"},"datePublished":"2017-11-09T19:46:00+00:00","breadcrumb":{"@id":"https:\/\/linares.salesianos.edu\/colegio\/educadores\/#breadcrumb"},"inLanguage":"es","potentialAction":[{"@type":"ReadAction","target":["https:\/\/linares.salesianos.edu\/colegio\/educadores\/"]}]},{"@type":"BreadcrumbList","@id":"https:\/\/linares.salesianos.edu\/colegio\/educadores\/#breadcrumb","itemListElement":[{"@type":"ListItem","position":1,"name":"Portada","item":"https:\/\/linares.salesianos.edu\/colegio\/"},{"@type":"ListItem","position":2,"name":"Educadores"}]},{"@type":"WebSite","@id":"https:\/\/linares.salesianos.edu\/colegio\/#website","url":"https:\/\/linares.salesianos.edu\/colegio\/","name":"Colegio","description":"P\u00e1gina oficial Salesianos Linares","potentialAction":[{"@type":"SearchAction","target":{"@type":"EntryPoint","urlTemplate":"https:\/\/linares.salesianos.edu\/colegio\/?s={search_term_string}"},"query-input":{"@type":"PropertyValueSpecification","valueRequired":true,"valueName":"search_term_string"}}],"inLanguage":"es"}]}},"_links":{"self":[{"href":"https:\/\/linares.salesianos.edu\/colegio\/wp-json\/wp\/v2\/pages\/4802","targetHints":{"allow":["GET"]}}],"collection":[{"href":"https:\/\/linares.salesianos.edu\/colegio\/wp-json\/wp\/v2\/pages"}],"about":[{"href":"https:\/\/linares.salesianos.edu\/colegio\/wp-json\/wp\/v2\/types\/page"}],"author":[{"embeddable":true,"href":"https:\/\/linares.salesianos.edu\/colegio\/wp-json\/wp\/v2\/users\/3"}],"replies":[{"embeddable":true,"href":"https:\/\/linares.salesianos.edu\/colegio\/wp-json\/wp\/v2\/comments?post=4802"}],"version-history":[{"count":0,"href":"https:\/\/linares.salesianos.edu\/colegio\/wp-json\/wp\/v2\/pages\/4802\/revisions"}],"wp:attachment":[{"href":"https:\/\/linares.salesianos.edu\/colegio\/wp-json\/wp\/v2\/media?parent=4802"}],"curies":[{"name":"wp","href":"https:\/\/api.w.org\/{rel}","templated":true}]}}