{"id":4831,"date":"2017-10-26T23:53:35","date_gmt":"2017-10-26T21:53:35","guid":{"rendered":"https:\/\/linares.salesianos.edu\/colegio\/saludo-director-de-centro\/"},"modified":"2025-01-29T20:13:20","modified_gmt":"2025-01-29T19:13:20","slug":"saludo-director-de-centro-2","status":"publish","type":"page","link":"https:\/\/linares.salesianos.edu\/colegio\/identidad\/saludo-director-de-centro-2\/","title":{"rendered":"Saludo director de centro"},"content":{"rendered":"<div id=\"fb-root\"><\/div>\n<p>[et_pb_section fb_built=\u00bb1&#8243; fullwidth=\u00bbon\u00bb _builder_version=\u00bb4.16&#8243; global_colors_info=\u00bb{}\u00bb locked=\u00bboff\u00bb][et_pb_fullwidth_header title=\u00bbSaludo del Director de Centro\u00bb title_font_color=\u00bb#ffffff\u00bb module_class=\u00bbpagina-imagen-cabecera\u00bb _builder_version=\u00bb4.16&#8243; title_text_color=\u00bb#ffffff\u00bb title_font_size=\u00bb40px\u00bb background_color=\u00bbrgba(255, 255, 255, 0)\u00bb background_image=\u00bbhttps:\/\/linares.salesianos.edu\/colegio\/wp-content\/uploads\/sites\/16\/2021\/02\/encabezado_noticias_casa-min-1.png\u00bb background_layout=\u00bblight\u00bb width=\u00bb100%\u00bb max_width_tablet=\u00bb50px\u00bb background_url=\u00bbhttp:\/\/malaga.salesianos.edu\/wp-content\/uploads\/2017\/02\/Foto-de-portad_sin_letras.png\u00bb global_colors_info=\u00bb{}\u00bb button_one_text_size__hover_enabled=\u00bboff\u00bb button_two_text_size__hover_enabled=\u00bboff\u00bb button_one_text_color__hover_enabled=\u00bboff\u00bb button_two_text_color__hover_enabled=\u00bboff\u00bb button_one_border_width__hover_enabled=\u00bboff\u00bb button_two_border_width__hover_enabled=\u00bboff\u00bb button_one_border_color__hover_enabled=\u00bboff\u00bb button_two_border_color__hover_enabled=\u00bboff\u00bb button_one_border_radius__hover_enabled=\u00bboff\u00bb button_two_border_radius__hover_enabled=\u00bboff\u00bb button_one_letter_spacing__hover_enabled=\u00bboff\u00bb button_two_letter_spacing__hover_enabled=\u00bboff\u00bb button_one_bg_color__hover_enabled=\u00bboff\u00bb button_two_bg_color__hover_enabled=\u00bboff\u00bb][\/et_pb_fullwidth_header][\/et_pb_section][et_pb_section fb_built=\u00bb1&#8243; admin_label=\u00bbsection\u00bb _builder_version=\u00bb4.16&#8243; global_colors_info=\u00bb{}\u00bb][et_pb_row column_structure=\u00bb1_4,3_4&#8243; _builder_version=\u00bb4.16&#8243; custom_margin=\u00bb25px|||\u00bb custom_padding=\u00bb25px|||\u00bb global_colors_info=\u00bb{}\u00bb][et_pb_column type=\u00bb1_4&#8243; _builder_version=\u00bb4.16&#8243; custom_padding=\u00bb|||\u00bb global_colors_info=\u00bb{}\u00bb custom_padding__hover=\u00bb|||\u00bb][et_pb_image src=\u00bbhttps:\/\/linares.salesianos.edu\/colegio\/wp-content\/uploads\/sites\/16\/2025\/01\/PRF_5942.jpg\u00bb alt=\u00bbRosendo Soler Mir\u00f3\u00bb title_text=\u00bbPRF_5942&#8243; admin_label=\u00bbFoto (Imagen)\u00bb _builder_version=\u00bb4.27.4&#8243; custom_margin=\u00bb|-18px|39px|||\u00bb custom_padding=\u00bb||0px|||\u00bb animation_style=\u00bbslide\u00bb animation_direction=\u00bbleft\u00bb animation_duration=\u00bb500ms\u00bb animation_intensity_slide=\u00bb10%\u00bb border_style=\u00bbsolid\u00bb always_center_on_mobile=\u00bboff\u00bb global_colors_info=\u00bb{}\u00bb][\/et_pb_image][et_pb_text _builder_version=\u00bb4.16&#8243; text_font=\u00bbLato||||\u00bb text_text_color=\u00bb#e02b20&#8243; text_font_size=\u00bb17px\u00bb header_font=\u00bbLato||||\u00bb custom_margin=\u00bb|||\u00bb custom_padding=\u00bb1px|||\u00bb global_colors_info=\u00bb{}\u00bb]Atenci\u00f3n al p\u00fablico<br \/>\n[\/et_pb_text][et_pb_text _builder_version=\u00bb4.27.4&#8243; text_font=\u00bbLato Light||||\u00bb text_font_size=\u00bb13px\u00bb text_line_height=\u00bb1.3em\u00bb header_font=\u00bbLato||||\u00bb custom_margin=\u00bb-10px|||\u00bb border_style=\u00bbsolid\u00bb global_colors_info=\u00bb{}\u00bb]<\/p>\n<p>Pedir cita previa en porteria | <a href=\"callto:900000000\">953 699 003<\/a><\/p>\n<p>[\/et_pb_text][\/et_pb_column][et_pb_column type=\u00bb3_4&#8243; _builder_version=\u00bb4.16&#8243; custom_padding=\u00bb|||\u00bb global_colors_info=\u00bb{}\u00bb custom_padding__hover=\u00bb|||\u00bb][et_pb_text _builder_version=\u00bb4.16&#8243; text_font=\u00bbLato Light||||\u00bb custom_margin=\u00bb10px|||\u00bb global_colors_info=\u00bb{}\u00bb]<\/p>\n<h1>Bienvenido\/a, esta es tu casa.<\/h1>\n<p>[\/et_pb_text][et_pb_text _builder_version=\u00bb4.16&#8243; border_style=\u00bbsolid\u00bb global_colors_info=\u00bb{}\u00bb]<\/p>\n<p style=\"margin: 0cm 0cm 0.0001pt; line-height: 13.65pt; background: white; vertical-align: baseline; text-align: justify;\"><span style=\"font-size: 10.5pt; font-family: 'Arial',sans-serif; color: #494949;\">Bienvenidos a una\u00a0CASA\u00a0que acoge,\u00a0ESCUELA\u00a0que prepara para la vida y\u00a0PATIO\u00a0que evangeliza. \u00a1Ven y Ver\u00e1s! <\/span><\/p>\n<p style=\"margin: 0cm 0cm 0.0001pt; line-height: 13.65pt; background: white; vertical-align: baseline; text-align: justify;\"><span style=\"font-size: 10.5pt; font-family: 'Arial',sans-serif; color: #494949;\">Es el lema de este a\u00f1o a nivel inspectorial. Nos invita a buscar en nuestra vida, momentos de encuentro con el Se\u00f1or donde la vocaci\u00f3n se manifiesta de manera indiscutible. Los j\u00f3venes, buscan y pueden identificar con sus propios ojos, ejemplos dignos de evangelio. Nuestra casa, se nutre de personas con testimonios de fe, entrega y dedicaci\u00f3n a los dem\u00e1s. No hay mayor emoci\u00f3n que ver en el otro la presencia del Se\u00f1or. Nuestra fe se consolida en estos momentos de encuentro conjunto a los otros. <strong>Nuestro mayor tesoro reside en los j\u00f3venes<\/strong> y toda la comunidad educativa debe caminar hacia esa meta. <\/span><\/p>\n<p style=\"margin: 0cm 0cm 0.0001pt; line-height: 13.65pt; background: white; vertical-align: baseline; text-align: justify;\"><span style=\"font-size: 10.5pt; font-family: 'Arial',sans-serif; color: #494949;\">\u00a1Ven y Ver\u00e1s! V\u00edvelo en primera persona.<o:p><\/o:p><\/span><\/p>\n<p>[\/et_pb_text][et_pb_text _builder_version=\u00bb4.27.4&#8243; text_font=\u00bbLato||||\u00bb text_text_color=\u00bb#e02b20&#8243; text_font_size=\u00bb20px\u00bb text_orientation=\u00bbright\u00bb module_alignment=\u00bbright\u00bb border_style=\u00bbsolid\u00bb global_colors_info=\u00bb{}\u00bb]<\/p>\n<p>David Poza Li\u00e9bana<\/p>\n<p>[\/et_pb_text][et_pb_text _builder_version=\u00bb4.16&#8243; text_font=\u00bbLato Light||||\u00bb text_font_size=\u00bb17px\u00bb text_orientation=\u00bbright\u00bb module_alignment=\u00bbright\u00bb min_height=\u00bb16px\u00bb custom_margin=\u00bb-35px|||||\u00bb custom_padding=\u00bb2px|||||\u00bb border_style=\u00bbsolid\u00bb global_colors_info=\u00bb{}\u00bb]<\/p>\n<p>Director de Centro<\/p>\n<p>[\/et_pb_text][\/et_pb_column][\/et_pb_row][\/et_pb_section]<\/p>\n","protected":false},"excerpt":{"rendered":"<p>Atenci\u00f3n al p\u00fablico Pedir cita previa en porteria | 953 699 003Bienvenido\/a, esta es tu casa. Bienvenidos a una\u00a0CASA\u00a0que acoge,\u00a0ESCUELA\u00a0que prepara para la vida y\u00a0PATIO\u00a0que evangeliza. \u00a1Ven y Ver\u00e1s! Es el lema de este a\u00f1o a nivel inspectorial. Nos invita a buscar en nuestra vida, momentos de encuentro con el Se\u00f1or donde la vocaci\u00f3n se [&hellip;]<\/p>\n","protected":false},"author":3,"featured_media":0,"parent":3887,"menu_order":1,"comment_status":"closed","ping_status":"closed","template":"","meta":{"_et_pb_use_builder":"on","_et_pb_old_content":"<p>Bienvenidos a una\u00a0CASA\u00a0que acoge,\u00a0ESCUELA\u00a0que prepara para la vida y\u00a0PATIO\u00a0que evangeliza. \u00a1Ven y Ver\u00e1s! Es el lema de este a\u00f1o a nivel inspectorial. Nos invita a buscar en nuestra vida, momentos de encuentro con el Se\u00f1or donde la vocaci\u00f3n se manifiesta de manera indiscutible. Los j\u00f3venes, buscan y pueden identificar con sus propios ojos, ejemplos dignos de evangelio. Nuestra casa, se nutre de personas con testimonios de fe, entrega y dedicaci\u00f3n a los dem\u00e1s. No hay mayor emoci\u00f3n que ver en el otro la presencia del Se\u00f1or. Nuestra fe se consolida en estos momentos de encuentro con-junto a los otros. Nuestro mayor tesoro reside en los j\u00f3venes y toda la comunidad educativa debe caminar hacia esa meta. \u00a1Ven y Ver\u00e1s! V\u00edvelo en primera persona.<\/p><p>\u00a0<\/p><p style=\"text-align: right;\">M\u00aa Araceli Moreno Rodr\u00edguez<\/p><p style=\"text-align: right;\">Directora de centro<\/p>","_et_gb_content_width":"","footnotes":""},"class_list":["post-4831","page","type-page","status-publish","hentry"],"yoast_head":"<!-- This site is optimized with the Yoast SEO plugin v27.4 - https:\/\/yoast.com\/product\/yoast-seo-wordpress\/ -->\n<title>Saludo director de centro - Colegio<\/title>\n<meta name=\"robots\" content=\"index, follow, max-snippet:-1, max-image-preview:large, max-video-preview:-1\" \/>\n<link rel=\"canonical\" href=\"https:\/\/linares.salesianos.edu\/colegio\/identidad\/saludo-director-de-centro-2\/\" \/>\n<meta property=\"og:locale\" content=\"es_ES\" \/>\n<meta property=\"og:type\" content=\"article\" \/>\n<meta property=\"og:title\" content=\"Saludo director de centro - Colegio\" \/>\n<meta property=\"og:description\" content=\"Atenci\u00f3n al p\u00fablico Pedir cita previa en porteria | 953 699 003Bienvenido\/a, esta es tu casa. Bienvenidos a una\u00a0CASA\u00a0que acoge,\u00a0ESCUELA\u00a0que prepara para la vida y\u00a0PATIO\u00a0que evangeliza. \u00a1Ven y Ver\u00e1s! Es el lema de este a\u00f1o a nivel inspectorial. Nos invita a buscar en nuestra vida, momentos de encuentro con el Se\u00f1or donde la vocaci\u00f3n se [&hellip;]\" \/>\n<meta property=\"og:url\" content=\"https:\/\/linares.salesianos.edu\/colegio\/identidad\/saludo-director-de-centro-2\/\" \/>\n<meta property=\"og:site_name\" content=\"Colegio\" \/>\n<meta property=\"article:modified_time\" content=\"2025-01-29T19:13:20+00:00\" \/>\n<meta name=\"twitter:card\" content=\"summary_large_image\" \/>\n<meta name=\"twitter:label1\" content=\"Tiempo de lectura\" \/>\n\t<meta name=\"twitter:data1\" content=\"3 minutos\" \/>\n<script type=\"application\/ld+json\" class=\"yoast-schema-graph\">{\"@context\":\"https:\\\/\\\/schema.org\",\"@graph\":[{\"@type\":\"WebPage\",\"@id\":\"https:\\\/\\\/linares.salesianos.edu\\\/colegio\\\/identidad\\\/saludo-director-de-centro-2\\\/\",\"url\":\"https:\\\/\\\/linares.salesianos.edu\\\/colegio\\\/identidad\\\/saludo-director-de-centro-2\\\/\",\"name\":\"Saludo director de centro - Colegio\",\"isPartOf\":{\"@id\":\"https:\\\/\\\/linares.salesianos.edu\\\/colegio\\\/#website\"},\"datePublished\":\"2017-10-26T21:53:35+00:00\",\"dateModified\":\"2025-01-29T19:13:20+00:00\",\"breadcrumb\":{\"@id\":\"https:\\\/\\\/linares.salesianos.edu\\\/colegio\\\/identidad\\\/saludo-director-de-centro-2\\\/#breadcrumb\"},\"inLanguage\":\"es\",\"potentialAction\":[{\"@type\":\"ReadAction\",\"target\":[\"https:\\\/\\\/linares.salesianos.edu\\\/colegio\\\/identidad\\\/saludo-director-de-centro-2\\\/\"]}]},{\"@type\":\"BreadcrumbList\",\"@id\":\"https:\\\/\\\/linares.salesianos.edu\\\/colegio\\\/identidad\\\/saludo-director-de-centro-2\\\/#breadcrumb\",\"itemListElement\":[{\"@type\":\"ListItem\",\"position\":1,\"name\":\"Portada\",\"item\":\"https:\\\/\\\/linares.salesianos.edu\\\/colegio\\\/\"},{\"@type\":\"ListItem\",\"position\":2,\"name\":\"Nuestro cole\",\"item\":\"https:\\\/\\\/linares.salesianos.edu\\\/colegio\\\/identidad\\\/\"},{\"@type\":\"ListItem\",\"position\":3,\"name\":\"Saludo director de centro\"}]},{\"@type\":\"WebSite\",\"@id\":\"https:\\\/\\\/linares.salesianos.edu\\\/colegio\\\/#website\",\"url\":\"https:\\\/\\\/linares.salesianos.edu\\\/colegio\\\/\",\"name\":\"Colegio\",\"description\":\"P\u00e1gina oficial Salesianos Linares\",\"potentialAction\":[{\"@type\":\"SearchAction\",\"target\":{\"@type\":\"EntryPoint\",\"urlTemplate\":\"https:\\\/\\\/linares.salesianos.edu\\\/colegio\\\/?s={search_term_string}\"},\"query-input\":{\"@type\":\"PropertyValueSpecification\",\"valueRequired\":true,\"valueName\":\"search_term_string\"}}],\"inLanguage\":\"es\"}]}<\/script>\n<!-- \/ Yoast SEO plugin. -->","yoast_head_json":{"title":"Saludo director de centro - Colegio","robots":{"index":"index","follow":"follow","max-snippet":"max-snippet:-1","max-image-preview":"max-image-preview:large","max-video-preview":"max-video-preview:-1"},"canonical":"https:\/\/linares.salesianos.edu\/colegio\/identidad\/saludo-director-de-centro-2\/","og_locale":"es_ES","og_type":"article","og_title":"Saludo director de centro - Colegio","og_description":"Atenci\u00f3n al p\u00fablico Pedir cita previa en porteria | 953 699 003Bienvenido\/a, esta es tu casa. Bienvenidos a una\u00a0CASA\u00a0que acoge,\u00a0ESCUELA\u00a0que prepara para la vida y\u00a0PATIO\u00a0que evangeliza. \u00a1Ven y Ver\u00e1s! Es el lema de este a\u00f1o a nivel inspectorial. Nos invita a buscar en nuestra vida, momentos de encuentro con el Se\u00f1or donde la vocaci\u00f3n se [&hellip;]","og_url":"https:\/\/linares.salesianos.edu\/colegio\/identidad\/saludo-director-de-centro-2\/","og_site_name":"Colegio","article_modified_time":"2025-01-29T19:13:20+00:00","twitter_card":"summary_large_image","twitter_misc":{"Tiempo de lectura":"3 minutos"},"schema":{"@context":"https:\/\/schema.org","@graph":[{"@type":"WebPage","@id":"https:\/\/linares.salesianos.edu\/colegio\/identidad\/saludo-director-de-centro-2\/","url":"https:\/\/linares.salesianos.edu\/colegio\/identidad\/saludo-director-de-centro-2\/","name":"Saludo director de centro - Colegio","isPartOf":{"@id":"https:\/\/linares.salesianos.edu\/colegio\/#website"},"datePublished":"2017-10-26T21:53:35+00:00","dateModified":"2025-01-29T19:13:20+00:00","breadcrumb":{"@id":"https:\/\/linares.salesianos.edu\/colegio\/identidad\/saludo-director-de-centro-2\/#breadcrumb"},"inLanguage":"es","potentialAction":[{"@type":"ReadAction","target":["https:\/\/linares.salesianos.edu\/colegio\/identidad\/saludo-director-de-centro-2\/"]}]},{"@type":"BreadcrumbList","@id":"https:\/\/linares.salesianos.edu\/colegio\/identidad\/saludo-director-de-centro-2\/#breadcrumb","itemListElement":[{"@type":"ListItem","position":1,"name":"Portada","item":"https:\/\/linares.salesianos.edu\/colegio\/"},{"@type":"ListItem","position":2,"name":"Nuestro cole","item":"https:\/\/linares.salesianos.edu\/colegio\/identidad\/"},{"@type":"ListItem","position":3,"name":"Saludo director de centro"}]},{"@type":"WebSite","@id":"https:\/\/linares.salesianos.edu\/colegio\/#website","url":"https:\/\/linares.salesianos.edu\/colegio\/","name":"Colegio","description":"P\u00e1gina oficial Salesianos Linares","potentialAction":[{"@type":"SearchAction","target":{"@type":"EntryPoint","urlTemplate":"https:\/\/linares.salesianos.edu\/colegio\/?s={search_term_string}"},"query-input":{"@type":"PropertyValueSpecification","valueRequired":true,"valueName":"search_term_string"}}],"inLanguage":"es"}]}},"_links":{"self":[{"href":"https:\/\/linares.salesianos.edu\/colegio\/wp-json\/wp\/v2\/pages\/4831","targetHints":{"allow":["GET"]}}],"collection":[{"href":"https:\/\/linares.salesianos.edu\/colegio\/wp-json\/wp\/v2\/pages"}],"about":[{"href":"https:\/\/linares.salesianos.edu\/colegio\/wp-json\/wp\/v2\/types\/page"}],"author":[{"embeddable":true,"href":"https:\/\/linares.salesianos.edu\/colegio\/wp-json\/wp\/v2\/users\/3"}],"replies":[{"embeddable":true,"href":"https:\/\/linares.salesianos.edu\/colegio\/wp-json\/wp\/v2\/comments?post=4831"}],"version-history":[{"count":8,"href":"https:\/\/linares.salesianos.edu\/colegio\/wp-json\/wp\/v2\/pages\/4831\/revisions"}],"predecessor-version":[{"id":6134,"href":"https:\/\/linares.salesianos.edu\/colegio\/wp-json\/wp\/v2\/pages\/4831\/revisions\/6134"}],"up":[{"embeddable":true,"href":"https:\/\/linares.salesianos.edu\/colegio\/wp-json\/wp\/v2\/pages\/3887"}],"wp:attachment":[{"href":"https:\/\/linares.salesianos.edu\/colegio\/wp-json\/wp\/v2\/media?parent=4831"}],"curies":[{"name":"wp","href":"https:\/\/api.w.org\/{rel}","templated":true}]}}