{"id":5242,"date":"2018-02-15T13:06:45","date_gmt":"2018-02-15T12:06:45","guid":{"rendered":"https:\/\/linares.salesianos.edu\/colegio\/?page_id=5242"},"modified":"2025-01-29T11:58:11","modified_gmt":"2025-01-29T10:58:11","slug":"mision-vision-valores","status":"publish","type":"page","link":"https:\/\/linares.salesianos.edu\/colegio\/identidad\/mision-vision-valores\/","title":{"rendered":"misi\u00f3n, visi\u00f3n, valores"},"content":{"rendered":"<div id=\"fb-root\"><\/div>\n<p>[et_pb_section fb_built=\u00bb1&#8243; fullwidth=\u00bbon\u00bb _builder_version=\u00bb4.16&#8243; global_colors_info=\u00bb{}\u00bb][et_pb_fullwidth_header title=\u00bbMisi\u00f3n, visi\u00f3n, valores\u00bb title_font_color=\u00bb#ffffff\u00bb module_class=\u00bbpagina-imagen-cabecera\u00bb _builder_version=\u00bb4.16&#8243; title_text_color=\u00bb#ffffff\u00bb title_font_size=\u00bb40px\u00bb background_color=\u00bbrgba(255, 255, 255, 0)\u00bb background_image=\u00bbhttps:\/\/linares.salesianos.edu\/colegio\/wp-content\/uploads\/sites\/16\/2021\/02\/encabezado_noticias_casa-min-1.png\u00bb background_layout=\u00bblight\u00bb max_width_tablet=\u00bb50px\u00bb background_url=\u00bbhttp:\/\/malaga.salesianos.edu\/wp-content\/uploads\/2017\/02\/Foto-de-portad_sin_letras.png\u00bb global_colors_info=\u00bb{}\u00bb button_one_text_size__hover_enabled=\u00bboff\u00bb button_two_text_size__hover_enabled=\u00bboff\u00bb button_one_text_color__hover_enabled=\u00bboff\u00bb button_two_text_color__hover_enabled=\u00bboff\u00bb button_one_border_width__hover_enabled=\u00bboff\u00bb button_two_border_width__hover_enabled=\u00bboff\u00bb button_one_border_color__hover_enabled=\u00bboff\u00bb button_two_border_color__hover_enabled=\u00bboff\u00bb button_one_border_radius__hover_enabled=\u00bboff\u00bb button_two_border_radius__hover_enabled=\u00bboff\u00bb button_one_letter_spacing__hover_enabled=\u00bboff\u00bb button_two_letter_spacing__hover_enabled=\u00bboff\u00bb button_one_bg_color__hover_enabled=\u00bboff\u00bb button_two_bg_color__hover_enabled=\u00bboff\u00bb width=\u00bb100%\u00bb][\/et_pb_fullwidth_header][\/et_pb_section][et_pb_section fb_built=\u00bb1&#8243; _builder_version=\u00bb4.16&#8243; global_colors_info=\u00bb{}\u00bb][et_pb_row _builder_version=\u00bb4.27.4&#8243; _module_preset=\u00bbdefault\u00bb column_structure=\u00bb1_4,3_4&#8243;][et_pb_column _builder_version=\u00bb4.27.4&#8243; _module_preset=\u00bbdefault\u00bb type=\u00bb1_4&#8243;][et_pb_image src=\u00bbhttps:\/\/linares.salesianos.edu\/colegio\/wp-content\/uploads\/sites\/16\/2025\/01\/MISION.png\u00bb _builder_version=\u00bb4.27.4&#8243; _module_preset=\u00bbdefault\u00bb title_text=\u00bbMISION\u00bb hover_enabled=\u00bb0&#8243; sticky_enabled=\u00bb0&#8243;][\/et_pb_image][\/et_pb_column][et_pb_column _builder_version=\u00bb4.27.4&#8243; _module_preset=\u00bbdefault\u00bb type=\u00bb3_4&#8243;][et_pb_text _builder_version=\u00bb4.27.4&#8243; _module_preset=\u00bbdefault\u00bb hover_enabled=\u00bb0&#8243; sticky_enabled=\u00bb0&#8243;]<\/p>\n<p style=\"text-align: justify;\"><strong>MISI\u00d3N<\/strong><\/p>\n<p style=\"text-align: justify;\">Las escuelas de la Inspectoria salesiana Mar\u00eda Auxiliadora tienen como misi\u00f3n ofrecer una educaci\u00f3n integral de calidad, basada en los valores del Evangelio y el sistema educativo de Don Bosco, buscando la formaci\u00f3n de todas las dimensiones de la persona.<br \/>En este proceso educativo, la Comunidad educativo Pastoral, propone un modelo de crecimiento y desarrollo personal que orienta al encuentro con\u00a0 Jesucristo.<\/p>\n<p style=\"text-align: justify;\">Esta oferta expresa la voluntad de comprometerse en una atenci\u00f3n acogedora y personalizada de los alumnos con especial dedicaci\u00f3n a los m\u00e1s desfavorecidos en unas escuelas abiertas y populares, comprometidas con la mejora continua y con el entorno social.<\/p>\n<p style=\"text-align: justify;\">El colegio salesiano \u201cSan Agust\u00edn\u201d de Linares, a trav\u00e9s de su comunidad educativo pastoral, atiende la demanda socioeducativa de la ciudad, dando a los j\u00f3venes un entorno de aprendizaje basado en el sistema preventivo de D. Bosco, actualizado a las formas de aprendizaje y metodolog\u00edas de hoy, ofreciendo actividades para el tiempo libre de car\u00e1cter l\u00fadico y formativo en un estilo de vida cristiano, y promoviendo la realizaci\u00f3n de eventos de car\u00e1cter solidario y de compromiso social que aporten soluciones a las necesidades de la localidad.<\/p>\n<p>[\/et_pb_text][\/et_pb_column][\/et_pb_row][et_pb_row _builder_version=\u00bb4.27.4&#8243; _module_preset=\u00bbdefault\u00bb column_structure=\u00bb1_4,3_4&#8243;][et_pb_column _builder_version=\u00bb4.27.4&#8243; _module_preset=\u00bbdefault\u00bb type=\u00bb1_4&#8243;][et_pb_image src=\u00bbhttps:\/\/linares.salesianos.edu\/colegio\/wp-content\/uploads\/sites\/16\/2025\/01\/VISION-2.png\u00bb _builder_version=\u00bb4.27.4&#8243; _module_preset=\u00bbdefault\u00bb title_text=\u00bbVISION\u00bb hover_enabled=\u00bb0&#8243; sticky_enabled=\u00bb0&#8243;][\/et_pb_image][\/et_pb_column][et_pb_column _builder_version=\u00bb4.27.4&#8243; _module_preset=\u00bbdefault\u00bb type=\u00bb3_4&#8243;][et_pb_text _builder_version=\u00bb4.27.4&#8243; _module_preset=\u00bbdefault\u00bb hover_enabled=\u00bb0&#8243; sticky_enabled=\u00bb0&#8243;]<\/p>\n<p style=\"text-align: justify;\"><strong>VISI\u00d3N<\/strong><\/p>\n<p style=\"text-align: justify;\">Nuestra escuela, cristiana y salesiana, implica una concepci\u00f3n de escuela que va m\u00e1s all\u00e1 de los l\u00edmites del horario escolar, y ayuda a los alumnos a abrirse a un mundo de dimensiones cada vez m\u00e1s amplias. Conforme a estos criterios, pretendemos que nuestra escuela sea centro de promoci\u00f3n educativa, cultural y social del entorno, y pretendemos:<\/p>\n<p style=\"text-align: justify;\">1. Una escuela de las personas, que promueve su desarrollo integral y busca la participaci\u00f3n, la iniciativa y la responsabilidad de cada uno (alumnos y personal) en su \u00e1mbito de actuaci\u00f3n, siguiendo el perfil competencial definido institucionalmente.<\/p>\n<ul style=\"text-align: justify;\">\n<li>Acompa\u00f1ar al profesorado en su desempe\u00f1o educativo y pastoral.<\/li>\n<li>Formar y acompa\u00f1ar a los puestos intermedios.<\/li>\n<li>Ofertar al profesorado procesos de formaci\u00f3n en acompa\u00f1amiento personal y en ciencias religiosas.<\/li>\n<\/ul>\n<p style=\"text-align: justify;\">2. Una escuela que cuida del clima educativo familiar, donde se realiza experiencia positiva de los valores de la persona.<\/p>\n<ul style=\"text-align: justify;\">\n<li>Gestionar unos buenos cauces de comunicaci\u00f3n interna.<\/li>\n<li>Promover y desarrollar la educaci\u00f3n inclusiva como mecanismo preferente para la atenci\u00f3n a la diversidad.<\/li>\n<\/ul>\n<p style=\"text-align: justify;\">3. Una escuela que comparte un proyecto educativo-pastoral com\u00fan, que da cohesi\u00f3n y coherencia a la actuaci\u00f3n de todos los miembros de la comunidad educativa pastoral.<\/p>\n<ul style=\"text-align: justify;\">\n<li>Afianzar el plan para el tratamiento sistem\u00e1tico de las emociones en el aula desde el \u00e1mbito educativo y pastoral.<\/li>\n<li>Hacer confluir curr\u00edculo y pastoral, estableciendo actividades did\u00e1cticas y complementarias que atiendan los objetivos de los dos \u00e1mbitos.<\/li>\n<\/ul>\n<p style=\"text-align: justify;\">4. Una escuela comprometida con el entorno y con la sociedad, como agente de transformaci\u00f3n social.<\/p>\n<ul style=\"text-align: justify;\">\n<li>Reforzar el car\u00e1cter sensibilizador de las campa\u00f1as pastorales.<\/li>\n<li>Ofertar y promover entre el alumnado actividades de compromiso solidario y de voluntariado.<\/li>\n<li>Dise\u00f1ar y aplicar un plan de comunicaci\u00f3n externa, cuidando la imagen del centro y la comunicaci\u00f3n en redes sociales y en medios de comunicaci\u00f3n.<\/li>\n<\/ul>\n<p style=\"text-align: justify;\">5. Una escuela que aprende y progresa, a la vez que ense\u00f1a, creativa, con la voluntad de innovaci\u00f3n y mejora continua.<\/p>\n<ul style=\"text-align: justify;\">\n<li>Formar al profesorado de forma sistem\u00e1tica y secuenciada en innovaci\u00f3n educativa.<\/li>\n<li>Adaptar la pr\u00e1ctica docente a los nuevos enfoques metodol\u00f3gicos con una visi\u00f3n de futuro clara sobre el tipo aula y las relaciones que en ella han de desarrollarse.<\/li>\n<li>Introducir nuevos instrumentos de evaluaci\u00f3n que permitan una evaluaci\u00f3n coherente con las competencias educativas<\/li>\n<\/ul>\n<p style=\"text-align: justify;\">6. Una escuela abierta que comparte conocimiento, trabaja en red incentivando el pluriling\u00fcismo y las relaciones internacionales.<\/p>\n<ul style=\"text-align: justify;\">\n<li>Analizar los procesos del centro por equipos de trabajo, de manera que \u00e9stos sean capaces de buscar sus propias oportunidades de mejora y aplicando los ajustes necesarios para mejorar su servicio.<\/li>\n<li>Completar la implementaci\u00f3n como centro biling\u00fce.<\/li>\n<\/ul>\n<p style=\"text-align: justify;\">7. Una escuela que ofrece una s\u00f3lida formaci\u00f3n acad\u00e9mica, inspirada en los valores del humanismo cristiano y que prepara profesionalmente a sus alumnos.<\/p>\n<ul>\n<li style=\"text-align: justify;\">Gestionar la ampliaci\u00f3n de la oferta educativa.<\/li>\n<li style=\"text-align: justify;\">Fomentar en el \u00e1rea de Religi\u00f3n momentos para reflexi\u00f3n, la apertura a la trascendencia y la oraci\u00f3n.<\/li>\n<\/ul>\n<p>[\/et_pb_text][\/et_pb_column][\/et_pb_row][et_pb_row _builder_version=\u00bb4.27.4&#8243; _module_preset=\u00bbdefault\u00bb column_structure=\u00bb1_4,3_4&#8243;][et_pb_column _builder_version=\u00bb4.27.4&#8243; _module_preset=\u00bbdefault\u00bb type=\u00bb1_4&#8243;][et_pb_image src=\u00bbhttps:\/\/linares.salesianos.edu\/colegio\/wp-content\/uploads\/sites\/16\/2025\/01\/VALORES-1.png\u00bb _builder_version=\u00bb4.27.4&#8243; _module_preset=\u00bbdefault\u00bb title_text=\u00bbVALORES\u00bb hover_enabled=\u00bb0&#8243; sticky_enabled=\u00bb0&#8243;][\/et_pb_image][\/et_pb_column][et_pb_column _builder_version=\u00bb4.27.4&#8243; _module_preset=\u00bbdefault\u00bb type=\u00bb3_4&#8243;][et_pb_text _builder_version=\u00bb4.27.4&#8243; _module_preset=\u00bbdefault\u00bb hover_enabled=\u00bb0&#8243; sticky_enabled=\u00bb0&#8243;]<\/p>\n<p style=\"text-align: justify;\"><strong>VALORES<\/strong><\/p>\n<p style=\"text-align: justify;\">Los valores que caracterizan nuestra Propuesta Educativa Pastoral son:<\/p>\n<ul style=\"text-align: justify;\">\n<li>La confianza incondicional en los j\u00f3venes, protagonistas del proceso educativo pastoral que la escuela les ofrece con m\u00faltiples propuestas educativas y pastorales.<\/li>\n<li>La acogida de los alumnos, el soporte positivo y el acompa\u00f1amiento en la b\u00fasqueda de sentido de su vida, desde el modelo cristiano, con estilo salesiano, promoviendo una relaci\u00f3n pr\u00f3xima y familiar entre las personas.<\/li>\n<li>La cultura del esfuerzo para la realizaci\u00f3n de las expectativas educativas y la consecuci\u00f3n de la mejora permanente de la calidad de vida personal y social.<\/li>\n<li>La participaci\u00f3n, ejerciendo la corresponsabilidad e implicando las personas en la toma de decisiones.<\/li>\n<li>La innovaci\u00f3n, apostando por las metodolog\u00edas activas y motivadoras.<\/li>\n<li>La solidaridad y la sostenibilidad, promoviendo una educaci\u00f3n para un mundo m\u00e1s justo ante todo tipos de pobrezas y discriminaciones.<\/li>\n<\/ul>\n<p style=\"text-align: justify;\">\n<p style=\"text-align: justify;\">Por ello, nuestro estilo se caracteriza por:<\/p>\n<ul>\n<li style=\"text-align: justify;\">El criterio preventivo que ayuda a los j\u00f3venes a responder con una actitud positiva ante situaciones de riesgo.<\/li>\n<li style=\"text-align: justify;\">El ambiente educativo que se caracteriza por el protagonismo de los alumnos\/as dentro de un esp\u00edritu de familia.<\/li>\n<li style=\"text-align: justify;\">La relaci\u00f3n educativo personal que se traduce en la familiaridad entre educadores y educandos.<\/li>\n<li style=\"text-align: justify;\">La visi\u00f3n de futuro, adaptada al signo de los tiempos: biling\u00fcismo, nuevas metodolog\u00edas, plataforma Qualitas Educativa, educaci\u00f3n emocional, etc.<\/li>\n<li style=\"text-align: justify;\">La presencia y asistencia animadora de los educadores entre los j\u00f3venes.<\/li>\n<li style=\"text-align: justify;\">La oferta respetuosa de una experiencia de fe que se caracteriza por el encuentro con Dios, la devoci\u00f3n a Mar\u00eda Auxiliadora, el sentido de Iglesia y la proyecci\u00f3n solidaria y misionera.<\/li>\n<li style=\"text-align: justify;\">Las propuestas de compromiso cristiano con el mundo y la sociedad.<\/li>\n<\/ul>\n<p>[\/et_pb_text][\/et_pb_column][\/et_pb_row][\/et_pb_section]<\/p>\n","protected":false},"excerpt":{"rendered":"<p>MISI\u00d3N Las escuelas de la Inspectoria salesiana Mar\u00eda Auxiliadora tienen como misi\u00f3n ofrecer una educaci\u00f3n integral de calidad, basada en los valores del Evangelio y el sistema educativo de Don Bosco, buscando la formaci\u00f3n de todas las dimensiones de la persona.En este proceso educativo, la Comunidad educativo Pastoral, propone un modelo de crecimiento y desarrollo [&hellip;]<\/p>\n","protected":false},"author":3,"featured_media":0,"parent":3887,"menu_order":2,"comment_status":"closed","ping_status":"closed","template":"","meta":{"_et_pb_use_builder":"on","_et_pb_old_content":"","_et_gb_content_width":"","footnotes":""},"class_list":["post-5242","page","type-page","status-publish","hentry"],"yoast_head":"<!-- This site is optimized with the Yoast SEO plugin v27.4 - https:\/\/yoast.com\/product\/yoast-seo-wordpress\/ -->\n<title>misi\u00f3n, visi\u00f3n, valores - Colegio<\/title>\n<meta name=\"robots\" content=\"index, follow, max-snippet:-1, max-image-preview:large, max-video-preview:-1\" \/>\n<link rel=\"canonical\" href=\"https:\/\/linares.salesianos.edu\/colegio\/identidad\/mision-vision-valores\/\" \/>\n<meta property=\"og:locale\" content=\"es_ES\" \/>\n<meta property=\"og:type\" content=\"article\" \/>\n<meta property=\"og:title\" content=\"misi\u00f3n, visi\u00f3n, valores - Colegio\" \/>\n<meta property=\"og:description\" content=\"MISI\u00d3N Las escuelas de la Inspectoria salesiana Mar\u00eda Auxiliadora tienen como misi\u00f3n ofrecer una educaci\u00f3n integral de calidad, basada en los valores del Evangelio y el sistema educativo de Don Bosco, buscando la formaci\u00f3n de todas las dimensiones de la persona.En este proceso educativo, la Comunidad educativo Pastoral, propone un modelo de crecimiento y desarrollo [&hellip;]\" \/>\n<meta property=\"og:url\" content=\"https:\/\/linares.salesianos.edu\/colegio\/identidad\/mision-vision-valores\/\" \/>\n<meta property=\"og:site_name\" content=\"Colegio\" \/>\n<meta property=\"article:modified_time\" content=\"2025-01-29T10:58:11+00:00\" \/>\n<meta name=\"twitter:card\" content=\"summary_large_image\" \/>\n<meta name=\"twitter:label1\" content=\"Tiempo de lectura\" \/>\n\t<meta name=\"twitter:data1\" content=\"7 minutos\" \/>\n<script type=\"application\/ld+json\" class=\"yoast-schema-graph\">{\"@context\":\"https:\\\/\\\/schema.org\",\"@graph\":[{\"@type\":\"WebPage\",\"@id\":\"https:\\\/\\\/linares.salesianos.edu\\\/colegio\\\/identidad\\\/mision-vision-valores\\\/\",\"url\":\"https:\\\/\\\/linares.salesianos.edu\\\/colegio\\\/identidad\\\/mision-vision-valores\\\/\",\"name\":\"misi\u00f3n, visi\u00f3n, valores - Colegio\",\"isPartOf\":{\"@id\":\"https:\\\/\\\/linares.salesianos.edu\\\/colegio\\\/#website\"},\"datePublished\":\"2018-02-15T12:06:45+00:00\",\"dateModified\":\"2025-01-29T10:58:11+00:00\",\"breadcrumb\":{\"@id\":\"https:\\\/\\\/linares.salesianos.edu\\\/colegio\\\/identidad\\\/mision-vision-valores\\\/#breadcrumb\"},\"inLanguage\":\"es\",\"potentialAction\":[{\"@type\":\"ReadAction\",\"target\":[\"https:\\\/\\\/linares.salesianos.edu\\\/colegio\\\/identidad\\\/mision-vision-valores\\\/\"]}]},{\"@type\":\"BreadcrumbList\",\"@id\":\"https:\\\/\\\/linares.salesianos.edu\\\/colegio\\\/identidad\\\/mision-vision-valores\\\/#breadcrumb\",\"itemListElement\":[{\"@type\":\"ListItem\",\"position\":1,\"name\":\"Portada\",\"item\":\"https:\\\/\\\/linares.salesianos.edu\\\/colegio\\\/\"},{\"@type\":\"ListItem\",\"position\":2,\"name\":\"Nuestro cole\",\"item\":\"https:\\\/\\\/linares.salesianos.edu\\\/colegio\\\/identidad\\\/\"},{\"@type\":\"ListItem\",\"position\":3,\"name\":\"misi\u00f3n, visi\u00f3n, valores\"}]},{\"@type\":\"WebSite\",\"@id\":\"https:\\\/\\\/linares.salesianos.edu\\\/colegio\\\/#website\",\"url\":\"https:\\\/\\\/linares.salesianos.edu\\\/colegio\\\/\",\"name\":\"Colegio\",\"description\":\"P\u00e1gina oficial Salesianos Linares\",\"potentialAction\":[{\"@type\":\"SearchAction\",\"target\":{\"@type\":\"EntryPoint\",\"urlTemplate\":\"https:\\\/\\\/linares.salesianos.edu\\\/colegio\\\/?s={search_term_string}\"},\"query-input\":{\"@type\":\"PropertyValueSpecification\",\"valueRequired\":true,\"valueName\":\"search_term_string\"}}],\"inLanguage\":\"es\"}]}<\/script>\n<!-- \/ Yoast SEO plugin. -->","yoast_head_json":{"title":"misi\u00f3n, visi\u00f3n, valores - Colegio","robots":{"index":"index","follow":"follow","max-snippet":"max-snippet:-1","max-image-preview":"max-image-preview:large","max-video-preview":"max-video-preview:-1"},"canonical":"https:\/\/linares.salesianos.edu\/colegio\/identidad\/mision-vision-valores\/","og_locale":"es_ES","og_type":"article","og_title":"misi\u00f3n, visi\u00f3n, valores - Colegio","og_description":"MISI\u00d3N Las escuelas de la Inspectoria salesiana Mar\u00eda Auxiliadora tienen como misi\u00f3n ofrecer una educaci\u00f3n integral de calidad, basada en los valores del Evangelio y el sistema educativo de Don Bosco, buscando la formaci\u00f3n de todas las dimensiones de la persona.En este proceso educativo, la Comunidad educativo Pastoral, propone un modelo de crecimiento y desarrollo [&hellip;]","og_url":"https:\/\/linares.salesianos.edu\/colegio\/identidad\/mision-vision-valores\/","og_site_name":"Colegio","article_modified_time":"2025-01-29T10:58:11+00:00","twitter_card":"summary_large_image","twitter_misc":{"Tiempo de lectura":"7 minutos"},"schema":{"@context":"https:\/\/schema.org","@graph":[{"@type":"WebPage","@id":"https:\/\/linares.salesianos.edu\/colegio\/identidad\/mision-vision-valores\/","url":"https:\/\/linares.salesianos.edu\/colegio\/identidad\/mision-vision-valores\/","name":"misi\u00f3n, visi\u00f3n, valores - Colegio","isPartOf":{"@id":"https:\/\/linares.salesianos.edu\/colegio\/#website"},"datePublished":"2018-02-15T12:06:45+00:00","dateModified":"2025-01-29T10:58:11+00:00","breadcrumb":{"@id":"https:\/\/linares.salesianos.edu\/colegio\/identidad\/mision-vision-valores\/#breadcrumb"},"inLanguage":"es","potentialAction":[{"@type":"ReadAction","target":["https:\/\/linares.salesianos.edu\/colegio\/identidad\/mision-vision-valores\/"]}]},{"@type":"BreadcrumbList","@id":"https:\/\/linares.salesianos.edu\/colegio\/identidad\/mision-vision-valores\/#breadcrumb","itemListElement":[{"@type":"ListItem","position":1,"name":"Portada","item":"https:\/\/linares.salesianos.edu\/colegio\/"},{"@type":"ListItem","position":2,"name":"Nuestro cole","item":"https:\/\/linares.salesianos.edu\/colegio\/identidad\/"},{"@type":"ListItem","position":3,"name":"misi\u00f3n, visi\u00f3n, valores"}]},{"@type":"WebSite","@id":"https:\/\/linares.salesianos.edu\/colegio\/#website","url":"https:\/\/linares.salesianos.edu\/colegio\/","name":"Colegio","description":"P\u00e1gina oficial Salesianos Linares","potentialAction":[{"@type":"SearchAction","target":{"@type":"EntryPoint","urlTemplate":"https:\/\/linares.salesianos.edu\/colegio\/?s={search_term_string}"},"query-input":{"@type":"PropertyValueSpecification","valueRequired":true,"valueName":"search_term_string"}}],"inLanguage":"es"}]}},"_links":{"self":[{"href":"https:\/\/linares.salesianos.edu\/colegio\/wp-json\/wp\/v2\/pages\/5242","targetHints":{"allow":["GET"]}}],"collection":[{"href":"https:\/\/linares.salesianos.edu\/colegio\/wp-json\/wp\/v2\/pages"}],"about":[{"href":"https:\/\/linares.salesianos.edu\/colegio\/wp-json\/wp\/v2\/types\/page"}],"author":[{"embeddable":true,"href":"https:\/\/linares.salesianos.edu\/colegio\/wp-json\/wp\/v2\/users\/3"}],"replies":[{"embeddable":true,"href":"https:\/\/linares.salesianos.edu\/colegio\/wp-json\/wp\/v2\/comments?post=5242"}],"version-history":[{"count":7,"href":"https:\/\/linares.salesianos.edu\/colegio\/wp-json\/wp\/v2\/pages\/5242\/revisions"}],"predecessor-version":[{"id":6112,"href":"https:\/\/linares.salesianos.edu\/colegio\/wp-json\/wp\/v2\/pages\/5242\/revisions\/6112"}],"up":[{"embeddable":true,"href":"https:\/\/linares.salesianos.edu\/colegio\/wp-json\/wp\/v2\/pages\/3887"}],"wp:attachment":[{"href":"https:\/\/linares.salesianos.edu\/colegio\/wp-json\/wp\/v2\/media?parent=5242"}],"curies":[{"name":"wp","href":"https:\/\/api.w.org\/{rel}","templated":true}]}}