{"id":5621,"date":"2020-04-17T18:38:35","date_gmt":"2020-04-17T16:38:35","guid":{"rendered":"https:\/\/linares.salesianos.edu\/colegio\/?page_id=5621"},"modified":"2023-05-19T12:37:13","modified_gmt":"2023-05-19T10:37:13","slug":"classroom-2","status":"publish","type":"page","link":"https:\/\/linares.salesianos.edu\/colegio\/classroom-2\/","title":{"rendered":"Google Classroom"},"content":{"rendered":"<div id=\"fb-root\"><\/div>\n<p>[et_pb_section fb_built=\u00bb1&#8243; fullwidth=\u00bbon\u00bb _builder_version=\u00bb4.16&#8243; global_colors_info=\u00bb{}\u00bb][et_pb_fullwidth_header title=\u00bbGoogle Classroom\u00bb title_font_color=\u00bb#ffffff\u00bb module_class=\u00bbpagina-imagen-cabecera\u00bb _builder_version=\u00bb4.18.0&#8243; title_text_color=\u00bb#ffffff\u00bb title_font_size=\u00bb40px\u00bb background_color=\u00bbrgba(255, 255, 255, 0)\u00bb background_image=\u00bbhttps:\/\/linares.salesianos.edu\/colegio\/wp-content\/uploads\/sites\/16\/2021\/02\/encabezado_noticias_casa-min.png\u00bb background_layout=\u00bblight\u00bb max_width_tablet=\u00bb50px\u00bb background_url=\u00bbhttps:\/\/alicante.salesianos.edu\/colegio\/wp-content\/uploads\/sites\/2\/2017\/05\/Captura-de-pantalla-2017-05-24-a-las-18.40.38.png\u00bb button_one_letter_spacing_hover=\u00bb0&#8243; button_two_letter_spacing_hover=\u00bb0&#8243; global_colors_info=\u00bb{}\u00bb button_one_text_size__hover_enabled=\u00bboff\u00bb button_two_text_size__hover_enabled=\u00bboff\u00bb button_one_text_color__hover_enabled=\u00bboff\u00bb button_two_text_color__hover_enabled=\u00bboff\u00bb button_one_border_width__hover_enabled=\u00bboff\u00bb button_two_border_width__hover_enabled=\u00bboff\u00bb button_one_border_color__hover_enabled=\u00bboff\u00bb button_two_border_color__hover_enabled=\u00bboff\u00bb button_one_border_radius__hover_enabled=\u00bboff\u00bb button_two_border_radius__hover_enabled=\u00bboff\u00bb button_one_letter_spacing__hover_enabled=\u00bbon\u00bb button_one_letter_spacing__hover=\u00bb0&#8243; button_two_letter_spacing__hover_enabled=\u00bbon\u00bb button_two_letter_spacing__hover=\u00bb0&#8243; button_one_bg_color__hover_enabled=\u00bboff\u00bb button_two_bg_color__hover_enabled=\u00bboff\u00bb][\/et_pb_fullwidth_header][\/et_pb_section][et_pb_section fb_built=\u00bb1&#8243; module_class=\u00bbpagina-seccion-contenido\u00bb _builder_version=\u00bb4.16&#8243; custom_margin=\u00bb||-10px|||\u00bb custom_padding=\u00bb0px|0px|54px|0px\u00bb global_colors_info=\u00bb{}\u00bb][et_pb_row column_structure=\u00bb3_4,1_4&#8243; use_custom_gutter=\u00bbon\u00bb module_class=\u00bbpagina-texto\u00bb _builder_version=\u00bb4.16&#8243; background_size=\u00bbinitial\u00bb background_position=\u00bbtop_left\u00bb background_repeat=\u00bbrepeat\u00bb custom_margin=\u00bb25px|||\u00bb custom_padding=\u00bb25px|0px|0px|0px\u00bb global_colors_info=\u00bb{}\u00bb][et_pb_column type=\u00bb3_4&#8243; _builder_version=\u00bb4.16&#8243; custom_padding=\u00bb|||\u00bb global_colors_info=\u00bb{}\u00bb custom_padding__hover=\u00bb|||\u00bb][et_pb_text _builder_version=\u00bb4.16&#8243; global_colors_info=\u00bb{}\u00bb]<\/p>\n<h1>Google Classroom<\/h1>\n<p>[\/et_pb_text][et_pb_text _builder_version=\u00bb4.16&#8243; background_size=\u00bbinitial\u00bb background_position=\u00bbtop_left\u00bb background_repeat=\u00bbrepeat\u00bb custom_margin=\u00bb||-5px|||\u00bb custom_padding=\u00bb||65px|||\u00bb border_style=\u00bbsolid\u00bb global_colors_info=\u00bb{}\u00bb]<\/p>\n<p class=\"MsoNormal\" style=\"text-align: justify;\"><span>Es un espacio educativo de Google, en el que se pone a disposici\u00f3n del alumnado herramientas inform\u00e1ticas que posibilitan la interacci\u00f3n did\u00e1ctica de manera que el alumno pueda llevar a cabo las labores propias de la docencia como son conversar, leer documentos, realizar ejercicios, formular preguntas al docente, trabajar en equipo\u2026 etc. Todo ello de forma simulada sin que medie una interacci\u00f3n f\u00edsica entre docentes y alumnos.<\/span><\/p>\n<p class=\"MsoNormal\" style=\"text-align: justify;\"><span><\/span><\/p>\n<p class=\"MsoNormal\" style=\"text-align: justify;\">A continuaci\u00f3n pod\u00e9is visualizar los tutoriales para acceder a la plataforma:\u00a0<span><\/span><\/p>\n<p>[\/et_pb_text][\/et_pb_column][et_pb_column type=\u00bb1_4&#8243; _builder_version=\u00bb4.16&#8243; custom_padding=\u00bb|||\u00bb global_colors_info=\u00bb{}\u00bb custom_padding__hover=\u00bb|||\u00bb][et_pb_blurb url=\u00bbhttps:\/\/classroom.google.com\/\u00bb image=\u00bbhttps:\/\/linares.salesianos.edu\/colegio\/wp-content\/uploads\/sites\/16\/2020\/10\/Classroom.png\u00bb _builder_version=\u00bb4.16&#8243; custom_padding=\u00bb0px||0px|||\u00bb global_colors_info=\u00bb{}\u00bb][\/et_pb_blurb][\/et_pb_column][\/et_pb_row][et_pb_row admin_label=\u00bbrow\u00bb _builder_version=\u00bb4.16&#8243; parallax=\u00bbon\u00bb custom_padding=\u00bb0px|0px|0px|0px\u00bb link_option_url_new_window=\u00bbon\u00bb global_colors_info=\u00bb{}\u00bb][et_pb_column type=\u00bb4_4&#8243; _builder_version=\u00bb4.16&#8243; custom_padding=\u00bb|||\u00bb global_colors_info=\u00bb{}\u00bb custom_padding__hover=\u00bb|||\u00bb][et_pb_tabs _builder_version=\u00bb4.16&#8243; tab_font=\u00bbAmatic SC||||\u00bb tab_font_size=\u00bb24px\u00bb custom_margin=\u00bb-34px|||||\u00bb link_option_url_new_window=\u00bbon\u00bb border_style=\u00bbsolid\u00bb global_colors_info=\u00bb{}\u00bb][et_pb_tab title=\u00bbTUTORIAL PARA PC\u00bb _builder_version=\u00bb4.16&#8243; body_font=\u00bb||||\u00bb body_text_align=\u00bbleft\u00bb tab_font=\u00bb||||\u00bb link_option_url_new_window=\u00bbon\u00bb global_colors_info=\u00bb{}\u00bb]<\/p>\n<p><iframe loading=\"lazy\" title=\"TUTORIAL CLASSROOM ORDENADOR\" width=\"1080\" height=\"608\" src=\"https:\/\/www.youtube.com\/embed\/PUSEi2qOVsA?feature=oembed\"  allow=\"accelerometer; autoplay; clipboard-write; encrypted-media; gyroscope; picture-in-picture; web-share\" allowfullscreen><\/iframe><\/p>\n<p>[\/et_pb_tab][et_pb_tab title=\u00bbTUTORIAL PARA DISPOSITIVOS ANDROID\u00bb _builder_version=\u00bb4.16&#8243; body_font=\u00bb||||\u00bb body_text_align=\u00bbleft\u00bb tab_font=\u00bb||||\u00bb link_option_url_new_window=\u00bbon\u00bb global_colors_info=\u00bb{}\u00bb]<\/p>\n<p><iframe loading=\"lazy\" title=\"TUTORIAL CLASSROOM ANDROID\" width=\"1080\" height=\"608\" src=\"https:\/\/www.youtube.com\/embed\/KJ3vS2so1AQ?feature=oembed\"  allow=\"accelerometer; autoplay; clipboard-write; encrypted-media; gyroscope; picture-in-picture; web-share\" allowfullscreen><\/iframe><\/p>\n<p>[\/et_pb_tab][et_pb_tab title=\u00bbTUTORIAL DE UTILIZACI\u00d3N PARA ALUMNADO\u00bb _builder_version=\u00bb4.16&#8243; body_font=\u00bb||||\u00bb body_text_align=\u00bbleft\u00bb tab_font=\u00bb||||\u00bb link_option_url_new_window=\u00bbon\u00bb global_colors_info=\u00bb{}\u00bb]<\/p>\n<p><a href=\"https:\/\/www.youtube.com\/watch?v=MycvBy8LSN4\">https:\/\/www.youtube.com\/watch?v=MycvBy8LSN4<\/a><\/p>\n<p>by <a class=\"yt-simple-endpoint style-scope yt-formatted-string\" spellcheck=\"false\" href=\"https:\/\/www.youtube.com\/channel\/UCP13am5XAFOYC7Iyc3MxU-g\" dir=\"auto\">Jos\u00e9 David &#8211; Innovaci\u00f3n Educativa<\/a><\/p>\n<p>[\/et_pb_tab][\/et_pb_tabs][\/et_pb_column][\/et_pb_row][et_pb_row _builder_version=\u00bb4.16&#8243; global_colors_info=\u00bb{}\u00bb][et_pb_column type=\u00bb4_4&#8243; _builder_version=\u00bb4.16&#8243; global_colors_info=\u00bb{}\u00bb][et_pb_text _builder_version=\u00bb4.16&#8243; global_colors_info=\u00bb{}\u00bb]<\/p>\n<ol>\n<li>Cada alumno\/a tiene un correo corporativo dentro del domino <em>linares.salesianos.edu<\/em>, \u00e9stas son cuentas de alumno dentro de la plataforma educativa Google G-Suite. Est\u00e1n asociadas al centro y conforman un modo seguro de acceder a las plataformas gestionadas y administradas desde el mismo.<\/li>\n<li>Esta cuenta de correo asociada a cada alumno\/a ser\u00e1 que le acompa\u00f1ar\u00e1 durante todos los cursos en su proceso educativo en el centro.<\/li>\n<li>Utilizaremos esta cuenta para la comunicaci\u00f3n con el profesorado del centro y como acceso a la aplicaci\u00f3n Google Classroom, que ser\u00e1 la plataforma que utilizaremos para interactuar con el profesorado. En esta encontrar\u00e9is materiales y tareas preparados por los docentes.<\/li>\n<\/ol>\n<p>&nbsp;<\/p>\n<h4 style=\"text-align: center;\"><a href=\"https:\/\/classroom.google.com\/\"><strong>https:\/\/classroom.google.com\/<\/strong><\/a><\/h4>\n<p>[\/et_pb_text][\/et_pb_column][\/et_pb_row][et_pb_row _builder_version=\u00bb4.16&#8243; global_colors_info=\u00bb{}\u00bb][et_pb_column type=\u00bb4_4&#8243; _builder_version=\u00bb4.16&#8243; global_colors_info=\u00bb{}\u00bb][et_pb_image src=\u00bbhttps:\/\/linares.salesianos.edu\/colegio\/wp-content\/uploads\/sites\/16\/2020\/10\/Classroom.png\u00bb url=\u00bbhttps:\/\/classroom.google.com\/\u00bb _builder_version=\u00bb4.16&#8243; custom_margin=\u00bb-77px|||||\u00bb custom_padding=\u00bb30px|||||\u00bb global_colors_info=\u00bb{}\u00bb][\/et_pb_image][\/et_pb_column][\/et_pb_row][et_pb_row column_structure=\u00bb1_2,1_2&#8243; admin_label=\u00bbrow\u00bb _builder_version=\u00bb4.16&#8243; background_size=\u00bbinitial\u00bb background_position=\u00bbtop_left\u00bb background_repeat=\u00bbrepeat\u00bb custom_margin=\u00bb25px|||\u00bb custom_padding=\u00bb25px|0px|0px|0px||\u00bb global_colors_info=\u00bb{}\u00bb][et_pb_column type=\u00bb1_2&#8243; _builder_version=\u00bb4.16&#8243; custom_padding=\u00bb|||\u00bb global_colors_info=\u00bb{}\u00bb custom_padding__hover=\u00bb|||\u00bb][et_pb_testimonial portrait_url=\u00bbhttps:\/\/linares.salesianos.edu\/colegio\/wp-content\/uploads\/sites\/16\/2020\/04\/video-llamada-tio-usando-laptop_7496-359.jpg\u00bb quote_icon=\u00bboff\u00bb _builder_version=\u00bb4.16&#8243; background_size=\u00bbinitial\u00bb background_position=\u00bbtop_left\u00bb background_repeat=\u00bbrepeat\u00bb custom_padding=\u00bb||0px|||\u00bb border_style=\u00bbsolid\u00bb global_colors_info=\u00bb{}\u00bb]<\/p>\n<p style=\"text-align: justify;\"><span>Como complemento a Google Classroom, proponemos la herramienta Google\u00a0<\/span><b>Hangouts,<\/b><span>\u00a0perfecta para realizar una videoconferencia en directo, programar un\u00a0<\/span><b>Hangout<\/b><span>\u00a0y poder tener una sesi\u00f3n de preguntas y respuestas con tu tutor.<\/span><\/p>\n<p><span><\/span><\/p>\n<p><span><a href=\"https:\/\/hangouts.google.com\/\">https:\/\/hangouts.google.com\/<\/a><\/span><img loading=\"lazy\" decoding=\"async\" src=\"https:\/\/linares.salesianos.edu\/colegio\/wp-content\/uploads\/sites\/16\/2020\/04\/applestore1.png\" width=\"271\" height=\"102\" alt=\"\" class=\"wp-image-5674 aligncenter size-full\" style=\"font-size: 14px;\" \/><\/p>\n<p>[\/et_pb_testimonial][\/et_pb_column][et_pb_column type=\u00bb1_2&#8243; _builder_version=\u00bb4.16&#8243; custom_padding=\u00bb|||\u00bb global_colors_info=\u00bb{}\u00bb custom_padding__hover=\u00bb|||\u00bb][et_pb_image src=\u00bbhttps:\/\/linares.salesianos.edu\/colegio\/wp-content\/uploads\/sites\/16\/2020\/04\/HANGOUTS.jpg\u00bb url=\u00bbhttps:\/\/hangouts.google.com\/\u00bb url_new_window=\u00bbon\u00bb _builder_version=\u00bb4.16&#8243; custom_padding=\u00bb||0px|||\u00bb global_colors_info=\u00bb{}\u00bb][\/et_pb_image][\/et_pb_column][\/et_pb_row][\/et_pb_section][et_pb_section fb_built=\u00bb1&#8243; _builder_version=\u00bb4.16&#8243; hover_enabled=\u00bb0&#8243; global_colors_info=\u00bb{}\u00bb sticky_enabled=\u00bb0&#8243; custom_padding=\u00bb54px|||||\u00bb][et_pb_row _builder_version=\u00bb4.21.0&#8243; _module_preset=\u00bbdefault\u00bb][et_pb_column _builder_version=\u00bb4.21.0&#8243; _module_preset=\u00bbdefault\u00bb type=\u00bb4_4&#8243;][et_pb_accordion _builder_version=\u00bb4.21.0&#8243; _module_preset=\u00bbdefault\u00bb hover_enabled=\u00bb0&#8243; sticky_enabled=\u00bb0&#8243;][et_pb_accordion_item title=\u00bbPOL\u00cdTICA DE USO G SUITE ALUMNOS\u00bb _builder_version=\u00bb4.21.0&#8243; _module_preset=\u00bbdefault\u00bb open=\u00bboff\u00bb hover_enabled=\u00bb0&#8243; sticky_enabled=\u00bb0&#8243;]<\/p>\n<h1>Condiciones generales<\/h1>\n<ol>\n<li>Las cuentas de GSuite del Colegio Salesiano San Agust\u00edn constituyen un servicio que el centro proporciona a sus alumnos y alumnas que cursan sus ense\u00f1anzas<\/li>\n<li>Las cuentas GSuite del colegio ser\u00e1n creadas y utilizadas de acuerdo con las condiciones establecidas en el acuerdo suscrito entre la Inspector\u00eda Salesiana Mar\u00eda Auxiliadora y Google.<\/li>\n<li>La publicaci\u00f3n y distribuci\u00f3n de cualquier tipo de contenido mediante los servicios y aplicaciones vinculados a las cuentas de Google deber\u00e1 realizarse de acuerdo con la legislaci\u00f3n vigente sobre protecci\u00f3n de datos de car\u00e1cter<\/li>\n<li>Queda estrictamente prohibido el uso de las cuentas de Gsuite del colegio y de todos los servicios y aplicaciones vinculados a ellas, para actividades comerciales o<\/li>\n<li>Las cuentas de GSuite ser\u00e1n nominales y responder\u00e1n siempre a una persona f\u00edsica.<\/li>\n<li>Los usuarios o representantes legales son responsables de todas las actividades realizadas con sus cuentas de acceso y su buz\u00f3n<\/li>\n<li>Queda prohibido facilitar y ofrecer acceso a la propia cuenta a personas no autorizadas; la cuenta es personal e<\/li>\n<\/ol>\n<p>&nbsp;<\/p>\n<p>&nbsp;<\/p>\n<h1>Condiciones de las cuentas\u00a0<\/h1>\n<ol>\n<li>Cada alumno solo podr\u00e1 tener una \u00fanica cuenta de GSuite del Colegio Salesiano San Agust\u00edn y su uso es exclusivo para el \u00e1mbito escolar y<\/li>\n<li>Cuando un alumno deje de estar matriculado en el colegio se proceder\u00e1 a suspender y\/o eliminar su cuenta de forma inmediata.<\/li>\n<li>El uso de la cuenta debe ser conforme a las normas de convivencia del Centro, es decir, de respeto y siempre dirigido al aprendizaje acad\u00e9mico y el crecimiento<\/li>\n<li>El Colegio Salesiano San Agust\u00edn se reserva el derecho a condicionar el despliegue de las aplicaciones seg\u00fan criterios pedag\u00f3gicos y la edad de los<\/li>\n<li>En el caso de que haya indicios de que la cuenta de un alumno pueda verse involucrada en casos graves de disciplina como ciberacoso, promoci\u00f3n del odio, o mensajes manifiestamente fuera del contexto educativo podr\u00e1 ser intervenida, suspendida y\/o supervisada por la Direcci\u00f3n Titular del Centro junto con el Responsable TIC o persona en quien se delegue esta funci\u00f3n.<\/li>\n<\/ol>\n<p><strong>\u00a0<\/strong><\/p>\n<p>&nbsp;<\/p>\n<h1>Cl\u00e1usulas<\/h1>\n<ol>\n<li>El uso de las cuentas por parte de los alumnos requiere manifestar la conformidad con la Pol\u00edtica de Uso de Cuentas GSuite del Colegio Salesiano San Agust\u00edn para los alumnos de 14 a\u00f1os en adelante y por parte de los padres o responsables legales del alumno si es menor de 14 a\u00f1os.<\/li>\n<li>En caso de que se advierta un incumplimiento de las condiciones antedichas sobre prestaci\u00f3n del servicio, el Colegio San Agust\u00edn se reserva la potestad de desactivar o dar de baja cualquier cuenta de GSuite del colegio, incluso sin previo<\/li>\n<\/ol>\n<p>&nbsp;<\/p>\n<p>&nbsp;<\/p>\n<h1>Acuerdo para el Uso Aceptable de la Tecnolog\u00eda<\/h1>\n<p>El estudiante, as\u00ed como los responsables del alumno entienden que pueden perder el derecho a usar la tecnolog\u00eda en el colegio si incumplen el siguiente Acuerdo para el Uso Aceptable de la Tecnolog\u00eda:<\/p>\n<ol>\n<li>Tratar\u00e9 los recursos tecnol\u00f3gicos del colegio con cuidado y respeto. Los actos de vandalismo a la red y al hardware cuestan tiempo y dinero y no ser\u00e1n<\/li>\n<li>Ser\u00e9 un\/a buen\/a usuario\/a de Internet y no har\u00e9 nada para herir a otras<\/li>\n<li>Respetar\u00e9 el trabajo creativo de los dem\u00e1s, cumpliendo con la Ley de Propiedad Intelectual que establece los l\u00edmites sobre la cantidad de material usado, obteniendo permiso para usar materiales y citando las referencias de modo<\/li>\n<li>Usar\u00e9 el buen juicio para respetar mi privacidad y la de otros en<\/li>\n<li>No responder\u00e9 a mensajes que me hagan sentir inc\u00f3modo\/a. Mostrar\u00e9 a un adulto cualquier mensaje inapropiado<\/li>\n<li>Bajo ninguna condici\u00f3n dar\u00e9 mi contrase\u00f1a a otra persona. Ser\u00e9 responsable con el uso de mi cuenta personal y tomar\u00e9 las debidas precauciones para evitar que otros puedan utilizar mi<\/li>\n<li>Informar\u00e9 al administrador del dominio sobre cualquier fallo t\u00e9cnico o de seguridad que<\/li>\n<\/ol>\n<p>Es importante que todos los alumnos\/as y sus padres o tutores apoyen los requerimientos de nuestro Acuerdo para el Uso Aceptable de la Tecnolog\u00eda para asegurar un ambiente educativo seguro y de apoyo al conocimiento.<\/p>\n<p>&nbsp;<\/p>\n<p>&nbsp;<\/p>\n<h1>Recursos para los padres por parte de Google<\/h1>\n<ul>\n<li>En la p\u00e1gina de informaci\u00f3n sobre privacidad y seguridad de Google for Education encontrar\u00e1 las respuestas a las preguntas m\u00e1s frecuentes sobre estos<\/li>\n<\/ul>\n<p><span><a href=\"https:\/\/www.google.com\/edu\/trust\">https:\/\/www.google.com\/edu\/trust<\/a><\/span><\/p>\n<ul>\n<li>En el Aviso de Privacidad de G Suite para Centros Educativos se describe la forma en que los productos y servicios de Google recopilan y utilizan la informaci\u00f3n de las cuentas de G Suite para Centros<\/li>\n<\/ul>\n<p><span><a href=\"https:\/\/www.google.com\/work\/apps\/terms\/education_privacy.html\">https:\/\/www.google.com\/work\/apps\/terms\/education_privacy.html<\/a><\/span><\/p>\n<ul>\n<li>En el Centro de Ayuda, puede consultar los compromisos jur\u00eddicos de Google respecto a los servicios principales y adicionales de G Suite para Centros<\/li>\n<\/ul>\n<p><span><a href=\"https:\/\/support.google.com\/a\/answer\/6356441\">https:\/\/support.google.com\/a\/answer\/6356441<\/a><\/span><\/p>\n<ul>\n<li>En la Gu\u00eda sobre privacidad en los productos de Google se describen los mecanismos de protecci\u00f3n de la privacidad utilizados en los productos<\/li>\n<\/ul>\n<p><span><a href=\"https:\/\/www.google.com\/intl\/es\/policies\/technologies\/product-privacy\">https:\/\/www.google.com\/intl\/es\/policies\/technologies\/product-privacy<\/a><\/span><\/p>\n<p>[\/et_pb_accordion_item][\/et_pb_accordion][\/et_pb_column][\/et_pb_row][\/et_pb_section]<\/p>\n","protected":false},"excerpt":{"rendered":"<p>Google ClassroomEs un espacio educativo de Google, en el que se pone a disposici\u00f3n del alumnado herramientas inform\u00e1ticas que posibilitan la interacci\u00f3n did\u00e1ctica de manera que el alumno pueda llevar a cabo las labores propias de la docencia como son conversar, leer documentos, realizar ejercicios, formular preguntas al docente, trabajar en equipo\u2026 etc. Todo ello [&hellip;]<\/p>\n","protected":false},"author":3,"featured_media":0,"parent":0,"menu_order":0,"comment_status":"closed","ping_status":"closed","template":"","meta":{"_et_pb_use_builder":"on","_et_pb_old_content":"","_et_gb_content_width":"","footnotes":""},"class_list":["post-5621","page","type-page","status-publish","hentry"],"yoast_head":"<!-- This site is optimized with the Yoast SEO plugin v27.4 - https:\/\/yoast.com\/product\/yoast-seo-wordpress\/ -->\n<title>Google Classroom - Colegio<\/title>\n<meta name=\"robots\" content=\"index, follow, max-snippet:-1, max-image-preview:large, max-video-preview:-1\" \/>\n<link rel=\"canonical\" href=\"https:\/\/linares.salesianos.edu\/colegio\/classroom-2\/\" \/>\n<meta property=\"og:locale\" content=\"es_ES\" \/>\n<meta property=\"og:type\" content=\"article\" \/>\n<meta property=\"og:title\" content=\"Google Classroom - Colegio\" \/>\n<meta property=\"og:description\" content=\"Google ClassroomEs un espacio educativo de Google, en el que se pone a disposici\u00f3n del alumnado herramientas inform\u00e1ticas que posibilitan la interacci\u00f3n did\u00e1ctica de manera que el alumno pueda llevar a cabo las labores propias de la docencia como son conversar, leer documentos, realizar ejercicios, formular preguntas al docente, trabajar en equipo\u2026 etc. Todo ello [&hellip;]\" \/>\n<meta property=\"og:url\" content=\"https:\/\/linares.salesianos.edu\/colegio\/classroom-2\/\" \/>\n<meta property=\"og:site_name\" content=\"Colegio\" \/>\n<meta property=\"article:modified_time\" content=\"2023-05-19T10:37:13+00:00\" \/>\n<meta property=\"og:image\" content=\"https:\/\/linares.salesianos.edu\/colegio\/wp-content\/uploads\/sites\/16\/2020\/04\/applestore1.png\" \/>\n<meta name=\"twitter:card\" content=\"summary_large_image\" \/>\n<meta name=\"twitter:label1\" content=\"Tiempo de lectura\" \/>\n\t<meta name=\"twitter:data1\" content=\"3 minutos\" \/>\n<script type=\"application\/ld+json\" class=\"yoast-schema-graph\">{\"@context\":\"https:\\\/\\\/schema.org\",\"@graph\":[{\"@type\":\"WebPage\",\"@id\":\"https:\\\/\\\/linares.salesianos.edu\\\/colegio\\\/classroom-2\\\/\",\"url\":\"https:\\\/\\\/linares.salesianos.edu\\\/colegio\\\/classroom-2\\\/\",\"name\":\"Google Classroom - Colegio\",\"isPartOf\":{\"@id\":\"https:\\\/\\\/linares.salesianos.edu\\\/colegio\\\/#website\"},\"primaryImageOfPage\":{\"@id\":\"https:\\\/\\\/linares.salesianos.edu\\\/colegio\\\/classroom-2\\\/#primaryimage\"},\"image\":{\"@id\":\"https:\\\/\\\/linares.salesianos.edu\\\/colegio\\\/classroom-2\\\/#primaryimage\"},\"thumbnailUrl\":\"https:\\\/\\\/linares.salesianos.edu\\\/colegio\\\/wp-content\\\/uploads\\\/sites\\\/16\\\/2020\\\/04\\\/applestore1.png\",\"datePublished\":\"2020-04-17T16:38:35+00:00\",\"dateModified\":\"2023-05-19T10:37:13+00:00\",\"breadcrumb\":{\"@id\":\"https:\\\/\\\/linares.salesianos.edu\\\/colegio\\\/classroom-2\\\/#breadcrumb\"},\"inLanguage\":\"es\",\"potentialAction\":[{\"@type\":\"ReadAction\",\"target\":[\"https:\\\/\\\/linares.salesianos.edu\\\/colegio\\\/classroom-2\\\/\"]}]},{\"@type\":\"ImageObject\",\"inLanguage\":\"es\",\"@id\":\"https:\\\/\\\/linares.salesianos.edu\\\/colegio\\\/classroom-2\\\/#primaryimage\",\"url\":\"https:\\\/\\\/linares.salesianos.edu\\\/colegio\\\/wp-content\\\/uploads\\\/sites\\\/16\\\/2020\\\/04\\\/applestore1.png\",\"contentUrl\":\"https:\\\/\\\/linares.salesianos.edu\\\/colegio\\\/wp-content\\\/uploads\\\/sites\\\/16\\\/2020\\\/04\\\/applestore1.png\",\"width\":908,\"height\":341},{\"@type\":\"BreadcrumbList\",\"@id\":\"https:\\\/\\\/linares.salesianos.edu\\\/colegio\\\/classroom-2\\\/#breadcrumb\",\"itemListElement\":[{\"@type\":\"ListItem\",\"position\":1,\"name\":\"Portada\",\"item\":\"https:\\\/\\\/linares.salesianos.edu\\\/colegio\\\/\"},{\"@type\":\"ListItem\",\"position\":2,\"name\":\"Google Classroom\"}]},{\"@type\":\"WebSite\",\"@id\":\"https:\\\/\\\/linares.salesianos.edu\\\/colegio\\\/#website\",\"url\":\"https:\\\/\\\/linares.salesianos.edu\\\/colegio\\\/\",\"name\":\"Colegio\",\"description\":\"P\u00e1gina oficial Salesianos Linares\",\"potentialAction\":[{\"@type\":\"SearchAction\",\"target\":{\"@type\":\"EntryPoint\",\"urlTemplate\":\"https:\\\/\\\/linares.salesianos.edu\\\/colegio\\\/?s={search_term_string}\"},\"query-input\":{\"@type\":\"PropertyValueSpecification\",\"valueRequired\":true,\"valueName\":\"search_term_string\"}}],\"inLanguage\":\"es\"}]}<\/script>\n<!-- \/ Yoast SEO plugin. -->","yoast_head_json":{"title":"Google Classroom - Colegio","robots":{"index":"index","follow":"follow","max-snippet":"max-snippet:-1","max-image-preview":"max-image-preview:large","max-video-preview":"max-video-preview:-1"},"canonical":"https:\/\/linares.salesianos.edu\/colegio\/classroom-2\/","og_locale":"es_ES","og_type":"article","og_title":"Google Classroom - Colegio","og_description":"Google ClassroomEs un espacio educativo de Google, en el que se pone a disposici\u00f3n del alumnado herramientas inform\u00e1ticas que posibilitan la interacci\u00f3n did\u00e1ctica de manera que el alumno pueda llevar a cabo las labores propias de la docencia como son conversar, leer documentos, realizar ejercicios, formular preguntas al docente, trabajar en equipo\u2026 etc. Todo ello [&hellip;]","og_url":"https:\/\/linares.salesianos.edu\/colegio\/classroom-2\/","og_site_name":"Colegio","article_modified_time":"2023-05-19T10:37:13+00:00","og_image":[{"url":"https:\/\/linares.salesianos.edu\/colegio\/wp-content\/uploads\/sites\/16\/2020\/04\/applestore1.png","type":"","width":"","height":""}],"twitter_card":"summary_large_image","twitter_misc":{"Tiempo de lectura":"3 minutos"},"schema":{"@context":"https:\/\/schema.org","@graph":[{"@type":"WebPage","@id":"https:\/\/linares.salesianos.edu\/colegio\/classroom-2\/","url":"https:\/\/linares.salesianos.edu\/colegio\/classroom-2\/","name":"Google Classroom - Colegio","isPartOf":{"@id":"https:\/\/linares.salesianos.edu\/colegio\/#website"},"primaryImageOfPage":{"@id":"https:\/\/linares.salesianos.edu\/colegio\/classroom-2\/#primaryimage"},"image":{"@id":"https:\/\/linares.salesianos.edu\/colegio\/classroom-2\/#primaryimage"},"thumbnailUrl":"https:\/\/linares.salesianos.edu\/colegio\/wp-content\/uploads\/sites\/16\/2020\/04\/applestore1.png","datePublished":"2020-04-17T16:38:35+00:00","dateModified":"2023-05-19T10:37:13+00:00","breadcrumb":{"@id":"https:\/\/linares.salesianos.edu\/colegio\/classroom-2\/#breadcrumb"},"inLanguage":"es","potentialAction":[{"@type":"ReadAction","target":["https:\/\/linares.salesianos.edu\/colegio\/classroom-2\/"]}]},{"@type":"ImageObject","inLanguage":"es","@id":"https:\/\/linares.salesianos.edu\/colegio\/classroom-2\/#primaryimage","url":"https:\/\/linares.salesianos.edu\/colegio\/wp-content\/uploads\/sites\/16\/2020\/04\/applestore1.png","contentUrl":"https:\/\/linares.salesianos.edu\/colegio\/wp-content\/uploads\/sites\/16\/2020\/04\/applestore1.png","width":908,"height":341},{"@type":"BreadcrumbList","@id":"https:\/\/linares.salesianos.edu\/colegio\/classroom-2\/#breadcrumb","itemListElement":[{"@type":"ListItem","position":1,"name":"Portada","item":"https:\/\/linares.salesianos.edu\/colegio\/"},{"@type":"ListItem","position":2,"name":"Google Classroom"}]},{"@type":"WebSite","@id":"https:\/\/linares.salesianos.edu\/colegio\/#website","url":"https:\/\/linares.salesianos.edu\/colegio\/","name":"Colegio","description":"P\u00e1gina oficial Salesianos Linares","potentialAction":[{"@type":"SearchAction","target":{"@type":"EntryPoint","urlTemplate":"https:\/\/linares.salesianos.edu\/colegio\/?s={search_term_string}"},"query-input":{"@type":"PropertyValueSpecification","valueRequired":true,"valueName":"search_term_string"}}],"inLanguage":"es"}]}},"_links":{"self":[{"href":"https:\/\/linares.salesianos.edu\/colegio\/wp-json\/wp\/v2\/pages\/5621","targetHints":{"allow":["GET"]}}],"collection":[{"href":"https:\/\/linares.salesianos.edu\/colegio\/wp-json\/wp\/v2\/pages"}],"about":[{"href":"https:\/\/linares.salesianos.edu\/colegio\/wp-json\/wp\/v2\/types\/page"}],"author":[{"embeddable":true,"href":"https:\/\/linares.salesianos.edu\/colegio\/wp-json\/wp\/v2\/users\/3"}],"replies":[{"embeddable":true,"href":"https:\/\/linares.salesianos.edu\/colegio\/wp-json\/wp\/v2\/comments?post=5621"}],"version-history":[{"count":33,"href":"https:\/\/linares.salesianos.edu\/colegio\/wp-json\/wp\/v2\/pages\/5621\/revisions"}],"predecessor-version":[{"id":5976,"href":"https:\/\/linares.salesianos.edu\/colegio\/wp-json\/wp\/v2\/pages\/5621\/revisions\/5976"}],"wp:attachment":[{"href":"https:\/\/linares.salesianos.edu\/colegio\/wp-json\/wp\/v2\/media?parent=5621"}],"curies":[{"name":"wp","href":"https:\/\/api.w.org\/{rel}","templated":true}]}}