{"id":6183,"date":"2025-07-10T11:58:51","date_gmt":"2025-07-10T09:58:51","guid":{"rendered":"https:\/\/linares.salesianos.edu\/colegio\/?page_id=6183"},"modified":"2026-01-16T13:52:33","modified_gmt":"2026-01-16T12:52:33","slug":"calderon-1","status":"publish","type":"page","link":"https:\/\/linares.salesianos.edu\/colegio\/calderon-1\/","title":{"rendered":"Calder\u00f3n 1"},"content":{"rendered":"<div id=\"fb-root\"><\/div>\n<p>[et_pb_section fb_built=\u00bb1&#8243; fullwidth=\u00bbon\u00bb _builder_version=\u00bb4.16&#8243; global_colors_info=\u00bb{}\u00bb][et_pb_fullwidth_header title=\u00bbCALDER\u00d3N 1&#8243; title_font_color=\u00bb#ffffff\u00bb module_class=\u00bbpagina-imagen-cabecera\u00bb _builder_version=\u00bb4.27.4&#8243; title_text_color=\u00bb#ffffff\u00bb title_font_size=\u00bb40px\u00bb background_color=\u00bbrgba(255, 255, 255, 0)\u00bb background_image=\u00bbhttps:\/\/linares.salesianos.edu\/colegio\/wp-content\/uploads\/sites\/16\/2021\/02\/encabezado_noticias_casa-min.png\u00bb background_layout=\u00bblight\u00bb max_width_tablet=\u00bb50px\u00bb background_url=\u00bbhttp:\/\/malaga.salesianos.edu\/wp-content\/uploads\/2017\/02\/Foto-de-portad_sin_letras.png\u00bb global_colors_info=\u00bb{}\u00bb button_one_text_size__hover_enabled=\u00bboff\u00bb button_two_text_size__hover_enabled=\u00bboff\u00bb button_one_text_color__hover_enabled=\u00bboff\u00bb button_two_text_color__hover_enabled=\u00bboff\u00bb button_one_border_width__hover_enabled=\u00bboff\u00bb button_two_border_width__hover_enabled=\u00bboff\u00bb button_one_border_color__hover_enabled=\u00bboff\u00bb button_two_border_color__hover_enabled=\u00bboff\u00bb button_one_border_radius__hover_enabled=\u00bboff\u00bb button_two_border_radius__hover_enabled=\u00bboff\u00bb button_one_letter_spacing__hover_enabled=\u00bboff\u00bb button_two_letter_spacing__hover_enabled=\u00bboff\u00bb button_one_bg_color__hover_enabled=\u00bboff\u00bb button_two_bg_color__hover_enabled=\u00bboff\u00bb][\/et_pb_fullwidth_header][\/et_pb_section][et_pb_section fb_built=\u00bb1&#8243; _builder_version=\u00bb4.16&#8243; global_colors_info=\u00bb{}\u00bb][et_pb_row column_structure=\u00bb1_2,1_2&#8243; _builder_version=\u00bb4.16&#8243; background_size=\u00bbinitial\u00bb background_position=\u00bbtop_left\u00bb background_repeat=\u00bbrepeat\u00bb global_colors_info=\u00bb{}\u00bb][et_pb_column type=\u00bb1_2&#8243; _builder_version=\u00bb4.27.4&#8243; _module_preset=\u00bbdefault\u00bb global_colors_info=\u00bb{}\u00bb][et_pb_image src=\u00bbhttps:\/\/linares.salesianos.edu\/colegio\/wp-content\/uploads\/sites\/16\/2025\/07\/Calderon-1-Rectangulo.jpg\u00bb title_text=\u00bbCalderon, 1 Rectangulo\u00bb _builder_version=\u00bb4.27.4&#8243; _module_preset=\u00bbdefault\u00bb border_radii=\u00bbon|20px|20px|20px|20px\u00bb box_shadow_style=\u00bbpreset1&#8243; global_colors_info=\u00bb{}\u00bb][\/et_pb_image][\/et_pb_column][et_pb_column type=\u00bb1_2&#8243; _builder_version=\u00bb4.16&#8243; custom_padding=\u00bb|||\u00bb global_colors_info=\u00bb{}\u00bb custom_padding__hover=\u00bb|||\u00bb][et_pb_image src=\u00bbhttps:\/\/linares.salesianos.edu\/colegio\/wp-content\/uploads\/sites\/16\/2026\/01\/WhatsApp-Image-2026-01-16-at-13.17.50.jpeg\u00bb _builder_version=\u00bb4.27.4&#8243; _module_preset=\u00bbdefault\u00bb title_text=\u00bbWhatsApp Image 2026-01-16 at 13.17.50&#8243; hover_enabled=\u00bb0&#8243; sticky_enabled=\u00bb0&#8243; width=\u00bb70%\u00bb max_width=\u00bb70%\u00bb module_alignment=\u00bbcenter\u00bb][\/et_pb_image][et_pb_text _builder_version=\u00bb4.27.4&#8243; background_size=\u00bbinitial\u00bb background_position=\u00bbtop_left\u00bb background_repeat=\u00bbrepeat\u00bb global_colors_info=\u00bb{}\u00bb]<\/p>\n<div class=\"et_pb_module et_pb_text et_pb_text_0  et_pb_text_align_left et_pb_bg_layout_light\">\n<div class=\"et_pb_text_inner\">\n<h2 style=\"text-align: justify;\">Calder\u00f3n 1 &#8211; Una propuesta con sentido<\/h2>\n<\/div>\n<div class=\"et_pb_text_inner\" style=\"text-align: justify;\"><span style=\"font-size: 14px; text-align: justify;\">Las actividades de la tarde o de tiempo libre son oportunidades para <\/span><strong style=\"font-family: arial, helvetica; font-size: 14px; text-align: justify;\">acompa\u00f1ar<\/strong><span style=\"font-size: 14px; text-align: justify;\">\u00a0personalmente a nuestros alumnos, para\u00a0<\/span><strong style=\"font-family: arial, helvetica; font-size: 14px; text-align: justify;\">ayudarles a crecer<\/strong><span style=\"font-size: 14px; text-align: justify;\">\u00a0y a adquirir los\u00a0<\/span><strong style=\"font-family: arial, helvetica; font-size: 14px; text-align: justify;\">valores<\/strong><span style=\"font-size: 14px; text-align: justify;\"> que queremos transmitir en las escuelas salesianas. En el Colegio Salesiano San Agust\u00edn somos conscientes de ello, y nos comprometemos a favorecer el <\/span><strong style=\"font-family: arial, helvetica; font-size: 14px; text-align: justify;\">desarrollo integralde nuestros alumnado<\/strong><span style=\"font-size: 14px; text-align: justify;\"> en cada etapa de la vida. Uno de los objetivos b\u00e1sicos de dichas actividades es el de educar en valores.<\/span><\/div>\n<\/div>\n<div class=\"et_pb_module et_pb_text et_pb_text_1  et_pb_text_align_justified et_pb_bg_layout_light\">\n<div class=\"et_pb_text_inner\">\n<p class=\"p1\" style=\"text-align: justify;\">Don Bosco dec\u00eda que \u00ab<em>educar es cosa del coraz\u00f3n\u00bb<\/em>, y ese es el compromiso que adquirimos al comienzo de cada curso de la mano de cada una de las entidades que forman parte de esta propuesta educativa de tiempo libre.<\/p>\n<p style=\"text-align: justify;\">Bas\u00e1ndonos en el texto marco de la propuesta pedag\u00f3gica salesiana, las\u00a0<strong>actividades extraescolares<\/strong>, en sinton\u00eda con el\u00a0car\u00e1cter propio del centro, son dise\u00f1adas y organizadas para contribuir al desarrollo integral de los alumnos. Es una propuesta pedag\u00f3gica que ofrece m\u00faltiples valores:<\/p>\n<ul style=\"text-align: justify;\">\n<li>Capacidad de esfuerzo.<\/li>\n<li>H\u00e1bitos de vida saludable.<\/li>\n<li>Calidad de vida.<\/li>\n<li>Sentido de equipo.<\/li>\n<li>Coherencia.<\/li>\n<li>Procesos de socializaci\u00f3n y amistad.<\/li>\n<li>Respeto a las normas establecidas.<\/li>\n<\/ul>\n<p style=\"text-align: justify;\">Por estas razones, el Colegio Salesiano San Agust\u00edn, ofrece un cat\u00e1logo de actividades variadas de la mano numerosas entidades de nuestra localidad, tanto para nuestro alumnado como para todas aquellas personas interesadas que no pertenezcan a nuestro centro educativo. \u00a1Existen opciones para todas las edades!<\/p>\n<p style=\"text-align: justify;\">Conoce m\u00e1s de cada una de ellas accediendo en el siguiente enlace:\u00a0<\/p>\n<\/div>\n<div class=\"et_pb_text_inner\">\u00a0<\/div>\n<\/div>\n<p style=\"text-align: justify;\">\n<p>[\/et_pb_text][et_pb_image src=\u00bbhttps:\/\/linares.salesianos.edu\/colegio\/wp-content\/uploads\/sites\/16\/2025\/07\/descarga.png\u00bb title_text=\u00bbdescarga\u00bb url=\u00bbhttps:\/\/docs.google.com\/forms\/d\/e\/1FAIpQLSdaSNgj2eh82d-nQ-rC58KxawPxvDMJpQ4DatYGd98xTY7a1Q\/viewform\u00bb url_new_window=\u00bbon\u00bb align=\u00bbcenter\u00bb _builder_version=\u00bb4.27.4&#8243; _module_preset=\u00bbdefault\u00bb global_colors_info=\u00bb{}\u00bb][\/et_pb_image][et_pb_text _builder_version=\u00bb4.27.4&#8243; background_size=\u00bbinitial\u00bb background_position=\u00bbtop_left\u00bb background_repeat=\u00bbrepeat\u00bb global_colors_info=\u00bb{}\u00bb]<\/p>\n<div class=\"et_pb_module et_pb_text et_pb_text_0  et_pb_text_align_left et_pb_bg_layout_light\">\n<div class=\"et_pb_text_inner\"><\/div>\n<\/div>\n<div class=\"et_pb_module et_pb_text et_pb_text_1  et_pb_text_align_justified et_pb_bg_layout_light\">\n<div class=\"et_pb_text_inner\">\n<p style=\"text-align: justify;\">\n<\/div>\n<div class=\"et_pb_text_inner\">\u00a0<\/div>\n<\/div>\n<p style=\"text-align: justify;\">\n<p>[\/et_pb_text][\/et_pb_column][\/et_pb_row][et_pb_row column_structure=\u00bb1_4,1_4,1_4,1_4&#8243; disabled_on=\u00bbon|on|on\u00bb _builder_version=\u00bb4.27.4&#8243; _module_preset=\u00bbdefault\u00bb disabled=\u00bbon\u00bb global_colors_info=\u00bb{}\u00bb][et_pb_column type=\u00bb1_4&#8243; _builder_version=\u00bb4.27.4&#8243; _module_preset=\u00bbdefault\u00bb global_colors_info=\u00bb{}\u00bb][et_pb_image src=\u00bbhttps:\/\/linares.salesianos.edu\/colegio\/wp-content\/uploads\/sites\/16\/2025\/01\/469307544_1200835798064553_3443191112369817608_n.jpg\u00bb title_text=\u00bb469307544_1200835798064553_3443191112369817608_n\u00bb _builder_version=\u00bb4.27.4&#8243; _module_preset=\u00bbdefault\u00bb border_radii=\u00bbon|20px|20px|20px|20px\u00bb box_shadow_style=\u00bbpreset1&#8243; global_colors_info=\u00bb{}\u00bb][\/et_pb_image][\/et_pb_column][et_pb_column type=\u00bb1_4&#8243; _builder_version=\u00bb4.27.4&#8243; _module_preset=\u00bbdefault\u00bb global_colors_info=\u00bb{}\u00bb][et_pb_blurb title=\u00bbDistintas formas de aprender\u00bb use_icon=\u00bbon\u00bb icon_placement=\u00bbleft\u00bb image_icon_width=\u00bb112%\u00bb _builder_version=\u00bb4.27.4&#8243; _module_preset=\u00bbdefault\u00bb global_colors_info=\u00bb{}\u00bb]<\/p>\n<blockquote>\n<p style=\"text-align: justify;\"><span>Trabajamos por proyectos y de manera cooperativa, atiendiendo a las diferentes inteligencias y destrezas de nuestro alumnado con propuestas manipulativas que motivan el aprendizaje y potencian la creatividad y el pensamiento cr\u00edtico.<\/span><\/p>\n<\/blockquote>\n<p>[\/et_pb_blurb][\/et_pb_column][et_pb_column type=\u00bb1_4&#8243; _builder_version=\u00bb4.27.4&#8243; _module_preset=\u00bbdefault\u00bb global_colors_info=\u00bb{}\u00bb][et_pb_image src=\u00bbhttps:\/\/linares.salesianos.edu\/colegio\/wp-content\/uploads\/sites\/16\/2023\/10\/3a3ff639-727b-48b5-94ea-a5e9e3138428.jpg\u00bb title_text=\u00bb3a3ff639-727b-48b5-94ea-a5e9e3138428&#8243; _builder_version=\u00bb4.27.4&#8243; _module_preset=\u00bbdefault\u00bb border_radii=\u00bbon|20px|20px|20px|20px\u00bb box_shadow_style=\u00bbpreset1&#8243; global_colors_info=\u00bb{}\u00bb][\/et_pb_image][\/et_pb_column][et_pb_column type=\u00bb1_4&#8243; _builder_version=\u00bb4.27.4&#8243; _module_preset=\u00bbdefault\u00bb global_colors_info=\u00bb{}\u00bb][et_pb_blurb title=\u00bbTe sentir\u00e1s como en casa\u00bb use_icon=\u00bbon\u00bb icon_placement=\u00bbleft\u00bb image_icon_width=\u00bb112%\u00bb _builder_version=\u00bb4.27.4&#8243; _module_preset=\u00bbdefault\u00bb global_colors_info=\u00bb{}\u00bb]<\/p>\n<blockquote>\n<p style=\"text-align: justify;\"><span>\u00a1Un ambiente amable y familiar es lo que nos caracteriza!\u00a0Os invitaremos a participar de fiestas, talleres y otras atividades que te permitir\u00e1n conocer de primera mano lo que hacen tus hijos e hijas en el aula.<\/span><\/p>\n<\/blockquote>\n<p>[\/et_pb_blurb][\/et_pb_column][\/et_pb_row][et_pb_row column_structure=\u00bb1_4,1_4,1_4,1_4&#8243; disabled_on=\u00bbon|on|on\u00bb _builder_version=\u00bb4.27.4&#8243; _module_preset=\u00bbdefault\u00bb disabled=\u00bbon\u00bb global_colors_info=\u00bb{}\u00bb][et_pb_column type=\u00bb1_4&#8243; _builder_version=\u00bb4.27.4&#8243; _module_preset=\u00bbdefault\u00bb global_colors_info=\u00bb{}\u00bb][et_pb_image src=\u00bbhttps:\/\/linares.salesianos.edu\/colegio\/wp-content\/uploads\/sites\/16\/2025\/01\/462111522_1152648069549993_7589406848036836803_n.jpg\u00bb title_text=\u00bb462111522_1152648069549993_7589406848036836803_n\u00bb _builder_version=\u00bb4.27.4&#8243; _module_preset=\u00bbdefault\u00bb border_radii=\u00bbon|20px|20px|20px|20px\u00bb box_shadow_style=\u00bbpreset1&#8243; global_colors_info=\u00bb{}\u00bb][\/et_pb_image][\/et_pb_column][et_pb_column type=\u00bb1_4&#8243; _builder_version=\u00bb4.27.4&#8243; _module_preset=\u00bbdefault\u00bb global_colors_info=\u00bb{}\u00bb][et_pb_blurb title=\u00bbSomos biling\u00fces\u00bb use_icon=\u00bbon\u00bb icon_placement=\u00bbleft\u00bb image_icon_width=\u00bb112%\u00bb _builder_version=\u00bb4.27.4&#8243; _module_preset=\u00bbdefault\u00bb global_colors_info=\u00bb{}\u00bb]<\/p>\n<blockquote>\n<p style=\"text-align: justify;\"><span>Aprendemos ingl\u00e9s de una forma divertida, mediante canciones y juegos que fomentan la expresi\u00f3n oral. \u00a1Disfrutar\u00e1n aprendiendo un nuevo idioma!<\/span><\/p>\n<\/blockquote>\n<p>[\/et_pb_blurb][\/et_pb_column][et_pb_column type=\u00bb1_4&#8243; _builder_version=\u00bb4.27.4&#8243; _module_preset=\u00bbdefault\u00bb global_colors_info=\u00bb{}\u00bb][et_pb_image src=\u00bbhttps:\/\/linares.salesianos.edu\/colegio\/wp-content\/uploads\/sites\/16\/2025\/01\/461948953_1152648062883327_8853544948979690851_n.jpg\u00bb title_text=\u00bb461948953_1152648062883327_8853544948979690851_n\u00bb _builder_version=\u00bb4.27.4&#8243; _module_preset=\u00bbdefault\u00bb border_radii=\u00bbon|20px|20px|20px|20px\u00bb box_shadow_style=\u00bbpreset1&#8243; global_colors_info=\u00bb{}\u00bb][\/et_pb_image][\/et_pb_column][et_pb_column type=\u00bb1_4&#8243; _builder_version=\u00bb4.27.4&#8243; _module_preset=\u00bbdefault\u00bb global_colors_info=\u00bb{}\u00bb][et_pb_blurb title=\u00bbCada persona es diferente\u00bb use_icon=\u00bbon\u00bb icon_placement=\u00bbleft\u00bb image_icon_width=\u00bb112%\u00bb _builder_version=\u00bb4.27.4&#8243; _module_preset=\u00bbdefault\u00bb global_colors_info=\u00bb{}\u00bb]<\/p>\n<blockquote>\n<p style=\"text-align: justify;\"><span>\u00a1Un ambiente amable y familiar es lo que nos caracteriza!\u00a0Os invitaremos a participar de fiestas, talleres y otras atividades que te permitir\u00e1n conocer de primera mano lo que hacen tus hijos e hijas en el aula.<\/span><\/p>\n<\/blockquote>\n<p>[\/et_pb_blurb][\/et_pb_column][\/et_pb_row][et_pb_row column_structure=\u00bb1_4,1_4,1_4,1_4&#8243; disabled_on=\u00bbon|on|on\u00bb _builder_version=\u00bb4.27.4&#8243; _module_preset=\u00bbdefault\u00bb disabled=\u00bbon\u00bb global_colors_info=\u00bb{}\u00bb][et_pb_column type=\u00bb1_4&#8243; _builder_version=\u00bb4.27.4&#8243; _module_preset=\u00bbdefault\u00bb global_colors_info=\u00bb{}\u00bb][et_pb_image src=\u00bbhttps:\/\/linares.salesianos.edu\/colegio\/wp-content\/uploads\/sites\/16\/2025\/01\/469351020_1202244391257027_7781586278225375982_n.jpg\u00bb title_text=\u00bb469351020_1202244391257027_7781586278225375982_n\u00bb _builder_version=\u00bb4.27.4&#8243; _module_preset=\u00bbdefault\u00bb border_radii=\u00bbon|20px|20px|20px|20px\u00bb box_shadow_style=\u00bbpreset1&#8243; global_colors_info=\u00bb{}\u00bb][\/et_pb_image][\/et_pb_column][et_pb_column type=\u00bb1_4&#8243; _builder_version=\u00bb4.27.4&#8243; _module_preset=\u00bbdefault\u00bb global_colors_info=\u00bb{}\u00bb][et_pb_blurb title=\u00bbNos acercamos a la figura Jes\u00fas\u00bb use_icon=\u00bbon\u00bb icon_placement=\u00bbleft\u00bb image_icon_width=\u00bb112%\u00bb _builder_version=\u00bb4.27.4&#8243; _module_preset=\u00bbdefault\u00bb global_colors_info=\u00bb{}\u00bb]<\/p>\n<blockquote>\n<p style=\"text-align: justify;\"><span>\u00bfQui\u00e9n es Jes\u00fas? \u00bfY Don Bosco? \u00bfQu\u00e9 es rezar? Durante esta etapa se inicia el primer acercamiento hacia la fe cristiana como herramienta para educar en valores y cultivar la interioridad.<\/span><\/p>\n<\/blockquote>\n<p>[\/et_pb_blurb][\/et_pb_column][et_pb_column type=\u00bb1_4&#8243; _builder_version=\u00bb4.27.4&#8243; _module_preset=\u00bbdefault\u00bb global_colors_info=\u00bb{}\u00bb][et_pb_image src=\u00bbhttps:\/\/linares.salesianos.edu\/colegio\/wp-content\/uploads\/sites\/16\/2025\/01\/462139223_1152648079549992_8443009242293247635_n.jpg\u00bb title_text=\u00bb462139223_1152648079549992_8443009242293247635_n\u00bb _builder_version=\u00bb4.27.4&#8243; _module_preset=\u00bbdefault\u00bb border_radii=\u00bbon|20px|20px|20px|20px\u00bb box_shadow_style=\u00bbpreset1&#8243; global_colors_info=\u00bb{}\u00bb][\/et_pb_image][\/et_pb_column][et_pb_column type=\u00bb1_4&#8243; _builder_version=\u00bb4.27.4&#8243; _module_preset=\u00bbdefault\u00bb global_colors_info=\u00bb{}\u00bb][et_pb_blurb title=\u00bbCuidamos los espacios\u00bb use_icon=\u00bbon\u00bb icon_placement=\u00bbleft\u00bb image_icon_width=\u00bb112%\u00bb _builder_version=\u00bb4.27.4&#8243; _module_preset=\u00bbdefault\u00bb global_colors_info=\u00bb{}\u00bb]<\/p>\n<blockquote>\n<p style=\"text-align: justify;\"><span>Infantil cuenta con su propio acceso para mayor tranquilidad del alumnado. Cada aula dispone de aseos a medida. Adem\u00e1s, contamos con una sala de psicomotricidad, aula de apoyo, comedor y patios diferenciados.<\/span><\/p>\n<\/blockquote>\n<p>[\/et_pb_blurb][\/et_pb_column][\/et_pb_row][\/et_pb_section]<\/p>\n","protected":false},"excerpt":{"rendered":"<p>Calder\u00f3n 1 &#8211; Una propuesta con sentido Las actividades de la tarde o de tiempo libre son oportunidades para acompa\u00f1ar\u00a0personalmente a nuestros alumnos, para\u00a0ayudarles a crecer\u00a0y a adquirir los\u00a0valores que queremos transmitir en las escuelas salesianas. En el Colegio Salesiano San Agust\u00edn somos conscientes de ello, y nos comprometemos a favorecer el desarrollo integralde nuestros [&hellip;]<\/p>\n","protected":false},"author":3,"featured_media":0,"parent":0,"menu_order":0,"comment_status":"closed","ping_status":"closed","template":"","meta":{"_et_pb_use_builder":"on","_et_pb_old_content":"","_et_gb_content_width":"","footnotes":""},"class_list":["post-6183","page","type-page","status-publish","hentry"],"yoast_head":"<!-- This site is optimized with the Yoast SEO plugin v27.4 - https:\/\/yoast.com\/product\/yoast-seo-wordpress\/ -->\n<title>Calder\u00f3n 1 - Colegio<\/title>\n<meta name=\"robots\" content=\"index, follow, max-snippet:-1, max-image-preview:large, max-video-preview:-1\" \/>\n<link rel=\"canonical\" href=\"https:\/\/linares.salesianos.edu\/colegio\/calderon-1\/\" \/>\n<meta property=\"og:locale\" content=\"es_ES\" \/>\n<meta property=\"og:type\" content=\"article\" \/>\n<meta property=\"og:title\" content=\"Calder\u00f3n 1 - Colegio\" \/>\n<meta property=\"og:description\" content=\"Calder\u00f3n 1 - Una propuesta con sentido Las actividades de la tarde o de tiempo libre son oportunidades para acompa\u00f1ar\u00a0personalmente a nuestros alumnos, para\u00a0ayudarles a crecer\u00a0y a adquirir los\u00a0valores que queremos transmitir en las escuelas salesianas. En el Colegio Salesiano San Agust\u00edn somos conscientes de ello, y nos comprometemos a favorecer el desarrollo integralde nuestros [&hellip;]\" \/>\n<meta property=\"og:url\" content=\"https:\/\/linares.salesianos.edu\/colegio\/calderon-1\/\" \/>\n<meta property=\"og:site_name\" content=\"Colegio\" \/>\n<meta property=\"article:modified_time\" content=\"2026-01-16T12:52:33+00:00\" \/>\n<meta name=\"twitter:card\" content=\"summary_large_image\" \/>\n<meta name=\"twitter:label1\" content=\"Tiempo de lectura\" \/>\n\t<meta name=\"twitter:data1\" content=\"3 minutos\" \/>\n<script type=\"application\/ld+json\" class=\"yoast-schema-graph\">{\"@context\":\"https:\\\/\\\/schema.org\",\"@graph\":[{\"@type\":\"WebPage\",\"@id\":\"https:\\\/\\\/linares.salesianos.edu\\\/colegio\\\/calderon-1\\\/\",\"url\":\"https:\\\/\\\/linares.salesianos.edu\\\/colegio\\\/calderon-1\\\/\",\"name\":\"Calder\u00f3n 1 - Colegio\",\"isPartOf\":{\"@id\":\"https:\\\/\\\/linares.salesianos.edu\\\/colegio\\\/#website\"},\"datePublished\":\"2025-07-10T09:58:51+00:00\",\"dateModified\":\"2026-01-16T12:52:33+00:00\",\"breadcrumb\":{\"@id\":\"https:\\\/\\\/linares.salesianos.edu\\\/colegio\\\/calderon-1\\\/#breadcrumb\"},\"inLanguage\":\"es\",\"potentialAction\":[{\"@type\":\"ReadAction\",\"target\":[\"https:\\\/\\\/linares.salesianos.edu\\\/colegio\\\/calderon-1\\\/\"]}]},{\"@type\":\"BreadcrumbList\",\"@id\":\"https:\\\/\\\/linares.salesianos.edu\\\/colegio\\\/calderon-1\\\/#breadcrumb\",\"itemListElement\":[{\"@type\":\"ListItem\",\"position\":1,\"name\":\"Portada\",\"item\":\"https:\\\/\\\/linares.salesianos.edu\\\/colegio\\\/\"},{\"@type\":\"ListItem\",\"position\":2,\"name\":\"Calder\u00f3n 1\"}]},{\"@type\":\"WebSite\",\"@id\":\"https:\\\/\\\/linares.salesianos.edu\\\/colegio\\\/#website\",\"url\":\"https:\\\/\\\/linares.salesianos.edu\\\/colegio\\\/\",\"name\":\"Colegio\",\"description\":\"P\u00e1gina oficial Salesianos Linares\",\"potentialAction\":[{\"@type\":\"SearchAction\",\"target\":{\"@type\":\"EntryPoint\",\"urlTemplate\":\"https:\\\/\\\/linares.salesianos.edu\\\/colegio\\\/?s={search_term_string}\"},\"query-input\":{\"@type\":\"PropertyValueSpecification\",\"valueRequired\":true,\"valueName\":\"search_term_string\"}}],\"inLanguage\":\"es\"}]}<\/script>\n<!-- \/ Yoast SEO plugin. -->","yoast_head_json":{"title":"Calder\u00f3n 1 - Colegio","robots":{"index":"index","follow":"follow","max-snippet":"max-snippet:-1","max-image-preview":"max-image-preview:large","max-video-preview":"max-video-preview:-1"},"canonical":"https:\/\/linares.salesianos.edu\/colegio\/calderon-1\/","og_locale":"es_ES","og_type":"article","og_title":"Calder\u00f3n 1 - Colegio","og_description":"Calder\u00f3n 1 - Una propuesta con sentido Las actividades de la tarde o de tiempo libre son oportunidades para acompa\u00f1ar\u00a0personalmente a nuestros alumnos, para\u00a0ayudarles a crecer\u00a0y a adquirir los\u00a0valores que queremos transmitir en las escuelas salesianas. En el Colegio Salesiano San Agust\u00edn somos conscientes de ello, y nos comprometemos a favorecer el desarrollo integralde nuestros [&hellip;]","og_url":"https:\/\/linares.salesianos.edu\/colegio\/calderon-1\/","og_site_name":"Colegio","article_modified_time":"2026-01-16T12:52:33+00:00","twitter_card":"summary_large_image","twitter_misc":{"Tiempo de lectura":"3 minutos"},"schema":{"@context":"https:\/\/schema.org","@graph":[{"@type":"WebPage","@id":"https:\/\/linares.salesianos.edu\/colegio\/calderon-1\/","url":"https:\/\/linares.salesianos.edu\/colegio\/calderon-1\/","name":"Calder\u00f3n 1 - Colegio","isPartOf":{"@id":"https:\/\/linares.salesianos.edu\/colegio\/#website"},"datePublished":"2025-07-10T09:58:51+00:00","dateModified":"2026-01-16T12:52:33+00:00","breadcrumb":{"@id":"https:\/\/linares.salesianos.edu\/colegio\/calderon-1\/#breadcrumb"},"inLanguage":"es","potentialAction":[{"@type":"ReadAction","target":["https:\/\/linares.salesianos.edu\/colegio\/calderon-1\/"]}]},{"@type":"BreadcrumbList","@id":"https:\/\/linares.salesianos.edu\/colegio\/calderon-1\/#breadcrumb","itemListElement":[{"@type":"ListItem","position":1,"name":"Portada","item":"https:\/\/linares.salesianos.edu\/colegio\/"},{"@type":"ListItem","position":2,"name":"Calder\u00f3n 1"}]},{"@type":"WebSite","@id":"https:\/\/linares.salesianos.edu\/colegio\/#website","url":"https:\/\/linares.salesianos.edu\/colegio\/","name":"Colegio","description":"P\u00e1gina oficial Salesianos Linares","potentialAction":[{"@type":"SearchAction","target":{"@type":"EntryPoint","urlTemplate":"https:\/\/linares.salesianos.edu\/colegio\/?s={search_term_string}"},"query-input":{"@type":"PropertyValueSpecification","valueRequired":true,"valueName":"search_term_string"}}],"inLanguage":"es"}]}},"_links":{"self":[{"href":"https:\/\/linares.salesianos.edu\/colegio\/wp-json\/wp\/v2\/pages\/6183","targetHints":{"allow":["GET"]}}],"collection":[{"href":"https:\/\/linares.salesianos.edu\/colegio\/wp-json\/wp\/v2\/pages"}],"about":[{"href":"https:\/\/linares.salesianos.edu\/colegio\/wp-json\/wp\/v2\/types\/page"}],"author":[{"embeddable":true,"href":"https:\/\/linares.salesianos.edu\/colegio\/wp-json\/wp\/v2\/users\/3"}],"replies":[{"embeddable":true,"href":"https:\/\/linares.salesianos.edu\/colegio\/wp-json\/wp\/v2\/comments?post=6183"}],"version-history":[{"count":7,"href":"https:\/\/linares.salesianos.edu\/colegio\/wp-json\/wp\/v2\/pages\/6183\/revisions"}],"predecessor-version":[{"id":6242,"href":"https:\/\/linares.salesianos.edu\/colegio\/wp-json\/wp\/v2\/pages\/6183\/revisions\/6242"}],"wp:attachment":[{"href":"https:\/\/linares.salesianos.edu\/colegio\/wp-json\/wp\/v2\/media?parent=6183"}],"curies":[{"name":"wp","href":"https:\/\/api.w.org\/{rel}","templated":true}]}}